{"id":15142,"date":"2025-05-14T17:00:14","date_gmt":"2025-05-14T22:00:14","guid":{"rendered":"https:\/\/laspalomasresort.net\/ofertas\/paquetes-de-golf\/"},"modified":"2026-01-21T16:18:41","modified_gmt":"2026-01-21T22:18:41","slug":"paquetes-de-golf","status":"publish","type":"page","link":"https:\/\/laspalomasresort.net\/es\/ofertas\/paquetes-de-golf\/","title":{"rendered":"Paquetes de golf"},"content":{"rendered":"\t\t<div data-elementor-type=\"wp-page\" data-elementor-id=\"15142\" class=\"elementor elementor-15142 elementor-13928\" data-elementor-post-type=\"page\">\n\t\t\t\t<div class=\"elementor-element elementor-element-aa61573 e-flex e-con-boxed e-con e-parent\" data-id=\"aa61573\" data-element_type=\"container\" data-e-type=\"container\" data-settings=\"{&quot;background_background&quot;:&quot;classic&quot;}\">\n\t\t\t\t\t<div class=\"e-con-inner\">\n\t\t\t\t<div class=\"elementor-element elementor-element-0467f6b elementor-widget elementor-widget-heading\" data-id=\"0467f6b\" data-element_type=\"widget\" data-e-type=\"widget\" data-widget_type=\"heading.default\">\n\t\t\t\t<div class=\"elementor-widget-container\">\n\t\t\t\t\t<h2 class=\"elementor-heading-title elementor-size-default\">Paquetes de golf<\/h2>\t\t\t\t<\/div>\n\t\t\t\t<\/div>\n\t\t\t\t\t<\/div>\n\t\t\t\t<\/div>\n\t\t<div class=\"elementor-element elementor-element-f191973 e-flex e-con-boxed e-con e-parent\" data-id=\"f191973\" data-element_type=\"container\" data-e-type=\"container\">\n\t\t\t\t\t<div class=\"e-con-inner\">\n\t\t\t\t<div class=\"elementor-element elementor-element-e707a4f elementor-widget elementor-widget-heading\" data-id=\"e707a4f\" data-element_type=\"widget\" data-e-type=\"widget\" data-widget_type=\"heading.default\">\n\t\t\t\t<div class=\"elementor-widget-container\">\n\t\t\t\t\t<h2 class=\"elementor-heading-title elementor-size-default\">Comienza tu Juego en el Para\u00edso<\/h2>\t\t\t\t<\/div>\n\t\t\t\t<\/div>\n\t\t\t\t<div class=\"elementor-element elementor-element-5cf89e8 elementor-widget__width-initial elementor-widget elementor-widget-text-editor\" data-id=\"5cf89e8\" data-element_type=\"widget\" data-e-type=\"widget\" data-widget_type=\"text-editor.default\">\n\t\t\t\t<div class=\"elementor-widget-container\">\n\t\t\t\t\t\t\t\t\t<p><span style=\"font-weight: 400;\">Descubre la escapada de golf favorita en Las Palomas Beach &amp; Golf Resort. Ya sea que est\u00e9s planeando una escapada entre semana o un fin de semana completo de juego, nuestros exclusivos paquetes de golf en M\u00e9xico te permiten disfrutar de \u201cThe Links at Las Palomas\u201d, un campo de campeonato de 18 hoyos de clase mundial con el impresionante Mar de Cort\u00e9s como tel\u00f3n de fondo. Perfecciona tu swing, reta tus habilidades y rel\u00e1jate con lujo gracias a paquetes dise\u00f1ados para amantes del golf de todos los niveles.  <\/span><\/p>\t\t\t\t\t\t\t\t<\/div>\n\t\t\t\t<\/div>\n\t\t\t\t\t<\/div>\n\t\t\t\t<\/div>\n\t\t\t\t<section class=\"elementor-section elementor-top-section elementor-element elementor-element-e2e750b elementor-section-stretched elementor-section-content-middle elementor-section-boxed elementor-section-height-default elementor-section-height-default\" data-id=\"e2e750b\" data-element_type=\"section\" data-e-type=\"section\" data-settings=\"{&quot;stretch_section&quot;:&quot;section-stretched&quot;,&quot;background_background&quot;:&quot;classic&quot;}\">\n\t\t\t\t\t\t<div class=\"elementor-container elementor-column-gap-default\">\n\t\t\t\t\t<div class=\"elementor-column elementor-col-50 elementor-top-column elementor-element elementor-element-a8194f9\" data-id=\"a8194f9\" data-element_type=\"column\" data-e-type=\"column\">\n\t\t\t<div class=\"elementor-widget-wrap elementor-element-populated\">\n\t\t\t\t\t\t<div class=\"elementor-element elementor-element-ea009d4 elementor-widget elementor-widget-image\" data-id=\"ea009d4\" data-element_type=\"widget\" data-e-type=\"widget\" data-widget_type=\"image.default\">\n\t\t\t\t<div class=\"elementor-widget-container\">\n\t\t\t\t\t\t\t\t\t\t\t\t\t\t\t<img fetchpriority=\"high\" decoding=\"async\" width=\"2560\" height=\"1707\" src=\"https:\/\/laspalomasresort.net\/wp-content\/uploads\/2025\/12\/DSC03258-HDR-scaled.jpg\" class=\"attachment-full size-full wp-image-16191\" alt=\"\" srcset=\"https:\/\/laspalomasresort.net\/wp-content\/uploads\/2025\/12\/DSC03258-HDR-scaled.jpg 2560w, https:\/\/laspalomasresort.net\/wp-content\/uploads\/2025\/12\/DSC03258-HDR-300x200.jpg 300w, https:\/\/laspalomasresort.net\/wp-content\/uploads\/2025\/12\/DSC03258-HDR-1024x683.jpg 1024w, https:\/\/laspalomasresort.net\/wp-content\/uploads\/2025\/12\/DSC03258-HDR-768x512.jpg 768w, https:\/\/laspalomasresort.net\/wp-content\/uploads\/2025\/12\/DSC03258-HDR-1536x1024.jpg 1536w, https:\/\/laspalomasresort.net\/wp-content\/uploads\/2025\/12\/DSC03258-HDR-2048x1365.jpg 2048w\" sizes=\"(max-width: 2560px) 100vw, 2560px\" \/>\t\t\t\t\t\t\t\t\t\t\t\t\t\t\t<\/div>\n\t\t\t\t<\/div>\n\t\t\t\t\t<\/div>\n\t\t<\/div>\n\t\t\t\t<div class=\"elementor-column elementor-col-50 elementor-top-column elementor-element elementor-element-0328607\" data-id=\"0328607\" data-element_type=\"column\" data-e-type=\"column\">\n\t\t\t<div class=\"elementor-widget-wrap elementor-element-populated\">\n\t\t\t\t\t\t<div class=\"elementor-element elementor-element-e944b9f elementor-widget elementor-widget-heading\" data-id=\"e944b9f\" data-element_type=\"widget\" data-e-type=\"widget\" data-widget_type=\"heading.default\">\n\t\t\t\t<div class=\"elementor-widget-container\">\n\t\t\t\t\t<h2 class=\"elementor-heading-title elementor-size-default\">Juega , hospedate y disfruta de la temporada, solo en Las Palomas Beach and Golf Resort<\/h2>\t\t\t\t<\/div>\n\t\t\t\t<\/div>\n\t\t\t\t<div class=\"elementor-element elementor-element-470dc77 elementor-widget elementor-widget-text-editor\" data-id=\"470dc77\" data-element_type=\"widget\" data-e-type=\"widget\" data-widget_type=\"text-editor.default\">\n\t\t\t\t<div class=\"elementor-widget-container\">\n\t\t\t\t\t\t\t\t\t<p>Hosp\u00e9date entre <strong>el 01 de diciembre de 2025 y el 28 de febrero de 202<\/strong>6 en un condominio frente al mar completamente equipado y disfruta de:<\/p><ul class=\"wp-block-list\"><li>Golf diario ilimitado<\/li><li>20 % de descuento en todos los platillos y bebidas a la carta.<\/li><li>25 % de descuento sobre la tarifa habitual de estancia.<\/li><li>Servicio de limpieza diario incluido.<\/li><li>Servicio de toallas para la piscina.<\/li><li>HOLE19<\/li><\/ul>\t\t\t\t\t\t\t\t<\/div>\n\t\t\t\t<\/div>\n\t\t\t\t<div class=\"elementor-element elementor-element-59d655b elementor-widget elementor-widget-button\" data-id=\"59d655b\" data-element_type=\"widget\" data-e-type=\"widget\" data-widget_type=\"button.default\">\n\t\t\t\t<div class=\"elementor-widget-container\">\n\t\t\t\t\t\t\t\t\t<div class=\"elementor-button-wrapper\">\n\t\t\t\t\t<a class=\"elementor-button elementor-button-link elementor-size-sm\" href=\"https:\/\/laspalomasresort.net\/es\/offer\/hole19\/\">\n\t\t\t\t\t\t<span class=\"elementor-button-content-wrapper\">\n\t\t\t\t\t\t\t\t\t<span class=\"elementor-button-text\">Reservar Paquete de Golf<\/span>\n\t\t\t\t\t<\/span>\n\t\t\t\t\t<\/a>\n\t\t\t\t<\/div>\n\t\t\t\t\t\t\t\t<\/div>\n\t\t\t\t<\/div>\n\t\t\t\t\t<\/div>\n\t\t<\/div>\n\t\t\t\t\t<\/div>\n\t\t<\/section>\n\t\t\t\t<section class=\"elementor-section elementor-top-section elementor-element elementor-element-4d9ce09 elementor-section-stretched elementor-section-content-middle elementor-reverse-mobile elementor-section-boxed elementor-section-height-default elementor-section-height-default\" data-id=\"4d9ce09\" data-element_type=\"section\" data-e-type=\"section\" data-settings=\"{&quot;stretch_section&quot;:&quot;section-stretched&quot;,&quot;background_background&quot;:&quot;classic&quot;}\">\n\t\t\t\t\t\t<div class=\"elementor-container elementor-column-gap-default\">\n\t\t\t\t\t<div class=\"elementor-column elementor-col-50 elementor-top-column elementor-element elementor-element-6b772d7\" data-id=\"6b772d7\" data-element_type=\"column\" data-e-type=\"column\">\n\t\t\t<div class=\"elementor-widget-wrap elementor-element-populated\">\n\t\t\t\t\t\t<div class=\"elementor-element elementor-element-b5e57b2 elementor-widget elementor-widget-heading\" data-id=\"b5e57b2\" data-element_type=\"widget\" data-e-type=\"widget\" data-widget_type=\"heading.default\">\n\t\t\t\t<div class=\"elementor-widget-container\">\n\t\t\t\t\t<h2 class=\"elementor-heading-title elementor-size-default\">Juega , hospedate y disfruta de la temporada, solo en Las Palomas Beach and Golf Resort.<\/h2>\t\t\t\t<\/div>\n\t\t\t\t<\/div>\n\t\t\t\t<div class=\"elementor-element elementor-element-e71e3e7 elementor-widget elementor-widget-text-editor\" data-id=\"e71e3e7\" data-element_type=\"widget\" data-e-type=\"widget\" data-widget_type=\"text-editor.default\">\n\t\t\t\t<div class=\"elementor-widget-container\">\n\t\t\t\t\t\t\t\t\t<p>Hosp\u00e9date entre <strong>el 01 de diciembre de 2025 y el 28 de febrero de 2025<\/strong> en un condominio frente al mar completamente equipado y disfruta de:<\/p>\n<ul class=\"wp-block-list\">\n<li>Golf diario ilimitado<\/li>\n<li>20 % de descuento en todos los platillos y bebidas a la carta.<\/li>\n<li>15 % de descuento sobre la tarifa habitual de estancia.<\/li>\n<li>Servicio de limpieza diario incluido.<\/li>\n<li>Servicio de toallas para la piscina.<\/li><li>GOLF25<\/li>\n<\/ul>\t\t\t\t\t\t\t\t<\/div>\n\t\t\t\t<\/div>\n\t\t\t\t<div class=\"elementor-element elementor-element-67c477a elementor-widget elementor-widget-button\" data-id=\"67c477a\" data-element_type=\"widget\" data-e-type=\"widget\" data-widget_type=\"button.default\">\n\t\t\t\t<div class=\"elementor-widget-container\">\n\t\t\t\t\t\t\t\t\t<div class=\"elementor-button-wrapper\">\n\t\t\t\t\t<a class=\"elementor-button elementor-button-link elementor-size-sm\" href=\"https:\/\/laspalomasresort.net\/es\/offer\/golf25\/\">\n\t\t\t\t\t\t<span class=\"elementor-button-content-wrapper\">\n\t\t\t\t\t\t\t\t\t<span class=\"elementor-button-text\">Reservar Paquete de Golf<\/span>\n\t\t\t\t\t<\/span>\n\t\t\t\t\t<\/a>\n\t\t\t\t<\/div>\n\t\t\t\t\t\t\t\t<\/div>\n\t\t\t\t<\/div>\n\t\t\t\t\t<\/div>\n\t\t<\/div>\n\t\t\t\t<div class=\"elementor-column elementor-col-50 elementor-top-column elementor-element elementor-element-9d1f655\" data-id=\"9d1f655\" data-element_type=\"column\" data-e-type=\"column\">\n\t\t\t<div class=\"elementor-widget-wrap elementor-element-populated\">\n\t\t\t\t\t\t<div class=\"elementor-element elementor-element-4b1af53 elementor-widget elementor-widget-image\" data-id=\"4b1af53\" data-element_type=\"widget\" data-e-type=\"widget\" data-widget_type=\"image.default\">\n\t\t\t\t<div class=\"elementor-widget-container\">\n\t\t\t\t\t\t\t\t\t\t\t\t\t\t\t<img decoding=\"async\" width=\"2560\" height=\"1707\" src=\"https:\/\/laspalomasresort.net\/wp-content\/uploads\/2025\/12\/Copy-of-DSC02854-HDR-scaled.jpeg\" class=\"attachment-full size-full wp-image-16163\" alt=\"\" srcset=\"https:\/\/laspalomasresort.net\/wp-content\/uploads\/2025\/12\/Copy-of-DSC02854-HDR-scaled.jpeg 2560w, https:\/\/laspalomasresort.net\/wp-content\/uploads\/2025\/12\/Copy-of-DSC02854-HDR-300x200.jpeg 300w, https:\/\/laspalomasresort.net\/wp-content\/uploads\/2025\/12\/Copy-of-DSC02854-HDR-1024x683.jpeg 1024w, https:\/\/laspalomasresort.net\/wp-content\/uploads\/2025\/12\/Copy-of-DSC02854-HDR-768x512.jpeg 768w, https:\/\/laspalomasresort.net\/wp-content\/uploads\/2025\/12\/Copy-of-DSC02854-HDR-1536x1024.jpeg 1536w, https:\/\/laspalomasresort.net\/wp-content\/uploads\/2025\/12\/Copy-of-DSC02854-HDR-2048x1366.jpeg 2048w\" sizes=\"(max-width: 2560px) 100vw, 2560px\" \/>\t\t\t\t\t\t\t\t\t\t\t\t\t\t\t<\/div>\n\t\t\t\t<\/div>\n\t\t\t\t\t<\/div>\n\t\t<\/div>\n\t\t\t\t\t<\/div>\n\t\t<\/section>\n\t\t\t\t<\/div>\n\t\t","protected":false},"excerpt":{"rendered":"<p>Paquetes de golf Comienza tu Juego en el Para\u00edso Descubre la escapada de golf favorita en Las Palomas Beach &amp; Golf Resort. Ya sea que est\u00e9s planeando una escapada entre semana o un fin de semana completo de juego, nuestros exclusivos paquetes de golf en M\u00e9xico te permiten disfrutar de \u201cThe Links at Las Palomas\u201d, [&hellip;]<\/p>\n","protected":false},"author":2,"featured_media":0,"parent":15137,"menu_order":0,"comment_status":"closed","ping_status":"closed","template":"elementor_header_footer","meta":{"_acf_changed":false,"footnotes":""},"class_list":["post-15142","page","type-page","status-publish","hentry"],"acf":[],"yoast_head":"<!-- This site is optimized with the Yoast SEO plugin v27.3 - https:\/\/yoast.com\/product\/yoast-seo-wordpress\/ -->\n<title>Paquetes de golf - Las Palomas<\/title>\n<meta name=\"robots\" content=\"index, follow, max-snippet:-1, max-image-preview:large, max-video-preview:-1\" \/>\n<link rel=\"canonical\" href=\"https:\/\/laspalomasresort.net\/es\/ofertas\/paquetes-de-golf\/\" \/>\n<meta property=\"og:locale\" content=\"es_MX\" \/>\n<meta property=\"og:type\" content=\"article\" \/>\n<meta property=\"og:title\" content=\"Paquetes de golf - Las Palomas\" \/>\n<meta property=\"og:description\" content=\"Paquetes de golf Comienza tu Juego en el Para\u00edso Descubre la escapada de golf favorita en Las Palomas Beach &amp; Golf Resort. Ya sea que est\u00e9s planeando una escapada entre semana o un fin de semana completo de juego, nuestros exclusivos paquetes de golf en M\u00e9xico te permiten disfrutar de \u201cThe Links at Las Palomas\u201d, [&hellip;]\" \/>\n<meta property=\"og:url\" content=\"https:\/\/laspalomasresort.net\/es\/ofertas\/paquetes-de-golf\/\" \/>\n<meta property=\"og:site_name\" content=\"Las Palomas\" \/>\n<meta property=\"article:modified_time\" content=\"2026-01-21T22:18:41+00:00\" \/>\n<meta property=\"og:image\" content=\"https:\/\/laspalomasresort.net\/wp-content\/uploads\/2025\/12\/DSC03258-HDR-scaled.jpg\" \/>\n\t<meta property=\"og:image:width\" content=\"2560\" \/>\n\t<meta property=\"og:image:height\" content=\"1707\" \/>\n\t<meta property=\"og:image:type\" content=\"image\/jpeg\" \/>\n<meta name=\"twitter:card\" content=\"summary_large_image\" \/>\n<meta name=\"twitter:label1\" content=\"Est. reading time\" \/>\n\t<meta name=\"twitter:data1\" content=\"2 minutos\" \/>\n<script type=\"application\/ld+json\" class=\"yoast-schema-graph\">{\"@context\":\"https:\\\/\\\/schema.org\",\"@graph\":[{\"@type\":\"WebPage\",\"@id\":\"https:\\\/\\\/laspalomasresort.net\\\/es\\\/ofertas\\\/paquetes-de-golf\\\/\",\"url\":\"https:\\\/\\\/laspalomasresort.net\\\/es\\\/ofertas\\\/paquetes-de-golf\\\/\",\"name\":\"Paquetes de golf - Las Palomas\",\"isPartOf\":{\"@id\":\"https:\\\/\\\/laspalomasresort.net\\\/es\\\/#website\"},\"primaryImageOfPage\":{\"@id\":\"https:\\\/\\\/laspalomasresort.net\\\/es\\\/ofertas\\\/paquetes-de-golf\\\/#primaryimage\"},\"image\":{\"@id\":\"https:\\\/\\\/laspalomasresort.net\\\/es\\\/ofertas\\\/paquetes-de-golf\\\/#primaryimage\"},\"thumbnailUrl\":\"https:\\\/\\\/laspalomasresort.net\\\/wp-content\\\/uploads\\\/2025\\\/12\\\/DSC03258-HDR-scaled.jpg\",\"datePublished\":\"2025-05-14T22:00:14+00:00\",\"dateModified\":\"2026-01-21T22:18:41+00:00\",\"breadcrumb\":{\"@id\":\"https:\\\/\\\/laspalomasresort.net\\\/es\\\/ofertas\\\/paquetes-de-golf\\\/#breadcrumb\"},\"inLanguage\":\"es\",\"potentialAction\":[{\"@type\":\"ReadAction\",\"target\":[\"https:\\\/\\\/laspalomasresort.net\\\/es\\\/ofertas\\\/paquetes-de-golf\\\/\"]}]},{\"@type\":\"ImageObject\",\"inLanguage\":\"es\",\"@id\":\"https:\\\/\\\/laspalomasresort.net\\\/es\\\/ofertas\\\/paquetes-de-golf\\\/#primaryimage\",\"url\":\"https:\\\/\\\/laspalomasresort.net\\\/wp-content\\\/uploads\\\/2025\\\/12\\\/DSC03258-HDR-scaled.jpg\",\"contentUrl\":\"https:\\\/\\\/laspalomasresort.net\\\/wp-content\\\/uploads\\\/2025\\\/12\\\/DSC03258-HDR-scaled.jpg\"},{\"@type\":\"BreadcrumbList\",\"@id\":\"https:\\\/\\\/laspalomasresort.net\\\/es\\\/ofertas\\\/paquetes-de-golf\\\/#breadcrumb\",\"itemListElement\":[{\"@type\":\"ListItem\",\"position\":1,\"name\":\"Home\",\"item\":\"https:\\\/\\\/laspalomasresort.net\\\/es\\\/\"},{\"@type\":\"ListItem\",\"position\":2,\"name\":\"Promociones Exclusivas\",\"item\":\"https:\\\/\\\/laspalomasresort.net\\\/es\\\/ofertas\\\/\"},{\"@type\":\"ListItem\",\"position\":3,\"name\":\"Paquetes de golf\"}]},{\"@type\":\"WebSite\",\"@id\":\"https:\\\/\\\/laspalomasresort.net\\\/es\\\/#website\",\"url\":\"https:\\\/\\\/laspalomasresort.net\\\/es\\\/\",\"name\":\"Las Palomas\",\"description\":\"\",\"potentialAction\":[{\"@type\":\"SearchAction\",\"target\":{\"@type\":\"EntryPoint\",\"urlTemplate\":\"https:\\\/\\\/laspalomasresort.net\\\/es\\\/?s={search_term_string}\"},\"query-input\":{\"@type\":\"PropertyValueSpecification\",\"valueRequired\":true,\"valueName\":\"search_term_string\"}}],\"inLanguage\":\"es\"}]}<\/script>\n<!-- \/ Yoast SEO plugin. -->","yoast_head_json":{"title":"Paquetes de golf - Las Palomas","robots":{"index":"index","follow":"follow","max-snippet":"max-snippet:-1","max-image-preview":"max-image-preview:large","max-video-preview":"max-video-preview:-1"},"canonical":"https:\/\/laspalomasresort.net\/es\/ofertas\/paquetes-de-golf\/","og_locale":"es_MX","og_type":"article","og_title":"Paquetes de golf - Las Palomas","og_description":"Paquetes de golf Comienza tu Juego en el Para\u00edso Descubre la escapada de golf favorita en Las Palomas Beach &amp; Golf Resort. Ya sea que est\u00e9s planeando una escapada entre semana o un fin de semana completo de juego, nuestros exclusivos paquetes de golf en M\u00e9xico te permiten disfrutar de \u201cThe Links at Las Palomas\u201d, [&hellip;]","og_url":"https:\/\/laspalomasresort.net\/es\/ofertas\/paquetes-de-golf\/","og_site_name":"Las Palomas","article_modified_time":"2026-01-21T22:18:41+00:00","og_image":[{"width":2560,"height":1707,"url":"https:\/\/laspalomasresort.net\/wp-content\/uploads\/2025\/12\/DSC03258-HDR-scaled.jpg","type":"image\/jpeg"}],"twitter_card":"summary_large_image","twitter_misc":{"Est. reading time":"2 minutos"},"schema":{"@context":"https:\/\/schema.org","@graph":[{"@type":"WebPage","@id":"https:\/\/laspalomasresort.net\/es\/ofertas\/paquetes-de-golf\/","url":"https:\/\/laspalomasresort.net\/es\/ofertas\/paquetes-de-golf\/","name":"Paquetes de golf - Las Palomas","isPartOf":{"@id":"https:\/\/laspalomasresort.net\/es\/#website"},"primaryImageOfPage":{"@id":"https:\/\/laspalomasresort.net\/es\/ofertas\/paquetes-de-golf\/#primaryimage"},"image":{"@id":"https:\/\/laspalomasresort.net\/es\/ofertas\/paquetes-de-golf\/#primaryimage"},"thumbnailUrl":"https:\/\/laspalomasresort.net\/wp-content\/uploads\/2025\/12\/DSC03258-HDR-scaled.jpg","datePublished":"2025-05-14T22:00:14+00:00","dateModified":"2026-01-21T22:18:41+00:00","breadcrumb":{"@id":"https:\/\/laspalomasresort.net\/es\/ofertas\/paquetes-de-golf\/#breadcrumb"},"inLanguage":"es","potentialAction":[{"@type":"ReadAction","target":["https:\/\/laspalomasresort.net\/es\/ofertas\/paquetes-de-golf\/"]}]},{"@type":"ImageObject","inLanguage":"es","@id":"https:\/\/laspalomasresort.net\/es\/ofertas\/paquetes-de-golf\/#primaryimage","url":"https:\/\/laspalomasresort.net\/wp-content\/uploads\/2025\/12\/DSC03258-HDR-scaled.jpg","contentUrl":"https:\/\/laspalomasresort.net\/wp-content\/uploads\/2025\/12\/DSC03258-HDR-scaled.jpg"},{"@type":"BreadcrumbList","@id":"https:\/\/laspalomasresort.net\/es\/ofertas\/paquetes-de-golf\/#breadcrumb","itemListElement":[{"@type":"ListItem","position":1,"name":"Home","item":"https:\/\/laspalomasresort.net\/es\/"},{"@type":"ListItem","position":2,"name":"Promociones Exclusivas","item":"https:\/\/laspalomasresort.net\/es\/ofertas\/"},{"@type":"ListItem","position":3,"name":"Paquetes de golf"}]},{"@type":"WebSite","@id":"https:\/\/laspalomasresort.net\/es\/#website","url":"https:\/\/laspalomasresort.net\/es\/","name":"Las Palomas","description":"","potentialAction":[{"@type":"SearchAction","target":{"@type":"EntryPoint","urlTemplate":"https:\/\/laspalomasresort.net\/es\/?s={search_term_string}"},"query-input":{"@type":"PropertyValueSpecification","valueRequired":true,"valueName":"search_term_string"}}],"inLanguage":"es"}]}},"_links":{"self":[{"href":"https:\/\/laspalomasresort.net\/es\/wp-json\/wp\/v2\/pages\/15142","targetHints":{"allow":["GET"]}}],"collection":[{"href":"https:\/\/laspalomasresort.net\/es\/wp-json\/wp\/v2\/pages"}],"about":[{"href":"https:\/\/laspalomasresort.net\/es\/wp-json\/wp\/v2\/types\/page"}],"author":[{"embeddable":true,"href":"https:\/\/laspalomasresort.net\/es\/wp-json\/wp\/v2\/users\/2"}],"replies":[{"embeddable":true,"href":"https:\/\/laspalomasresort.net\/es\/wp-json\/wp\/v2\/comments?post=15142"}],"version-history":[{"count":0,"href":"https:\/\/laspalomasresort.net\/es\/wp-json\/wp\/v2\/pages\/15142\/revisions"}],"up":[{"embeddable":true,"href":"https:\/\/laspalomasresort.net\/es\/wp-json\/wp\/v2\/pages\/15137"}],"wp:attachment":[{"href":"https:\/\/laspalomasresort.net\/es\/wp-json\/wp\/v2\/media?parent=15142"}],"curies":[{"name":"wp","href":"https:\/\/api.w.org\/{rel}","templated":true}]}}