{"id":15140,"date":"2025-05-14T12:11:44","date_gmt":"2025-05-14T12:11:44","guid":{"rendered":"https:\/\/laspalomasresort.net\/quienes-somos\/"},"modified":"2025-06-24T10:51:39","modified_gmt":"2025-06-24T15:51:39","slug":"quienes-somos","status":"publish","type":"page","link":"https:\/\/laspalomasresort.net\/es\/el-resort\/quienes-somos\/","title":{"rendered":"Sobre Nosotros"},"content":{"rendered":"\t\t<div data-elementor-type=\"wp-page\" data-elementor-id=\"15140\" class=\"elementor elementor-15140 elementor-13873\" data-elementor-post-type=\"page\">\n\t\t\t\t<div class=\"elementor-element elementor-element-aa61573 e-flex e-con-boxed e-con e-parent\" data-id=\"aa61573\" data-element_type=\"container\" data-e-type=\"container\" data-settings=\"{&quot;background_background&quot;:&quot;classic&quot;}\">\n\t\t\t\t\t<div class=\"e-con-inner\">\n\t\t\t\t<div class=\"elementor-element elementor-element-0467f6b elementor-widget elementor-widget-heading\" data-id=\"0467f6b\" data-element_type=\"widget\" data-e-type=\"widget\" data-widget_type=\"heading.default\">\n\t\t\t\t<div class=\"elementor-widget-container\">\n\t\t\t\t\t<h2 class=\"elementor-heading-title elementor-size-default\">Sobre Nosotros<\/h2>\t\t\t\t<\/div>\n\t\t\t\t<\/div>\n\t\t\t\t\t<\/div>\n\t\t\t\t<\/div>\n\t\t<div class=\"elementor-element elementor-element-f191973 e-flex e-con-boxed e-con e-parent\" data-id=\"f191973\" data-element_type=\"container\" data-e-type=\"container\">\n\t\t\t\t\t<div class=\"e-con-inner\">\n\t\t\t\t<div class=\"elementor-element elementor-element-e707a4f elementor-widget elementor-widget-heading\" data-id=\"e707a4f\" data-element_type=\"widget\" data-e-type=\"widget\" data-widget_type=\"heading.default\">\n\t\t\t\t<div class=\"elementor-widget-container\">\n\t\t\t\t\t<h2 class=\"elementor-heading-title elementor-size-default\">Qu\u00e9date. Saborea. Disfruta. Vive Las Palomas.   <\/h2>\t\t\t\t<\/div>\n\t\t\t\t<\/div>\n\t\t\t\t<div class=\"elementor-element elementor-element-5cf89e8 elementor-widget__width-initial elementor-widget elementor-widget-text-editor\" data-id=\"5cf89e8\" data-element_type=\"widget\" data-e-type=\"widget\" data-widget_type=\"text-editor.default\">\n\t\t\t\t<div class=\"elementor-widget-container\">\n\t\t\t\t\t\t\t\t\t<p><span style=\"font-weight: 400;\">Las Palomas Beach &amp; Golf Resort redefine el lujo costero al ofrecer una armoniosa combinaci\u00f3n de confort y encanto mexicano, complementado por un servicio de clase mundial y vistas panor\u00e1micas impresionantes del Mar de Cort\u00e9s.<\/span><\/p>\t\t\t\t\t\t\t\t<\/div>\n\t\t\t\t<\/div>\n\t\t\t\t\t<\/div>\n\t\t\t\t<\/div>\n\t\t\t\t<section class=\"elementor-section elementor-top-section elementor-element elementor-element-e2e750b elementor-section-stretched elementor-section-content-middle elementor-section-boxed elementor-section-height-default elementor-section-height-default\" data-id=\"e2e750b\" data-element_type=\"section\" data-e-type=\"section\" data-settings=\"{&quot;stretch_section&quot;:&quot;section-stretched&quot;,&quot;background_background&quot;:&quot;classic&quot;}\">\n\t\t\t\t\t\t<div class=\"elementor-container elementor-column-gap-default\">\n\t\t\t\t\t<div class=\"elementor-column elementor-col-50 elementor-top-column elementor-element elementor-element-a8194f9\" data-id=\"a8194f9\" data-element_type=\"column\" data-e-type=\"column\">\n\t\t\t<div class=\"elementor-widget-wrap elementor-element-populated\">\n\t\t\t\t\t\t<div class=\"elementor-element elementor-element-ea009d4 elementor-widget elementor-widget-image\" data-id=\"ea009d4\" data-element_type=\"widget\" data-e-type=\"widget\" data-widget_type=\"image.default\">\n\t\t\t\t<div class=\"elementor-widget-container\">\n\t\t\t\t\t\t\t\t\t\t\t\t\t\t\t<img fetchpriority=\"high\" decoding=\"async\" width=\"1200\" height=\"800\" src=\"https:\/\/laspalomasresort.net\/wp-content\/uploads\/2025\/05\/balcony-1.jpg\" class=\"attachment-full size-full wp-image-14898\" alt=\"\" srcset=\"https:\/\/laspalomasresort.net\/wp-content\/uploads\/2025\/05\/balcony-1.jpg 1200w, https:\/\/laspalomasresort.net\/wp-content\/uploads\/2025\/05\/balcony-1-300x200.jpg 300w, https:\/\/laspalomasresort.net\/wp-content\/uploads\/2025\/05\/balcony-1-1024x683.jpg 1024w, https:\/\/laspalomasresort.net\/wp-content\/uploads\/2025\/05\/balcony-1-768x512.jpg 768w\" sizes=\"(max-width: 1200px) 100vw, 1200px\" \/>\t\t\t\t\t\t\t\t\t\t\t\t\t\t\t<\/div>\n\t\t\t\t<\/div>\n\t\t\t\t\t<\/div>\n\t\t<\/div>\n\t\t\t\t<div class=\"elementor-column elementor-col-50 elementor-top-column elementor-element elementor-element-0328607\" data-id=\"0328607\" data-element_type=\"column\" data-e-type=\"column\">\n\t\t\t<div class=\"elementor-widget-wrap elementor-element-populated\">\n\t\t\t\t\t\t<div class=\"elementor-element elementor-element-470dc77 elementor-widget elementor-widget-text-editor\" data-id=\"470dc77\" data-element_type=\"widget\" data-e-type=\"widget\" data-widget_type=\"text-editor.default\">\n\t\t\t\t<div class=\"elementor-widget-container\">\n\t\t\t\t\t\t\t\t\t<p><span style=\"font-weight: 400;\">Descubre m\u00e1s de 1,000 condominios de lujo exquisitamente equipados, cada uno un santuario privado con terraza y espectaculares vistas al mar. Nuestras opciones de alojamiento van desde amplios refugios de una rec\u00e1mara hasta residencias de cinco rec\u00e1maras, ideales para cualquier estilo de viaje <\/span><\/p>\t\t\t\t\t\t\t\t<\/div>\n\t\t\t\t<\/div>\n\t\t\t\t<div class=\"elementor-element elementor-element-e71e3e7 elementor-widget elementor-widget-text-editor\" data-id=\"e71e3e7\" data-element_type=\"widget\" data-e-type=\"widget\" data-widget_type=\"text-editor.default\">\n\t\t\t\t<div class=\"elementor-widget-container\">\n\t\t\t\t\t\t\t\t\t<p><span style=\"font-weight: 400;\">En Las Palomas Beach &amp; Golf Resort, contamos con una impresionante variedad de espacios acu\u00e1ticos dise\u00f1ados para encantar a hu\u00e9spedes de todas las edades y capacidades. A lo largo de nuestras tres incre\u00edbles fases, encontrar\u00e1s un total de 9 albercas resplandecientes, perfectas para darte un refrescante chapuz\u00f3n bajo el c\u00e1lido sol de Puerto Pe\u00f1asco.  <\/span><\/p>\t\t\t\t\t\t\t\t<\/div>\n\t\t\t\t<\/div>\n\t\t\t\t\t<\/div>\n\t\t<\/div>\n\t\t\t\t\t<\/div>\n\t\t<\/section>\n\t\t\t\t<section class=\"elementor-section elementor-top-section elementor-element elementor-element-4d9ce09 elementor-section-stretched elementor-section-content-middle elementor-reverse-mobile elementor-section-boxed elementor-section-height-default elementor-section-height-default\" data-id=\"4d9ce09\" data-element_type=\"section\" data-e-type=\"section\" data-settings=\"{&quot;stretch_section&quot;:&quot;section-stretched&quot;,&quot;background_background&quot;:&quot;classic&quot;}\">\n\t\t\t\t\t\t<div class=\"elementor-container elementor-column-gap-default\">\n\t\t\t\t\t<div class=\"elementor-column elementor-col-50 elementor-top-column elementor-element elementor-element-6b772d7\" data-id=\"6b772d7\" data-element_type=\"column\" data-e-type=\"column\">\n\t\t\t<div class=\"elementor-widget-wrap elementor-element-populated\">\n\t\t\t\t\t\t<div class=\"elementor-element elementor-element-84242b6 elementor-widget elementor-widget-text-editor\" data-id=\"84242b6\" data-element_type=\"widget\" data-e-type=\"widget\" data-widget_type=\"text-editor.default\">\n\t\t\t\t<div class=\"elementor-widget-container\">\n\t\t\t\t\t\t\t\t\t<p><span style=\"font-weight: 400;\">Disfruta de m\u00e1s de 600 metros de playa virgen directamente frente al resort. D\u00e9jate cautivar por la gastronom\u00eda de nuestros dos restaurantes de primer nivel, socializa en tres animados bares en la alberca, saborea tu caf\u00e9 matutino en nuestra encantadora cafeter\u00eda y encuentra lo esencial del d\u00eda a d\u00eda en nuestra tienda de conveniencia dentro del resort. <\/span><\/p>\t\t\t\t\t\t\t\t<\/div>\n\t\t\t\t<\/div>\n\t\t\t\t<div class=\"elementor-element elementor-element-8a173f5 elementor-widget elementor-widget-text-editor\" data-id=\"8a173f5\" data-element_type=\"widget\" data-e-type=\"widget\" data-widget_type=\"text-editor.default\">\n\t\t\t\t<div class=\"elementor-widget-container\">\n\t\t\t\t\t\t\t\t\t<p><span style=\"font-weight: 400;\">Experimenta las \u00e1reas comunes m\u00e1s grandes de cualquier resort en Puerto Pe\u00f1asco, todo dentro de un entorno seguro que incluye entrada controlada, videovigilancia, estacionamiento techado y estaciones de carga para veh\u00edculos el\u00e9ctricos.<\/span><\/p>\t\t\t\t\t\t\t\t<\/div>\n\t\t\t\t<\/div>\n\t\t\t\t\t<\/div>\n\t\t<\/div>\n\t\t\t\t<div class=\"elementor-column elementor-col-50 elementor-top-column elementor-element elementor-element-9d1f655\" data-id=\"9d1f655\" data-element_type=\"column\" data-e-type=\"column\">\n\t\t\t<div class=\"elementor-widget-wrap elementor-element-populated\">\n\t\t\t\t\t\t<div class=\"elementor-element elementor-element-4b1af53 elementor-widget elementor-widget-image\" data-id=\"4b1af53\" data-element_type=\"widget\" data-e-type=\"widget\" data-widget_type=\"image.default\">\n\t\t\t\t<div class=\"elementor-widget-container\">\n\t\t\t\t\t\t\t\t\t\t\t\t\t\t\t<img decoding=\"async\" width=\"1200\" height=\"800\" src=\"https:\/\/laspalomasresort.net\/wp-content\/uploads\/2025\/05\/pool-view-1.jpg\" class=\"attachment-full size-full wp-image-14900\" alt=\"\" srcset=\"https:\/\/laspalomasresort.net\/wp-content\/uploads\/2025\/05\/pool-view-1.jpg 1200w, https:\/\/laspalomasresort.net\/wp-content\/uploads\/2025\/05\/pool-view-1-300x200.jpg 300w, https:\/\/laspalomasresort.net\/wp-content\/uploads\/2025\/05\/pool-view-1-1024x683.jpg 1024w, https:\/\/laspalomasresort.net\/wp-content\/uploads\/2025\/05\/pool-view-1-768x512.jpg 768w\" sizes=\"(max-width: 1200px) 100vw, 1200px\" \/>\t\t\t\t\t\t\t\t\t\t\t\t\t\t\t<\/div>\n\t\t\t\t<\/div>\n\t\t\t\t\t<\/div>\n\t\t<\/div>\n\t\t\t\t\t<\/div>\n\t\t<\/section>\n\t\t\t\t<section class=\"elementor-section elementor-top-section elementor-element elementor-element-cd156e6 elementor-section-stretched elementor-section-content-middle elementor-section-boxed elementor-section-height-default elementor-section-height-default\" data-id=\"cd156e6\" data-element_type=\"section\" data-e-type=\"section\" data-settings=\"{&quot;stretch_section&quot;:&quot;section-stretched&quot;,&quot;background_background&quot;:&quot;classic&quot;}\">\n\t\t\t\t\t\t<div class=\"elementor-container elementor-column-gap-default\">\n\t\t\t\t\t<div class=\"elementor-column elementor-col-50 elementor-top-column elementor-element elementor-element-9123158\" data-id=\"9123158\" data-element_type=\"column\" data-e-type=\"column\">\n\t\t\t<div class=\"elementor-widget-wrap elementor-element-populated\">\n\t\t\t\t\t\t<div class=\"elementor-element elementor-element-316250d elementor-widget elementor-widget-image\" data-id=\"316250d\" data-element_type=\"widget\" data-e-type=\"widget\" data-widget_type=\"image.default\">\n\t\t\t\t<div class=\"elementor-widget-container\">\n\t\t\t\t\t\t\t\t\t\t\t\t\t\t\t<img decoding=\"async\" width=\"1200\" height=\"800\" src=\"https:\/\/laspalomasresort.net\/wp-content\/uploads\/2025\/05\/palapas-on-beach-1.jpg\" class=\"attachment-full size-full wp-image-14902\" alt=\"\" srcset=\"https:\/\/laspalomasresort.net\/wp-content\/uploads\/2025\/05\/palapas-on-beach-1.jpg 1200w, https:\/\/laspalomasresort.net\/wp-content\/uploads\/2025\/05\/palapas-on-beach-1-300x200.jpg 300w, https:\/\/laspalomasresort.net\/wp-content\/uploads\/2025\/05\/palapas-on-beach-1-1024x683.jpg 1024w, https:\/\/laspalomasresort.net\/wp-content\/uploads\/2025\/05\/palapas-on-beach-1-768x512.jpg 768w\" sizes=\"(max-width: 1200px) 100vw, 1200px\" \/>\t\t\t\t\t\t\t\t\t\t\t\t\t\t\t<\/div>\n\t\t\t\t<\/div>\n\t\t\t\t\t<\/div>\n\t\t<\/div>\n\t\t\t\t<div class=\"elementor-column elementor-col-50 elementor-top-column elementor-element elementor-element-d81fb4f\" data-id=\"d81fb4f\" data-element_type=\"column\" data-e-type=\"column\">\n\t\t\t<div class=\"elementor-widget-wrap elementor-element-populated\">\n\t\t\t\t\t\t<div class=\"elementor-element elementor-element-40526e2 elementor-widget elementor-widget-heading\" data-id=\"40526e2\" data-element_type=\"widget\" data-e-type=\"widget\" data-widget_type=\"heading.default\">\n\t\t\t\t<div class=\"elementor-widget-container\">\n\t\t\t\t\t<h2 class=\"elementor-heading-title elementor-size-default\">Descubre lo extraordinario<\/h2>\t\t\t\t<\/div>\n\t\t\t\t<\/div>\n\t\t\t\t<div class=\"elementor-element elementor-element-8f91530 elementor-widget elementor-widget-text-editor\" data-id=\"8f91530\" data-element_type=\"widget\" data-e-type=\"widget\" data-widget_type=\"text-editor.default\">\n\t\t\t\t<div class=\"elementor-widget-container\">\n\t\t\t\t\t\t\t\t\t<p><span style=\"font-weight: 400;\">Rodeado por la belleza natural del Mar de Cort\u00e9s\u2014descrito por Jacques Cousteau como \u201cel acuario del mundo\u201d\u2014Las Palomas ofrece una escapada inigualable donde el lujo se encuentra con la aventura. Para quienes desean explorar m\u00e1s all\u00e1 del resort, tambi\u00e9n nos encontramos cerca del Sitio Patrimonio Mundial de la UNESCO El Pinacate y el Gran Desierto de Altar, el quinto desierto m\u00e1s grande del mundo. Ya sea que vengas a relajarte, divertirte, celebrar o explorar, tus vacaciones perfectas comienzan aqu\u00ed.  <\/span><\/p>\t\t\t\t\t\t\t\t<\/div>\n\t\t\t\t<\/div>\n\t\t\t\t\t<\/div>\n\t\t<\/div>\n\t\t\t\t\t<\/div>\n\t\t<\/section>\n\t\t\t\t<section class=\"elementor-section elementor-top-section elementor-element elementor-element-4c2e22c elementor-section-stretched elementor-section-content-middle elementor-reverse-mobile elementor-section-boxed elementor-section-height-default elementor-section-height-default\" data-id=\"4c2e22c\" data-element_type=\"section\" data-e-type=\"section\" data-settings=\"{&quot;stretch_section&quot;:&quot;section-stretched&quot;,&quot;background_background&quot;:&quot;classic&quot;}\">\n\t\t\t\t\t\t<div class=\"elementor-container elementor-column-gap-default\">\n\t\t\t\t\t<div class=\"elementor-column elementor-col-50 elementor-top-column elementor-element elementor-element-cebd46a\" data-id=\"cebd46a\" data-element_type=\"column\" data-e-type=\"column\">\n\t\t\t<div class=\"elementor-widget-wrap elementor-element-populated\">\n\t\t\t\t\t\t<div class=\"elementor-element elementor-element-f6fbfa1 elementor-widget elementor-widget-heading\" data-id=\"f6fbfa1\" data-element_type=\"widget\" data-e-type=\"widget\" data-widget_type=\"heading.default\">\n\t\t\t\t<div class=\"elementor-widget-container\">\n\t\t\t\t\t<h2 class=\"elementor-heading-title elementor-size-default\">Detalles del hotel<\/h2>\t\t\t\t<\/div>\n\t\t\t\t<\/div>\n\t\t\t\t<div class=\"elementor-element elementor-element-33f3689 elementor-widget elementor-widget-text-editor\" data-id=\"33f3689\" data-element_type=\"widget\" data-e-type=\"widget\" data-widget_type=\"text-editor.default\">\n\t\t\t\t<div class=\"elementor-widget-container\">\n\t\t\t\t\t\t\t\t\t<p><b>Direcci\u00f3n:<\/b><span style=\"font-weight: 400;\">  Blvd. Costero #150. Col. Sandy Beach, Puerto Pe\u00f1asco, Sonora 83550.  <\/span><\/p><p><b>Tel\u00e9fono:<\/b><span style=\"font-weight: 400;\"> Desde EE.UU. Sin Costo <a href=\"tel:1-866-360-2324\">1-866-360-2324<\/a> Desde M\u00e9xico <a href=\"tel:800-108-1006\">800-108-1006<\/a><\/span><span style=\"font-weight: 400;\"><br><\/span><b>Correo electr\u00f3nico<\/b><a href=\"mailto:reservations@laspalomasresort.net\"><span style=\"font-weight: 400;\"> reservations@laspalomasresort.net<\/span><\/a><\/p><p> <\/p><p><b>Check-in:<\/b><span style=\"font-weight: 400;\"> 16:00<\/span><\/p><p><b>Salida <\/b><span style=\"font-weight: 400;\">11:00<\/span><\/p><p> <\/p><p><b>Condominios:<\/b><span style=\"font-weight: 400;\"> 1,000<\/span><\/p><p> <\/p><p><b>Formas de Pago:<\/b><\/p><ul><li style=\"font-weight: 400;\" aria-level=\"1\"><span style=\"font-weight: 400;\">Aceptamos Visa, Master Card, American Express, PayPal y PayPal Credit.<\/span><\/li><li style=\"font-weight: 400;\" aria-level=\"1\"><span style=\"font-weight: 400;\">No aceptamos tarjetas Discover.<\/span><\/li><\/ul><p><b>Pol\u00edticas de Estancia:<\/b><\/p><ul><li style=\"font-weight: 400;\" aria-level=\"1\"><span style=\"font-weight: 400;\">Edad m\u00ednima para rentar: 25 a\u00f1os <\/span><\/li><li style=\"font-weight: 400;\" aria-level=\"1\"><span style=\"font-weight: 400;\">No se permite fumar<\/span><\/li><li style=\"font-weight: 400;\" aria-level=\"1\"><span style=\"font-weight: 400;\">Accesible para personas en silla de ruedas<\/span><\/li><li style=\"font-weight: 400;\" aria-level=\"1\"><span style=\"font-weight: 400;\">Ni\u00f1os bienvenidos<\/span><\/li><li style=\"font-weight: 400;\" aria-level=\"1\"><span style=\"font-weight: 400;\">No se permiten mascotas<\/span><\/li><\/ul>\t\t\t\t\t\t\t\t<\/div>\n\t\t\t\t<\/div>\n\t\t\t\t\t<\/div>\n\t\t<\/div>\n\t\t\t\t<div class=\"elementor-column elementor-col-50 elementor-top-column elementor-element elementor-element-be6233b\" data-id=\"be6233b\" data-element_type=\"column\" data-e-type=\"column\">\n\t\t\t<div class=\"elementor-widget-wrap elementor-element-populated\">\n\t\t\t\t\t\t<div class=\"elementor-element elementor-element-4e3ebaf elementor-widget elementor-widget-image\" data-id=\"4e3ebaf\" data-element_type=\"widget\" data-e-type=\"widget\" data-widget_type=\"image.default\">\n\t\t\t\t<div class=\"elementor-widget-container\">\n\t\t\t\t\t\t\t\t\t\t\t\t\t\t\t<img loading=\"lazy\" decoding=\"async\" width=\"1200\" height=\"800\" src=\"https:\/\/laspalomasresort.net\/wp-content\/uploads\/2025\/05\/resort-at-night-1.jpg\" class=\"attachment-full size-full wp-image-14904\" alt=\"\" srcset=\"https:\/\/laspalomasresort.net\/wp-content\/uploads\/2025\/05\/resort-at-night-1.jpg 1200w, https:\/\/laspalomasresort.net\/wp-content\/uploads\/2025\/05\/resort-at-night-1-300x200.jpg 300w, https:\/\/laspalomasresort.net\/wp-content\/uploads\/2025\/05\/resort-at-night-1-1024x683.jpg 1024w, https:\/\/laspalomasresort.net\/wp-content\/uploads\/2025\/05\/resort-at-night-1-768x512.jpg 768w\" sizes=\"(max-width: 1200px) 100vw, 1200px\" \/>\t\t\t\t\t\t\t\t\t\t\t\t\t\t\t<\/div>\n\t\t\t\t<\/div>\n\t\t\t\t\t<\/div>\n\t\t<\/div>\n\t\t\t\t\t<\/div>\n\t\t<\/section>\n\t\t\t\t<\/div>\n\t\t","protected":false},"excerpt":{"rendered":"<p>Sobre Nosotros Qu\u00e9date. Saborea. Disfruta. Vive Las Palomas. Las Palomas Beach &amp; Golf Resort redefine el lujo costero al ofrecer una armoniosa combinaci\u00f3n de confort y encanto mexicano, complementado por un servicio de clase mundial y vistas panor\u00e1micas impresionantes del Mar de Cort\u00e9s. Descubre m\u00e1s de 1,000 condominios de lujo exquisitamente equipados, cada uno un [&hellip;]<\/p>\n","protected":false},"author":2,"featured_media":0,"parent":15145,"menu_order":0,"comment_status":"closed","ping_status":"closed","template":"elementor_header_footer","meta":{"_acf_changed":false,"footnotes":""},"class_list":["post-15140","page","type-page","status-publish","hentry"],"acf":[],"yoast_head":"<!-- This site is optimized with the Yoast SEO plugin v27.3 - https:\/\/yoast.com\/product\/yoast-seo-wordpress\/ -->\n<title>Sobre Nosotros - Las Palomas<\/title>\n<meta name=\"robots\" content=\"index, follow, max-snippet:-1, max-image-preview:large, max-video-preview:-1\" \/>\n<link rel=\"canonical\" href=\"https:\/\/laspalomasresort.net\/es\/el-resort\/quienes-somos\/\" \/>\n<meta property=\"og:locale\" content=\"es_MX\" \/>\n<meta property=\"og:type\" content=\"article\" \/>\n<meta property=\"og:title\" content=\"Sobre Nosotros - Las Palomas\" \/>\n<meta property=\"og:description\" content=\"Sobre Nosotros Qu\u00e9date. Saborea. Disfruta. Vive Las Palomas. Las Palomas Beach &amp; Golf Resort redefine el lujo costero al ofrecer una armoniosa combinaci\u00f3n de confort y encanto mexicano, complementado por un servicio de clase mundial y vistas panor\u00e1micas impresionantes del Mar de Cort\u00e9s. Descubre m\u00e1s de 1,000 condominios de lujo exquisitamente equipados, cada uno un [&hellip;]\" \/>\n<meta property=\"og:url\" content=\"https:\/\/laspalomasresort.net\/es\/el-resort\/quienes-somos\/\" \/>\n<meta property=\"og:site_name\" content=\"Las Palomas\" \/>\n<meta property=\"article:modified_time\" content=\"2025-06-24T15:51:39+00:00\" \/>\n<meta property=\"og:image\" content=\"https:\/\/laspalomasresort.net\/wp-content\/uploads\/2025\/05\/balcony-1.jpg\" \/>\n\t<meta property=\"og:image:width\" content=\"1200\" \/>\n\t<meta property=\"og:image:height\" content=\"800\" \/>\n\t<meta property=\"og:image:type\" content=\"image\/jpeg\" \/>\n<meta name=\"twitter:card\" content=\"summary_large_image\" \/>\n<meta name=\"twitter:label1\" content=\"Est. reading time\" \/>\n\t<meta name=\"twitter:data1\" content=\"2 minutos\" \/>\n<script type=\"application\/ld+json\" class=\"yoast-schema-graph\">{\"@context\":\"https:\\\/\\\/schema.org\",\"@graph\":[{\"@type\":\"WebPage\",\"@id\":\"https:\\\/\\\/laspalomasresort.net\\\/es\\\/el-resort\\\/quienes-somos\\\/\",\"url\":\"https:\\\/\\\/laspalomasresort.net\\\/es\\\/el-resort\\\/quienes-somos\\\/\",\"name\":\"Sobre Nosotros - Las Palomas\",\"isPartOf\":{\"@id\":\"https:\\\/\\\/laspalomasresort.net\\\/es\\\/#website\"},\"primaryImageOfPage\":{\"@id\":\"https:\\\/\\\/laspalomasresort.net\\\/es\\\/el-resort\\\/quienes-somos\\\/#primaryimage\"},\"image\":{\"@id\":\"https:\\\/\\\/laspalomasresort.net\\\/es\\\/el-resort\\\/quienes-somos\\\/#primaryimage\"},\"thumbnailUrl\":\"https:\\\/\\\/laspalomasresort.net\\\/wp-content\\\/uploads\\\/2025\\\/05\\\/balcony-1.jpg\",\"datePublished\":\"2025-05-14T12:11:44+00:00\",\"dateModified\":\"2025-06-24T15:51:39+00:00\",\"breadcrumb\":{\"@id\":\"https:\\\/\\\/laspalomasresort.net\\\/es\\\/el-resort\\\/quienes-somos\\\/#breadcrumb\"},\"inLanguage\":\"es\",\"potentialAction\":[{\"@type\":\"ReadAction\",\"target\":[\"https:\\\/\\\/laspalomasresort.net\\\/es\\\/el-resort\\\/quienes-somos\\\/\"]}]},{\"@type\":\"ImageObject\",\"inLanguage\":\"es\",\"@id\":\"https:\\\/\\\/laspalomasresort.net\\\/es\\\/el-resort\\\/quienes-somos\\\/#primaryimage\",\"url\":\"https:\\\/\\\/laspalomasresort.net\\\/wp-content\\\/uploads\\\/2025\\\/05\\\/balcony-1.jpg\",\"contentUrl\":\"https:\\\/\\\/laspalomasresort.net\\\/wp-content\\\/uploads\\\/2025\\\/05\\\/balcony-1.jpg\"},{\"@type\":\"BreadcrumbList\",\"@id\":\"https:\\\/\\\/laspalomasresort.net\\\/es\\\/el-resort\\\/quienes-somos\\\/#breadcrumb\",\"itemListElement\":[{\"@type\":\"ListItem\",\"position\":1,\"name\":\"Home\",\"item\":\"https:\\\/\\\/laspalomasresort.net\\\/es\\\/\"},{\"@type\":\"ListItem\",\"position\":2,\"name\":\"El Resort\",\"item\":\"https:\\\/\\\/laspalomasresort.net\\\/es\\\/el-resort\\\/\"},{\"@type\":\"ListItem\",\"position\":3,\"name\":\"Sobre Nosotros\"}]},{\"@type\":\"WebSite\",\"@id\":\"https:\\\/\\\/laspalomasresort.net\\\/es\\\/#website\",\"url\":\"https:\\\/\\\/laspalomasresort.net\\\/es\\\/\",\"name\":\"Las Palomas\",\"description\":\"\",\"potentialAction\":[{\"@type\":\"SearchAction\",\"target\":{\"@type\":\"EntryPoint\",\"urlTemplate\":\"https:\\\/\\\/laspalomasresort.net\\\/es\\\/?s={search_term_string}\"},\"query-input\":{\"@type\":\"PropertyValueSpecification\",\"valueRequired\":true,\"valueName\":\"search_term_string\"}}],\"inLanguage\":\"es\"}]}<\/script>\n<!-- \/ Yoast SEO plugin. -->","yoast_head_json":{"title":"Sobre Nosotros - Las Palomas","robots":{"index":"index","follow":"follow","max-snippet":"max-snippet:-1","max-image-preview":"max-image-preview:large","max-video-preview":"max-video-preview:-1"},"canonical":"https:\/\/laspalomasresort.net\/es\/el-resort\/quienes-somos\/","og_locale":"es_MX","og_type":"article","og_title":"Sobre Nosotros - Las Palomas","og_description":"Sobre Nosotros Qu\u00e9date. Saborea. Disfruta. Vive Las Palomas. Las Palomas Beach &amp; Golf Resort redefine el lujo costero al ofrecer una armoniosa combinaci\u00f3n de confort y encanto mexicano, complementado por un servicio de clase mundial y vistas panor\u00e1micas impresionantes del Mar de Cort\u00e9s. Descubre m\u00e1s de 1,000 condominios de lujo exquisitamente equipados, cada uno un [&hellip;]","og_url":"https:\/\/laspalomasresort.net\/es\/el-resort\/quienes-somos\/","og_site_name":"Las Palomas","article_modified_time":"2025-06-24T15:51:39+00:00","og_image":[{"width":1200,"height":800,"url":"https:\/\/laspalomasresort.net\/wp-content\/uploads\/2025\/05\/balcony-1.jpg","type":"image\/jpeg"}],"twitter_card":"summary_large_image","twitter_misc":{"Est. reading time":"2 minutos"},"schema":{"@context":"https:\/\/schema.org","@graph":[{"@type":"WebPage","@id":"https:\/\/laspalomasresort.net\/es\/el-resort\/quienes-somos\/","url":"https:\/\/laspalomasresort.net\/es\/el-resort\/quienes-somos\/","name":"Sobre Nosotros - Las Palomas","isPartOf":{"@id":"https:\/\/laspalomasresort.net\/es\/#website"},"primaryImageOfPage":{"@id":"https:\/\/laspalomasresort.net\/es\/el-resort\/quienes-somos\/#primaryimage"},"image":{"@id":"https:\/\/laspalomasresort.net\/es\/el-resort\/quienes-somos\/#primaryimage"},"thumbnailUrl":"https:\/\/laspalomasresort.net\/wp-content\/uploads\/2025\/05\/balcony-1.jpg","datePublished":"2025-05-14T12:11:44+00:00","dateModified":"2025-06-24T15:51:39+00:00","breadcrumb":{"@id":"https:\/\/laspalomasresort.net\/es\/el-resort\/quienes-somos\/#breadcrumb"},"inLanguage":"es","potentialAction":[{"@type":"ReadAction","target":["https:\/\/laspalomasresort.net\/es\/el-resort\/quienes-somos\/"]}]},{"@type":"ImageObject","inLanguage":"es","@id":"https:\/\/laspalomasresort.net\/es\/el-resort\/quienes-somos\/#primaryimage","url":"https:\/\/laspalomasresort.net\/wp-content\/uploads\/2025\/05\/balcony-1.jpg","contentUrl":"https:\/\/laspalomasresort.net\/wp-content\/uploads\/2025\/05\/balcony-1.jpg"},{"@type":"BreadcrumbList","@id":"https:\/\/laspalomasresort.net\/es\/el-resort\/quienes-somos\/#breadcrumb","itemListElement":[{"@type":"ListItem","position":1,"name":"Home","item":"https:\/\/laspalomasresort.net\/es\/"},{"@type":"ListItem","position":2,"name":"El Resort","item":"https:\/\/laspalomasresort.net\/es\/el-resort\/"},{"@type":"ListItem","position":3,"name":"Sobre Nosotros"}]},{"@type":"WebSite","@id":"https:\/\/laspalomasresort.net\/es\/#website","url":"https:\/\/laspalomasresort.net\/es\/","name":"Las Palomas","description":"","potentialAction":[{"@type":"SearchAction","target":{"@type":"EntryPoint","urlTemplate":"https:\/\/laspalomasresort.net\/es\/?s={search_term_string}"},"query-input":{"@type":"PropertyValueSpecification","valueRequired":true,"valueName":"search_term_string"}}],"inLanguage":"es"}]}},"_links":{"self":[{"href":"https:\/\/laspalomasresort.net\/es\/wp-json\/wp\/v2\/pages\/15140","targetHints":{"allow":["GET"]}}],"collection":[{"href":"https:\/\/laspalomasresort.net\/es\/wp-json\/wp\/v2\/pages"}],"about":[{"href":"https:\/\/laspalomasresort.net\/es\/wp-json\/wp\/v2\/types\/page"}],"author":[{"embeddable":true,"href":"https:\/\/laspalomasresort.net\/es\/wp-json\/wp\/v2\/users\/2"}],"replies":[{"embeddable":true,"href":"https:\/\/laspalomasresort.net\/es\/wp-json\/wp\/v2\/comments?post=15140"}],"version-history":[{"count":0,"href":"https:\/\/laspalomasresort.net\/es\/wp-json\/wp\/v2\/pages\/15140\/revisions"}],"up":[{"embeddable":true,"href":"https:\/\/laspalomasresort.net\/es\/wp-json\/wp\/v2\/pages\/15145"}],"wp:attachment":[{"href":"https:\/\/laspalomasresort.net\/es\/wp-json\/wp\/v2\/media?parent=15140"}],"curies":[{"name":"wp","href":"https:\/\/api.w.org\/{rel}","templated":true}]}}