{"id":15134,"date":"2025-05-20T06:56:40","date_gmt":"2025-05-20T11:56:40","guid":{"rendered":"https:\/\/laspalomasresort.net\/aviso-de-privacidad\/"},"modified":"2025-06-16T15:00:48","modified_gmt":"2025-06-16T20:00:48","slug":"aviso-de-privacidad","status":"publish","type":"page","link":"https:\/\/laspalomasresort.net\/es\/aviso-de-privacidad\/","title":{"rendered":"Pol\u00edtica de Privacidad"},"content":{"rendered":"\t\t<div data-elementor-type=\"wp-page\" data-elementor-id=\"15134\" class=\"elementor elementor-15134 elementor-14517\" data-elementor-post-type=\"page\">\n\t\t\t\t<div class=\"elementor-element elementor-element-f191973 e-flex e-con-boxed e-con e-parent\" data-id=\"f191973\" data-element_type=\"container\" data-e-type=\"container\">\n\t\t\t\t\t<div class=\"e-con-inner\">\n\t\t\t\t<div class=\"elementor-element elementor-element-8957d6a elementor-widget__width-initial elementor-widget elementor-widget-heading\" data-id=\"8957d6a\" data-element_type=\"widget\" data-e-type=\"widget\" data-widget_type=\"heading.default\">\n\t\t\t\t<div class=\"elementor-widget-container\">\n\t\t\t\t\t<h2 class=\"elementor-heading-title elementor-size-default\">Pol\u00edtica de Privacidad<\/h2>\t\t\t\t<\/div>\n\t\t\t\t<\/div>\n\t\t\t\t<div class=\"elementor-element elementor-element-5cf89e8 elementor-widget__width-initial elementor-widget elementor-widget-text-editor\" data-id=\"5cf89e8\" data-element_type=\"widget\" data-e-type=\"widget\" data-widget_type=\"text-editor.default\">\n\t\t\t\t<div class=\"elementor-widget-container\">\n\t\t\t\t\t\t\t\t\t<p>En cumplimiento a lo establecido en la Ley Federal de Protecci\u00f3n de Datos Personales en Posesi\u00f3n de los Particulares, le informamos que Operadora Las Palomas de Pe\u00f1asco S.A. de C.V. es responsable del tratamiento de sus datos personales, procurando en todo momento el uso adecuado, garantizando la privacidad, integridad, confidencialidad y el derecho a la autodeterminaci\u00f3n informativa de sus datos.<\/p><p> <\/p><p>Le informamos que los datos personales que nos proporcione estar\u00e1n protegidos en t\u00e9rminos del art\u00edculo 3, fracciones II y VII y 33 de la Ley de Protecci\u00f3n de datos personales en posesi\u00f3n de los particulares, as\u00ed como del t\u00edtulo segundo del cap\u00edtulo II, de la Ley Federal de Transparencia y acceso a la informaci\u00f3n P\u00fablica Gubernamental.<\/p>\t\t\t\t\t\t\t\t<\/div>\n\t\t\t\t<\/div>\n\t\t\t\t\t<\/div>\n\t\t\t\t<\/div>\n\t\t\t\t<\/div>\n\t\t","protected":false},"excerpt":{"rendered":"<p>Pol\u00edtica de Privacidad En cumplimiento a lo establecido en la Ley Federal de Protecci\u00f3n de Datos Personales en Posesi\u00f3n de los Particulares, le informamos que Operadora Las Palomas de Pe\u00f1asco S.A. de C.V. es responsable del tratamiento de sus datos personales, procurando en todo momento el uso adecuado, garantizando la privacidad, integridad, confidencialidad y el [&hellip;]<\/p>\n","protected":false},"author":2,"featured_media":0,"parent":0,"menu_order":0,"comment_status":"closed","ping_status":"closed","template":"elementor_header_footer","meta":{"_acf_changed":false,"footnotes":""},"class_list":["post-15134","page","type-page","status-publish","hentry"],"acf":[],"yoast_head":"<!-- This site is optimized with the Yoast SEO plugin v27.5 - https:\/\/yoast.com\/product\/yoast-seo-wordpress\/ -->\n<title>Pol\u00edtica de Privacidad - Las Palomas<\/title>\n<meta name=\"robots\" content=\"index, follow, max-snippet:-1, max-image-preview:large, max-video-preview:-1\" \/>\n<link rel=\"canonical\" href=\"https:\/\/laspalomasresort.net\/es\/aviso-de-privacidad\/\" \/>\n<meta property=\"og:locale\" content=\"es_MX\" \/>\n<meta property=\"og:type\" content=\"article\" \/>\n<meta property=\"og:title\" content=\"Pol\u00edtica de Privacidad - Las Palomas\" \/>\n<meta property=\"og:description\" content=\"Pol\u00edtica de Privacidad En cumplimiento a lo establecido en la Ley Federal de Protecci\u00f3n de Datos Personales en Posesi\u00f3n de los Particulares, le informamos que Operadora Las Palomas de Pe\u00f1asco S.A. de C.V. es responsable del tratamiento de sus datos personales, procurando en todo momento el uso adecuado, garantizando la privacidad, integridad, confidencialidad y el [&hellip;]\" \/>\n<meta property=\"og:url\" content=\"https:\/\/laspalomasresort.net\/es\/aviso-de-privacidad\/\" \/>\n<meta property=\"og:site_name\" content=\"Las Palomas\" \/>\n<meta property=\"article:modified_time\" content=\"2025-06-16T20:00:48+00:00\" \/>\n<meta name=\"twitter:card\" content=\"summary_large_image\" \/>\n<meta name=\"twitter:label1\" content=\"Est. reading time\" \/>\n\t<meta name=\"twitter:data1\" content=\"1 minuto\" \/>\n<script type=\"application\/ld+json\" class=\"yoast-schema-graph\">{\"@context\":\"https:\\\/\\\/schema.org\",\"@graph\":[{\"@type\":\"WebPage\",\"@id\":\"https:\\\/\\\/laspalomasresort.net\\\/es\\\/aviso-de-privacidad\\\/\",\"url\":\"https:\\\/\\\/laspalomasresort.net\\\/es\\\/aviso-de-privacidad\\\/\",\"name\":\"Pol\u00edtica de Privacidad - Las Palomas\",\"isPartOf\":{\"@id\":\"https:\\\/\\\/laspalomasresort.net\\\/es\\\/#website\"},\"datePublished\":\"2025-05-20T11:56:40+00:00\",\"dateModified\":\"2025-06-16T20:00:48+00:00\",\"breadcrumb\":{\"@id\":\"https:\\\/\\\/laspalomasresort.net\\\/es\\\/aviso-de-privacidad\\\/#breadcrumb\"},\"inLanguage\":\"es\",\"potentialAction\":[{\"@type\":\"ReadAction\",\"target\":[\"https:\\\/\\\/laspalomasresort.net\\\/es\\\/aviso-de-privacidad\\\/\"]}]},{\"@type\":\"BreadcrumbList\",\"@id\":\"https:\\\/\\\/laspalomasresort.net\\\/es\\\/aviso-de-privacidad\\\/#breadcrumb\",\"itemListElement\":[{\"@type\":\"ListItem\",\"position\":1,\"name\":\"Home\",\"item\":\"https:\\\/\\\/laspalomasresort.net\\\/es\\\/\"},{\"@type\":\"ListItem\",\"position\":2,\"name\":\"Pol\u00edtica de Privacidad\"}]},{\"@type\":\"WebSite\",\"@id\":\"https:\\\/\\\/laspalomasresort.net\\\/es\\\/#website\",\"url\":\"https:\\\/\\\/laspalomasresort.net\\\/es\\\/\",\"name\":\"Las Palomas\",\"description\":\"\",\"potentialAction\":[{\"@type\":\"SearchAction\",\"target\":{\"@type\":\"EntryPoint\",\"urlTemplate\":\"https:\\\/\\\/laspalomasresort.net\\\/es\\\/?s={search_term_string}\"},\"query-input\":{\"@type\":\"PropertyValueSpecification\",\"valueRequired\":true,\"valueName\":\"search_term_string\"}}],\"inLanguage\":\"es\"}]}<\/script>\n<!-- \/ Yoast SEO plugin. -->","yoast_head_json":{"title":"Pol\u00edtica de Privacidad - Las Palomas","robots":{"index":"index","follow":"follow","max-snippet":"max-snippet:-1","max-image-preview":"max-image-preview:large","max-video-preview":"max-video-preview:-1"},"canonical":"https:\/\/laspalomasresort.net\/es\/aviso-de-privacidad\/","og_locale":"es_MX","og_type":"article","og_title":"Pol\u00edtica de Privacidad - Las Palomas","og_description":"Pol\u00edtica de Privacidad En cumplimiento a lo establecido en la Ley Federal de Protecci\u00f3n de Datos Personales en Posesi\u00f3n de los Particulares, le informamos que Operadora Las Palomas de Pe\u00f1asco S.A. de C.V. es responsable del tratamiento de sus datos personales, procurando en todo momento el uso adecuado, garantizando la privacidad, integridad, confidencialidad y el [&hellip;]","og_url":"https:\/\/laspalomasresort.net\/es\/aviso-de-privacidad\/","og_site_name":"Las Palomas","article_modified_time":"2025-06-16T20:00:48+00:00","twitter_card":"summary_large_image","twitter_misc":{"Est. reading time":"1 minuto"},"schema":{"@context":"https:\/\/schema.org","@graph":[{"@type":"WebPage","@id":"https:\/\/laspalomasresort.net\/es\/aviso-de-privacidad\/","url":"https:\/\/laspalomasresort.net\/es\/aviso-de-privacidad\/","name":"Pol\u00edtica de Privacidad - Las Palomas","isPartOf":{"@id":"https:\/\/laspalomasresort.net\/es\/#website"},"datePublished":"2025-05-20T11:56:40+00:00","dateModified":"2025-06-16T20:00:48+00:00","breadcrumb":{"@id":"https:\/\/laspalomasresort.net\/es\/aviso-de-privacidad\/#breadcrumb"},"inLanguage":"es","potentialAction":[{"@type":"ReadAction","target":["https:\/\/laspalomasresort.net\/es\/aviso-de-privacidad\/"]}]},{"@type":"BreadcrumbList","@id":"https:\/\/laspalomasresort.net\/es\/aviso-de-privacidad\/#breadcrumb","itemListElement":[{"@type":"ListItem","position":1,"name":"Home","item":"https:\/\/laspalomasresort.net\/es\/"},{"@type":"ListItem","position":2,"name":"Pol\u00edtica de Privacidad"}]},{"@type":"WebSite","@id":"https:\/\/laspalomasresort.net\/es\/#website","url":"https:\/\/laspalomasresort.net\/es\/","name":"Las Palomas","description":"","potentialAction":[{"@type":"SearchAction","target":{"@type":"EntryPoint","urlTemplate":"https:\/\/laspalomasresort.net\/es\/?s={search_term_string}"},"query-input":{"@type":"PropertyValueSpecification","valueRequired":true,"valueName":"search_term_string"}}],"inLanguage":"es"}]}},"_links":{"self":[{"href":"https:\/\/laspalomasresort.net\/es\/wp-json\/wp\/v2\/pages\/15134","targetHints":{"allow":["GET"]}}],"collection":[{"href":"https:\/\/laspalomasresort.net\/es\/wp-json\/wp\/v2\/pages"}],"about":[{"href":"https:\/\/laspalomasresort.net\/es\/wp-json\/wp\/v2\/types\/page"}],"author":[{"embeddable":true,"href":"https:\/\/laspalomasresort.net\/es\/wp-json\/wp\/v2\/users\/2"}],"replies":[{"embeddable":true,"href":"https:\/\/laspalomasresort.net\/es\/wp-json\/wp\/v2\/comments?post=15134"}],"version-history":[{"count":0,"href":"https:\/\/laspalomasresort.net\/es\/wp-json\/wp\/v2\/pages\/15134\/revisions"}],"wp:attachment":[{"href":"https:\/\/laspalomasresort.net\/es\/wp-json\/wp\/v2\/media?parent=15134"}],"curies":[{"name":"wp","href":"https:\/\/api.w.org\/{rel}","templated":true}]}}