{"id":15121,"date":"2025-05-15T05:08:58","date_gmt":"2025-05-15T05:08:58","guid":{"rendered":"https:\/\/laspalomasresort.net\/actividades-familiares\/"},"modified":"2025-06-25T20:24:10","modified_gmt":"2025-06-26T01:24:10","slug":"actividades-familiares","status":"publish","type":"page","link":"https:\/\/laspalomasresort.net\/es\/actividades\/actividades-familiares\/","title":{"rendered":"Actividades familiares"},"content":{"rendered":"\t\t<div data-elementor-type=\"wp-page\" data-elementor-id=\"15121\" class=\"elementor elementor-15121 elementor-14039\" data-elementor-post-type=\"page\">\n\t\t\t\t<div class=\"elementor-element elementor-element-aa61573 e-flex e-con-boxed e-con e-parent\" data-id=\"aa61573\" data-element_type=\"container\" data-e-type=\"container\" data-settings=\"{&quot;background_background&quot;:&quot;classic&quot;}\">\n\t\t\t\t\t<div class=\"e-con-inner\">\n\t\t\t\t<div class=\"elementor-element elementor-element-0467f6b elementor-widget elementor-widget-heading\" data-id=\"0467f6b\" data-element_type=\"widget\" data-e-type=\"widget\" data-widget_type=\"heading.default\">\n\t\t\t\t<div class=\"elementor-widget-container\">\n\t\t\t\t\t<h2 class=\"elementor-heading-title elementor-size-default\">Actividades familiares<\/h2>\t\t\t\t<\/div>\n\t\t\t\t<\/div>\n\t\t\t\t\t<\/div>\n\t\t\t\t<\/div>\n\t\t<div class=\"elementor-element elementor-element-f191973 e-flex e-con-boxed e-con e-parent\" data-id=\"f191973\" data-element_type=\"container\" data-e-type=\"container\">\n\t\t\t\t\t<div class=\"e-con-inner\">\n\t\t\t\t<div class=\"elementor-element elementor-element-e707a4f elementor-widget elementor-widget-heading\" data-id=\"e707a4f\" data-element_type=\"widget\" data-e-type=\"widget\" data-widget_type=\"heading.default\">\n\t\t\t\t<div class=\"elementor-widget-container\">\n\t\t\t\t\t<h2 class=\"elementor-heading-title elementor-size-default\">Las actividades familiares disponibles todo el a\u00f1o en Las Palomas<\/h2>\t\t\t\t<\/div>\n\t\t\t\t<\/div>\n\t\t\t\t<div class=\"elementor-element elementor-element-5cf89e8 elementor-widget__width-initial elementor-widget elementor-widget-text-editor\" data-id=\"5cf89e8\" data-element_type=\"widget\" data-e-type=\"widget\" data-widget_type=\"text-editor.default\">\n\t\t\t\t<div class=\"elementor-widget-container\">\n\t\t\t\t\t\t\t\t\t<p><span style=\"font-weight: 400;\">Imagina un destino donde la sofisticaci\u00f3n se unen con la alegr\u00eda de compartir en familia, creando recuerdos familiares inolvidables en cada temporada En Las Palomas Beach &amp; Golf Resort, hemos dise\u00f1ado un universo de actividades y celebraciones pensando en cada miembro de tu familia, haciendo de cada visita una experiencia \u00fanica y memorable.<\/span><\/p>\t\t\t\t\t\t\t\t<\/div>\n\t\t\t\t<\/div>\n\t\t\t\t\t<\/div>\n\t\t\t\t<\/div>\n\t\t\t\t<section class=\"elementor-section elementor-top-section elementor-element elementor-element-e2e750b elementor-section-stretched elementor-section-content-middle elementor-section-boxed elementor-section-height-default elementor-section-height-default\" data-id=\"e2e750b\" data-element_type=\"section\" data-e-type=\"section\" data-settings=\"{&quot;stretch_section&quot;:&quot;section-stretched&quot;,&quot;background_background&quot;:&quot;classic&quot;}\">\n\t\t\t\t\t\t<div class=\"elementor-container elementor-column-gap-default\">\n\t\t\t\t\t<div class=\"elementor-column elementor-col-50 elementor-top-column elementor-element elementor-element-a8194f9\" data-id=\"a8194f9\" data-element_type=\"column\" data-e-type=\"column\">\n\t\t\t<div class=\"elementor-widget-wrap elementor-element-populated\">\n\t\t\t\t\t\t<div class=\"elementor-element elementor-element-ea009d4 elementor-widget elementor-widget-image\" data-id=\"ea009d4\" data-element_type=\"widget\" data-e-type=\"widget\" data-widget_type=\"image.default\">\n\t\t\t\t<div class=\"elementor-widget-container\">\n\t\t\t\t\t\t\t\t\t\t\t\t\t\t\t<img fetchpriority=\"high\" decoding=\"async\" width=\"560\" height=\"550\" src=\"https:\/\/laspalomasresort.net\/wp-content\/uploads\/2025\/05\/daytime-beach-1.jpg\" class=\"attachment-full size-full wp-image-14047\" alt=\"\" srcset=\"https:\/\/laspalomasresort.net\/wp-content\/uploads\/2025\/05\/daytime-beach-1.jpg 560w, https:\/\/laspalomasresort.net\/wp-content\/uploads\/2025\/05\/daytime-beach-1-300x295.jpg 300w\" sizes=\"(max-width: 560px) 100vw, 560px\" \/>\t\t\t\t\t\t\t\t\t\t\t\t\t\t\t<\/div>\n\t\t\t\t<\/div>\n\t\t\t\t\t<\/div>\n\t\t<\/div>\n\t\t\t\t<div class=\"elementor-column elementor-col-50 elementor-top-column elementor-element elementor-element-0328607\" data-id=\"0328607\" data-element_type=\"column\" data-e-type=\"column\">\n\t\t\t<div class=\"elementor-widget-wrap elementor-element-populated\">\n\t\t\t\t\t\t<div class=\"elementor-element elementor-element-e944b9f elementor-widget elementor-widget-heading\" data-id=\"e944b9f\" data-element_type=\"widget\" data-e-type=\"widget\" data-widget_type=\"heading.default\">\n\t\t\t\t<div class=\"elementor-widget-container\">\n\t\t\t\t\t<h2 class=\"elementor-heading-title elementor-size-default\">Diversi\u00f3n diurna para todas las edades<\/h2>\t\t\t\t<\/div>\n\t\t\t\t<\/div>\n\t\t\t\t<div class=\"elementor-element elementor-element-470dc77 elementor-widget elementor-widget-text-editor\" data-id=\"470dc77\" data-element_type=\"widget\" data-e-type=\"widget\" data-widget_type=\"text-editor.default\">\n\t\t\t\t<div class=\"elementor-widget-container\">\n\t\t\t\t\t\t\t\t\t<p><span style=\"font-weight: 400;\">Nuestras actividades diarias est\u00e1n dise\u00f1adas para unir a las familias a trav\u00e9s de la emoci\u00f3n, la creatividad y la conexi\u00f3n.<\/span><\/p><p> <\/p><p><span style=\"font-weight: 400;\">Comienza la ma\u00f1ana con una energizante sesi\u00f3n de Zumba junto a la alberca, o \u00fanete a una clase grupal de aer\u00f3bicos acu\u00e1ticos para ejercitarte bajo el sol. Los m\u00e1s peque\u00f1os se divertir\u00e1n construyendo castillos de arena en nuestros concursos en la playa, mientras que los mayores podr\u00e1n participar en juegos como voleibol de playa o competencias de lanzamiento de costales (bean bag toss).<\/span><\/p><p> <\/p><p><span style=\"font-weight: 400;\">Las mentes creativas disfrutar\u00e1n de clases pr\u00e1cticas de cocina o podr\u00e1n relajarse con sesiones guiadas de movimiento directamente en la playa. Y para una experiencia verdaderamente festiva, las fiestas de pi\u00f1atas, trivias musicales y el cl\u00e1sico bingo mexicano garantizan diversi\u00f3n para todas las generaciones.<\/span><\/p><p> <\/p><p><span style=\"font-weight: 400;\">Buscar conchitas a lo largo de la orilla a\u00f1ade un toque de asombro a tu d\u00eda, y es una de las actividades favoritas de los peque\u00f1os exploradores curiosos.<\/span><\/p>\t\t\t\t\t\t\t\t<\/div>\n\t\t\t\t<\/div>\n\t\t\t\t\t<\/div>\n\t\t<\/div>\n\t\t\t\t\t<\/div>\n\t\t<\/section>\n\t\t\t\t<section class=\"elementor-section elementor-top-section elementor-element elementor-element-4d9ce09 elementor-section-stretched elementor-section-content-middle elementor-reverse-mobile elementor-section-boxed elementor-section-height-default elementor-section-height-default\" data-id=\"4d9ce09\" data-element_type=\"section\" data-e-type=\"section\" data-settings=\"{&quot;stretch_section&quot;:&quot;section-stretched&quot;,&quot;background_background&quot;:&quot;classic&quot;}\">\n\t\t\t\t\t\t<div class=\"elementor-container elementor-column-gap-default\">\n\t\t\t\t\t<div class=\"elementor-column elementor-col-50 elementor-top-column elementor-element elementor-element-6b772d7\" data-id=\"6b772d7\" data-element_type=\"column\" data-e-type=\"column\">\n\t\t\t<div class=\"elementor-widget-wrap elementor-element-populated\">\n\t\t\t\t\t\t<div class=\"elementor-element elementor-element-b5e57b2 elementor-widget elementor-widget-heading\" data-id=\"b5e57b2\" data-element_type=\"widget\" data-e-type=\"widget\" data-widget_type=\"heading.default\">\n\t\t\t\t<div class=\"elementor-widget-container\">\n\t\t\t\t\t<h2 class=\"elementor-heading-title elementor-size-default\">Entretenimiento nocturno junto al mar<\/h2>\t\t\t\t<\/div>\n\t\t\t\t<\/div>\n\t\t\t\t<div class=\"elementor-element elementor-element-e71e3e7 elementor-widget elementor-widget-text-editor\" data-id=\"e71e3e7\" data-element_type=\"widget\" data-e-type=\"widget\" data-widget_type=\"text-editor.default\">\n\t\t\t\t<div class=\"elementor-widget-container\">\n\t\t\t\t\t\t\t\t\t<p><span style=\"font-weight: 400;\">Cuando el sol comienza a ponerse sobre el Mar de Cort\u00e9s, el resort se transforma en una escapada nocturna relajada y festiva.<\/span><\/p><p> <\/p><p><span style=\"font-weight: 400;\">Disfruta de una pel\u00edcula bajo las estrellas en nuestro cine frente al mar, donde la brisa marina y las pel\u00edculas familiares crean el ambiente perfecto para recuerdos m\u00e1gicos. Los fines de semana cobran vida con m\u00fasica en vivo, ideal para relajarse o bailar descalzo sobre la arena.<\/span><\/p><p> <\/p><p><span style=\"font-weight: 400;\">Las noches a menudo culminan con una deliciosa barbacoa al aire libre, donde las familias se re\u00fanen para compartir historias, risas y los sabores de la costa bajo el resplandor del atardecer.<\/span><\/p>\t\t\t\t\t\t\t\t<\/div>\n\t\t\t\t<\/div>\n\t\t\t\t\t<\/div>\n\t\t<\/div>\n\t\t\t\t<div class=\"elementor-column elementor-col-50 elementor-top-column elementor-element elementor-element-9d1f655\" data-id=\"9d1f655\" data-element_type=\"column\" data-e-type=\"column\">\n\t\t\t<div class=\"elementor-widget-wrap elementor-element-populated\">\n\t\t\t\t\t\t<div class=\"elementor-element elementor-element-4b1af53 elementor-widget elementor-widget-image\" data-id=\"4b1af53\" data-element_type=\"widget\" data-e-type=\"widget\" data-widget_type=\"image.default\">\n\t\t\t\t<div class=\"elementor-widget-container\">\n\t\t\t\t\t\t\t\t\t\t\t\t\t\t\t<img decoding=\"async\" width=\"560\" height=\"550\" src=\"https:\/\/laspalomasresort.net\/wp-content\/uploads\/2025\/05\/nighttime-balcony-1.jpg\" class=\"attachment-full size-full wp-image-14043\" alt=\"\" srcset=\"https:\/\/laspalomasresort.net\/wp-content\/uploads\/2025\/05\/nighttime-balcony-1.jpg 560w, https:\/\/laspalomasresort.net\/wp-content\/uploads\/2025\/05\/nighttime-balcony-1-300x295.jpg 300w\" sizes=\"(max-width: 560px) 100vw, 560px\" \/>\t\t\t\t\t\t\t\t\t\t\t\t\t\t\t<\/div>\n\t\t\t\t<\/div>\n\t\t\t\t\t<\/div>\n\t\t<\/div>\n\t\t\t\t\t<\/div>\n\t\t<\/section>\n\t\t\t\t<section class=\"elementor-section elementor-top-section elementor-element elementor-element-cd156e6 elementor-section-stretched elementor-section-content-middle elementor-section-boxed elementor-section-height-default elementor-section-height-default\" data-id=\"cd156e6\" data-element_type=\"section\" data-e-type=\"section\" data-settings=\"{&quot;stretch_section&quot;:&quot;section-stretched&quot;,&quot;background_background&quot;:&quot;classic&quot;}\">\n\t\t\t\t\t\t<div class=\"elementor-container elementor-column-gap-default\">\n\t\t\t\t\t<div class=\"elementor-column elementor-col-100 elementor-top-column elementor-element elementor-element-d81fb4f\" data-id=\"d81fb4f\" data-element_type=\"column\" data-e-type=\"column\">\n\t\t\t<div class=\"elementor-widget-wrap elementor-element-populated\">\n\t\t\t\t\t\t<div class=\"elementor-element elementor-element-84242b6 elementor-widget elementor-widget-text-editor\" data-id=\"84242b6\" data-element_type=\"widget\" data-e-type=\"widget\" data-widget_type=\"text-editor.default\">\n\t\t\t\t<div class=\"elementor-widget-container\">\n\t\t\t\t\t\t\t\t\t<p><span style=\"font-weight: 400;\">Adem\u00e1s, contamos con albercas climatizadas para todas las edades, desde chapoteaderos seguros para los m\u00e1s peque\u00f1os hasta accesibilidad completa para personas con discapacidad, incluyendo gr\u00faas especiales y caminos para sillas de ruedas que llegan hasta la orilla del mar, asegurando que cada miembro de la familia pueda disfrutar plenamente del agua.<\/span><\/p><p> <\/p><p><span style=\"font-weight: 400;\">En Las Palomas Beach &amp; Golf Resort, cada detalle est\u00e1 cuidadosamente pensado para superar las expectativas de cada integrante de tu familia. Ven y sum\u00e9rgete en un mundo de actividades y eventos exclusivos, donde el lujo y la alegr\u00eda se fusionan para crear recuerdos familiares inolvidables. Te invitamos a vivir cada ocasi\u00f3n especial con nosotros, elevando tus experiencias familiares a un nuevo nivel de sofisticaci\u00f3n y diversi\u00f3n. Descubre el placer de celebrar y crear juntos en el para\u00edso.<\/span><\/p>\t\t\t\t\t\t\t\t<\/div>\n\t\t\t\t<\/div>\n\t\t\t\t\t<\/div>\n\t\t<\/div>\n\t\t\t\t\t<\/div>\n\t\t<\/section>\n\t\t\t\t<\/div>\n\t\t","protected":false},"excerpt":{"rendered":"<p>Actividades familiares Las actividades familiares disponibles todo el a\u00f1o en Las Palomas Imagina un destino donde la sofisticaci\u00f3n se unen con la alegr\u00eda de compartir en familia, creando recuerdos familiares inolvidables en cada temporada En Las Palomas Beach &amp; Golf Resort, hemos dise\u00f1ado un universo de actividades y celebraciones pensando en cada miembro de tu [&hellip;]<\/p>\n","protected":false},"author":2,"featured_media":0,"parent":15153,"menu_order":0,"comment_status":"closed","ping_status":"closed","template":"elementor_header_footer","meta":{"_acf_changed":false,"footnotes":""},"class_list":["post-15121","page","type-page","status-publish","hentry"],"acf":[],"yoast_head":"<!-- This site is optimized with the Yoast SEO plugin v27.3 - https:\/\/yoast.com\/product\/yoast-seo-wordpress\/ -->\n<title>Actividades familiares - Las Palomas<\/title>\n<meta name=\"robots\" content=\"index, follow, max-snippet:-1, max-image-preview:large, max-video-preview:-1\" \/>\n<link rel=\"canonical\" href=\"https:\/\/laspalomasresort.net\/es\/actividades\/actividades-familiares\/\" \/>\n<meta property=\"og:locale\" content=\"es_MX\" \/>\n<meta property=\"og:type\" content=\"article\" \/>\n<meta property=\"og:title\" content=\"Actividades familiares - Las Palomas\" \/>\n<meta property=\"og:description\" content=\"Actividades familiares Las actividades familiares disponibles todo el a\u00f1o en Las Palomas Imagina un destino donde la sofisticaci\u00f3n se unen con la alegr\u00eda de compartir en familia, creando recuerdos familiares inolvidables en cada temporada En Las Palomas Beach &amp; Golf Resort, hemos dise\u00f1ado un universo de actividades y celebraciones pensando en cada miembro de tu [&hellip;]\" \/>\n<meta property=\"og:url\" content=\"https:\/\/laspalomasresort.net\/es\/actividades\/actividades-familiares\/\" \/>\n<meta property=\"og:site_name\" content=\"Las Palomas\" \/>\n<meta property=\"article:modified_time\" content=\"2025-06-26T01:24:10+00:00\" \/>\n<meta property=\"og:image\" content=\"https:\/\/laspalomasresort.net\/wp-content\/uploads\/2025\/05\/daytime-beach-1.jpg\" \/>\n\t<meta property=\"og:image:width\" content=\"560\" \/>\n\t<meta property=\"og:image:height\" content=\"550\" \/>\n\t<meta property=\"og:image:type\" content=\"image\/jpeg\" \/>\n<meta name=\"twitter:card\" content=\"summary_large_image\" \/>\n<meta name=\"twitter:label1\" content=\"Est. reading time\" \/>\n\t<meta name=\"twitter:data1\" content=\"3 minutos\" \/>\n<script type=\"application\/ld+json\" class=\"yoast-schema-graph\">{\"@context\":\"https:\\\/\\\/schema.org\",\"@graph\":[{\"@type\":\"WebPage\",\"@id\":\"https:\\\/\\\/laspalomasresort.net\\\/es\\\/actividades\\\/actividades-familiares\\\/\",\"url\":\"https:\\\/\\\/laspalomasresort.net\\\/es\\\/actividades\\\/actividades-familiares\\\/\",\"name\":\"Actividades familiares - Las Palomas\",\"isPartOf\":{\"@id\":\"https:\\\/\\\/laspalomasresort.net\\\/es\\\/#website\"},\"primaryImageOfPage\":{\"@id\":\"https:\\\/\\\/laspalomasresort.net\\\/es\\\/actividades\\\/actividades-familiares\\\/#primaryimage\"},\"image\":{\"@id\":\"https:\\\/\\\/laspalomasresort.net\\\/es\\\/actividades\\\/actividades-familiares\\\/#primaryimage\"},\"thumbnailUrl\":\"https:\\\/\\\/laspalomasresort.net\\\/wp-content\\\/uploads\\\/2025\\\/05\\\/daytime-beach-1.jpg\",\"datePublished\":\"2025-05-15T05:08:58+00:00\",\"dateModified\":\"2025-06-26T01:24:10+00:00\",\"breadcrumb\":{\"@id\":\"https:\\\/\\\/laspalomasresort.net\\\/es\\\/actividades\\\/actividades-familiares\\\/#breadcrumb\"},\"inLanguage\":\"es\",\"potentialAction\":[{\"@type\":\"ReadAction\",\"target\":[\"https:\\\/\\\/laspalomasresort.net\\\/es\\\/actividades\\\/actividades-familiares\\\/\"]}]},{\"@type\":\"ImageObject\",\"inLanguage\":\"es\",\"@id\":\"https:\\\/\\\/laspalomasresort.net\\\/es\\\/actividades\\\/actividades-familiares\\\/#primaryimage\",\"url\":\"https:\\\/\\\/laspalomasresort.net\\\/wp-content\\\/uploads\\\/2025\\\/05\\\/daytime-beach-1.jpg\",\"contentUrl\":\"https:\\\/\\\/laspalomasresort.net\\\/wp-content\\\/uploads\\\/2025\\\/05\\\/daytime-beach-1.jpg\"},{\"@type\":\"BreadcrumbList\",\"@id\":\"https:\\\/\\\/laspalomasresort.net\\\/es\\\/actividades\\\/actividades-familiares\\\/#breadcrumb\",\"itemListElement\":[{\"@type\":\"ListItem\",\"position\":1,\"name\":\"Home\",\"item\":\"https:\\\/\\\/laspalomasresort.net\\\/es\\\/\"},{\"@type\":\"ListItem\",\"position\":2,\"name\":\"Actividades\",\"item\":\"https:\\\/\\\/laspalomasresort.net\\\/es\\\/actividades\\\/\"},{\"@type\":\"ListItem\",\"position\":3,\"name\":\"Actividades familiares\"}]},{\"@type\":\"WebSite\",\"@id\":\"https:\\\/\\\/laspalomasresort.net\\\/es\\\/#website\",\"url\":\"https:\\\/\\\/laspalomasresort.net\\\/es\\\/\",\"name\":\"Las Palomas\",\"description\":\"\",\"potentialAction\":[{\"@type\":\"SearchAction\",\"target\":{\"@type\":\"EntryPoint\",\"urlTemplate\":\"https:\\\/\\\/laspalomasresort.net\\\/es\\\/?s={search_term_string}\"},\"query-input\":{\"@type\":\"PropertyValueSpecification\",\"valueRequired\":true,\"valueName\":\"search_term_string\"}}],\"inLanguage\":\"es\"}]}<\/script>\n<!-- \/ Yoast SEO plugin. -->","yoast_head_json":{"title":"Actividades familiares - Las Palomas","robots":{"index":"index","follow":"follow","max-snippet":"max-snippet:-1","max-image-preview":"max-image-preview:large","max-video-preview":"max-video-preview:-1"},"canonical":"https:\/\/laspalomasresort.net\/es\/actividades\/actividades-familiares\/","og_locale":"es_MX","og_type":"article","og_title":"Actividades familiares - Las Palomas","og_description":"Actividades familiares Las actividades familiares disponibles todo el a\u00f1o en Las Palomas Imagina un destino donde la sofisticaci\u00f3n se unen con la alegr\u00eda de compartir en familia, creando recuerdos familiares inolvidables en cada temporada En Las Palomas Beach &amp; Golf Resort, hemos dise\u00f1ado un universo de actividades y celebraciones pensando en cada miembro de tu [&hellip;]","og_url":"https:\/\/laspalomasresort.net\/es\/actividades\/actividades-familiares\/","og_site_name":"Las Palomas","article_modified_time":"2025-06-26T01:24:10+00:00","og_image":[{"width":560,"height":550,"url":"https:\/\/laspalomasresort.net\/wp-content\/uploads\/2025\/05\/daytime-beach-1.jpg","type":"image\/jpeg"}],"twitter_card":"summary_large_image","twitter_misc":{"Est. reading time":"3 minutos"},"schema":{"@context":"https:\/\/schema.org","@graph":[{"@type":"WebPage","@id":"https:\/\/laspalomasresort.net\/es\/actividades\/actividades-familiares\/","url":"https:\/\/laspalomasresort.net\/es\/actividades\/actividades-familiares\/","name":"Actividades familiares - Las Palomas","isPartOf":{"@id":"https:\/\/laspalomasresort.net\/es\/#website"},"primaryImageOfPage":{"@id":"https:\/\/laspalomasresort.net\/es\/actividades\/actividades-familiares\/#primaryimage"},"image":{"@id":"https:\/\/laspalomasresort.net\/es\/actividades\/actividades-familiares\/#primaryimage"},"thumbnailUrl":"https:\/\/laspalomasresort.net\/wp-content\/uploads\/2025\/05\/daytime-beach-1.jpg","datePublished":"2025-05-15T05:08:58+00:00","dateModified":"2025-06-26T01:24:10+00:00","breadcrumb":{"@id":"https:\/\/laspalomasresort.net\/es\/actividades\/actividades-familiares\/#breadcrumb"},"inLanguage":"es","potentialAction":[{"@type":"ReadAction","target":["https:\/\/laspalomasresort.net\/es\/actividades\/actividades-familiares\/"]}]},{"@type":"ImageObject","inLanguage":"es","@id":"https:\/\/laspalomasresort.net\/es\/actividades\/actividades-familiares\/#primaryimage","url":"https:\/\/laspalomasresort.net\/wp-content\/uploads\/2025\/05\/daytime-beach-1.jpg","contentUrl":"https:\/\/laspalomasresort.net\/wp-content\/uploads\/2025\/05\/daytime-beach-1.jpg"},{"@type":"BreadcrumbList","@id":"https:\/\/laspalomasresort.net\/es\/actividades\/actividades-familiares\/#breadcrumb","itemListElement":[{"@type":"ListItem","position":1,"name":"Home","item":"https:\/\/laspalomasresort.net\/es\/"},{"@type":"ListItem","position":2,"name":"Actividades","item":"https:\/\/laspalomasresort.net\/es\/actividades\/"},{"@type":"ListItem","position":3,"name":"Actividades familiares"}]},{"@type":"WebSite","@id":"https:\/\/laspalomasresort.net\/es\/#website","url":"https:\/\/laspalomasresort.net\/es\/","name":"Las Palomas","description":"","potentialAction":[{"@type":"SearchAction","target":{"@type":"EntryPoint","urlTemplate":"https:\/\/laspalomasresort.net\/es\/?s={search_term_string}"},"query-input":{"@type":"PropertyValueSpecification","valueRequired":true,"valueName":"search_term_string"}}],"inLanguage":"es"}]}},"_links":{"self":[{"href":"https:\/\/laspalomasresort.net\/es\/wp-json\/wp\/v2\/pages\/15121","targetHints":{"allow":["GET"]}}],"collection":[{"href":"https:\/\/laspalomasresort.net\/es\/wp-json\/wp\/v2\/pages"}],"about":[{"href":"https:\/\/laspalomasresort.net\/es\/wp-json\/wp\/v2\/types\/page"}],"author":[{"embeddable":true,"href":"https:\/\/laspalomasresort.net\/es\/wp-json\/wp\/v2\/users\/2"}],"replies":[{"embeddable":true,"href":"https:\/\/laspalomasresort.net\/es\/wp-json\/wp\/v2\/comments?post=15121"}],"version-history":[{"count":0,"href":"https:\/\/laspalomasresort.net\/es\/wp-json\/wp\/v2\/pages\/15121\/revisions"}],"up":[{"embeddable":true,"href":"https:\/\/laspalomasresort.net\/es\/wp-json\/wp\/v2\/pages\/15153"}],"wp:attachment":[{"href":"https:\/\/laspalomasresort.net\/es\/wp-json\/wp\/v2\/media?parent=15121"}],"curies":[{"name":"wp","href":"https:\/\/api.w.org\/{rel}","templated":true}]}}