{"id":15120,"date":"2025-05-15T05:58:10","date_gmt":"2025-05-15T10:58:10","guid":{"rendered":"https:\/\/laspalomasresort.net\/bienestar-y-rejuvenecimiento\/"},"modified":"2025-09-05T15:25:41","modified_gmt":"2025-09-05T20:25:41","slug":"bienestar-y-rejuvenecimiento","status":"publish","type":"page","link":"https:\/\/laspalomasresort.net\/es\/actividades\/bienestar-y-rejuvenecimiento\/","title":{"rendered":"Bienestar y Rejuvenecimiento"},"content":{"rendered":"\t\t<div data-elementor-type=\"wp-page\" data-elementor-id=\"15120\" class=\"elementor elementor-15120 elementor-14075\" data-elementor-post-type=\"page\">\n\t\t\t\t<div class=\"elementor-element elementor-element-aa61573 e-flex e-con-boxed e-con e-parent\" data-id=\"aa61573\" data-element_type=\"container\" data-e-type=\"container\" data-settings=\"{&quot;background_background&quot;:&quot;classic&quot;}\">\n\t\t\t\t\t<div class=\"e-con-inner\">\n\t\t\t\t<div class=\"elementor-element elementor-element-0467f6b elementor-widget elementor-widget-heading\" data-id=\"0467f6b\" data-element_type=\"widget\" data-e-type=\"widget\" data-widget_type=\"heading.default\">\n\t\t\t\t<div class=\"elementor-widget-container\">\n\t\t\t\t\t<h2 class=\"elementor-heading-title elementor-size-default\">Bienestar y Rejuvenecimiento<\/h2>\t\t\t\t<\/div>\n\t\t\t\t<\/div>\n\t\t\t\t\t<\/div>\n\t\t\t\t<\/div>\n\t\t<div class=\"elementor-element elementor-element-f191973 e-flex e-con-boxed e-con e-parent\" data-id=\"f191973\" data-element_type=\"container\" data-e-type=\"container\">\n\t\t\t\t\t<div class=\"e-con-inner\">\n\t\t\t\t<div class=\"elementor-element elementor-element-e707a4f elementor-widget elementor-widget-heading\" data-id=\"e707a4f\" data-element_type=\"widget\" data-e-type=\"widget\" data-widget_type=\"heading.default\">\n\t\t\t\t<div class=\"elementor-widget-container\">\n\t\t\t\t\t<h2 class=\"elementor-heading-title elementor-size-default\">Rel\u00e1jate. Recarga. Recon\u00e9ctate.  <\/h2>\t\t\t\t<\/div>\n\t\t\t\t<\/div>\n\t\t\t\t<div class=\"elementor-element elementor-element-5cf89e8 elementor-widget__width-initial elementor-widget elementor-widget-text-editor\" data-id=\"5cf89e8\" data-element_type=\"widget\" data-e-type=\"widget\" data-widget_type=\"text-editor.default\">\n\t\t\t\t<div class=\"elementor-widget-container\">\n\t\t\t\t\t\t\t\t\t<p><span style=\"font-weight: 400;\">En Las Palomas Beach &amp; Golf Resort, el bienestar se vive en cada momento de tu estancia. Con el relajante Mar de Cort\u00e9s como tel\u00f3n de fondo, nuestro resort te invita a encontrar el equilibrio perfecto, ya sea a trav\u00e9s del movimiento, la atenci\u00f3n plena o la relajaci\u00f3n total. Desde rituales de spa restauradores hasta entrenamientos vigorizantes frente al mar, todo est\u00e1 dise\u00f1ado para que te sientas lo mejor posible, en cuerpo y alma.  <\/span><\/p>\t\t\t\t\t\t\t\t<\/div>\n\t\t\t\t<\/div>\n\t\t\t\t\t<\/div>\n\t\t\t\t<\/div>\n\t\t<div class=\"elementor-element elementor-element-dd14bca e-flex e-con-boxed e-con e-parent\" data-id=\"dd14bca\" data-element_type=\"container\" data-e-type=\"container\">\n\t\t\t\t\t<div class=\"e-con-inner\">\n\t\t<div class=\"elementor-element elementor-element-1133d83 e-con-full e-flex e-con e-child\" data-id=\"1133d83\" data-element_type=\"container\" data-e-type=\"container\">\n\t\t\t\t<div class=\"elementor-element elementor-element-f7ce573 elementor-widget elementor-widget-image\" data-id=\"f7ce573\" data-element_type=\"widget\" data-e-type=\"widget\" data-widget_type=\"image.default\">\n\t\t\t\t<div class=\"elementor-widget-container\">\n\t\t\t\t\t\t\t\t\t\t\t\t\t\t\t<img fetchpriority=\"high\" decoding=\"async\" width=\"1024\" height=\"576\" src=\"https:\/\/laspalomasresort.net\/wp-content\/uploads\/2025\/05\/SPA-17-1024x576.jpeg\" class=\"attachment-large size-large wp-image-14921\" alt=\"\" srcset=\"https:\/\/laspalomasresort.net\/wp-content\/uploads\/2025\/05\/SPA-17-1024x576.jpeg 1024w, https:\/\/laspalomasresort.net\/wp-content\/uploads\/2025\/05\/SPA-17-300x169.jpeg 300w, https:\/\/laspalomasresort.net\/wp-content\/uploads\/2025\/05\/SPA-17-768x432.jpeg 768w, https:\/\/laspalomasresort.net\/wp-content\/uploads\/2025\/05\/SPA-17-1536x864.jpeg 1536w, https:\/\/laspalomasresort.net\/wp-content\/uploads\/2025\/05\/SPA-17.jpeg 1600w\" sizes=\"(max-width: 1024px) 100vw, 1024px\" \/>\t\t\t\t\t\t\t\t\t\t\t\t\t\t\t<\/div>\n\t\t\t\t<\/div>\n\t\t\t\t<\/div>\n\t\t<div class=\"elementor-element elementor-element-9d98c4a e-con-full e-flex e-con e-child\" data-id=\"9d98c4a\" data-element_type=\"container\" data-e-type=\"container\">\n\t\t\t\t<div class=\"elementor-element elementor-element-774811a elementor-widget elementor-widget-image\" data-id=\"774811a\" data-element_type=\"widget\" data-e-type=\"widget\" data-widget_type=\"image.default\">\n\t\t\t\t<div class=\"elementor-widget-container\">\n\t\t\t\t\t\t\t\t\t\t\t\t\t\t\t<img decoding=\"async\" width=\"1024\" height=\"576\" src=\"https:\/\/laspalomasresort.net\/wp-content\/uploads\/2025\/05\/SPA-9-1024x576.jpeg\" class=\"attachment-large size-large wp-image-14918\" alt=\"\" srcset=\"https:\/\/laspalomasresort.net\/wp-content\/uploads\/2025\/05\/SPA-9-1024x576.jpeg 1024w, https:\/\/laspalomasresort.net\/wp-content\/uploads\/2025\/05\/SPA-9-300x169.jpeg 300w, https:\/\/laspalomasresort.net\/wp-content\/uploads\/2025\/05\/SPA-9-768x432.jpeg 768w, https:\/\/laspalomasresort.net\/wp-content\/uploads\/2025\/05\/SPA-9-1536x864.jpeg 1536w, https:\/\/laspalomasresort.net\/wp-content\/uploads\/2025\/05\/SPA-9.jpeg 1600w\" sizes=\"(max-width: 1024px) 100vw, 1024px\" \/>\t\t\t\t\t\t\t\t\t\t\t\t\t\t\t<\/div>\n\t\t\t\t<\/div>\n\t\t\t\t<\/div>\n\t\t\t\t\t<\/div>\n\t\t\t\t<\/div>\n\t\t\t\t<section class=\"elementor-section elementor-top-section elementor-element elementor-element-e2e750b elementor-section-stretched elementor-section-content-middle elementor-section-boxed elementor-section-height-default elementor-section-height-default\" data-id=\"e2e750b\" data-element_type=\"section\" data-e-type=\"section\" data-settings=\"{&quot;stretch_section&quot;:&quot;section-stretched&quot;,&quot;background_background&quot;:&quot;classic&quot;}\">\n\t\t\t\t\t\t<div class=\"elementor-container elementor-column-gap-default\">\n\t\t\t\t\t<div class=\"elementor-column elementor-col-100 elementor-top-column elementor-element elementor-element-0328607\" data-id=\"0328607\" data-element_type=\"column\" data-e-type=\"column\">\n\t\t\t<div class=\"elementor-widget-wrap elementor-element-populated\">\n\t\t\t\t\t\t<div class=\"elementor-element elementor-element-e944b9f elementor-widget elementor-widget-heading\" data-id=\"e944b9f\" data-element_type=\"widget\" data-e-type=\"widget\" data-widget_type=\"heading.default\">\n\t\t\t\t<div class=\"elementor-widget-container\">\n\t\t\t\t\t<h2 class=\"elementor-heading-title elementor-size-default\">Spa de servicio completo<\/h2>\t\t\t\t<\/div>\n\t\t\t\t<\/div>\n\t\t\t\t<div class=\"elementor-element elementor-element-470dc77 elementor-widget elementor-widget-text-editor\" data-id=\"470dc77\" data-element_type=\"widget\" data-e-type=\"widget\" data-widget_type=\"text-editor.default\">\n\t\t\t\t<div class=\"elementor-widget-container\">\n\t\t\t\t\t\t\t\t\t<p><span style=\"font-weight: 400;\">Sum\u00e9rgete en un mundo de serenidad en nuestro spa de servicio completo, donde cada tratamiento est\u00e1 cuidadosamente dise\u00f1ado para calmar y rejuvenecer. Elige entre un lujoso men\u00fa de masajes, faciales y terapias corporales, todos realizados por profesionales expertos en un entorno tranquilo e inspirado en el oc\u00e9ano. <\/span><\/p><p><span style=\"font-weight: 400;\">Ya sea que busques un breve momento de renovaci\u00f3n o un d\u00eda entero de indulgencia, el spa de Las Palomas te ofrece el escape definitivo de la rutina diaria.<\/span><\/p><p><b>Servicios de Spa:<\/b><\/p><p><span style=\"font-weight: 400;\">FACIAL:<\/span><\/p><p><span style=\"font-weight: 400;\">Limpieza profunda<\/span><\/p><p><span style=\"font-weight: 400;\">Hidratante<\/span><\/p><p><span style=\"font-weight: 400;\">Gua-Sha<\/span><\/p><p><span style=\"font-weight: 400;\">Radiofrecuencia<\/span><\/p><p><span style=\"font-weight: 400;\">MASAJE:<\/span><\/p><p><span style=\"font-weight: 400;\">Masaje de Relajaci\u00f3n \u2013 45 min \/ 60 min \/ 90 min<\/span><\/p><p><span style=\"font-weight: 400;\">Masaje con Piedras Calientes \u2013 45 min \/ 60 min \/ 90 min <\/span><\/p><p><span style=\"font-weight: 400;\">Masaje Deportivo \u2013 60 min<\/span><\/p><p><span style=\"font-weight: 400;\">MANICURE Y PEDICURE<\/span><\/p><p> <\/p><p><b>Contacto:<br><\/b><\/p><p data-pm-slice=\"1 1 []\">Llamada telef\u00f3nica y WhatsApp: +52 638 112 1652<\/p><p>Correo electr\u00f3nico: <a class=\"ProsemirrorEditor-link\" href=\"mailto:fivesensesspa@hotmail.com\">fivesensesspa@hotmail.com<\/a><\/p><p><b> <\/b><\/p><p><b>Horario del Spa:<\/b><\/p><p><span style=\"font-weight: 400;\">Lunes<\/span><\/p><p><span style=\"font-weight: 400;\">9:00 a.m. \u2013 5:00 p.m.<\/span><\/p><p><span style=\"font-weight: 400;\">Martes<\/span><\/p><p><span style=\"font-weight: 400;\">9:00 a.m. \u2013 6:00 p.m.<\/span><\/p><p><span style=\"font-weight: 400;\">Mi\u00e9rcoles<\/span><\/p><p><span style=\"font-weight: 400;\">9:00 a.m. \u2013 6:00 p.m.<\/span><\/p><p><span style=\"font-weight: 400;\">Jueves<\/span><\/p><p><span style=\"font-weight: 400;\">9:00 a.m. \u2013 6:00 p.m.<\/span><\/p><p><span style=\"font-weight: 400;\">Viernes<\/span><\/p><p><span style=\"font-weight: 400;\">9:00 a.m. \u2013 6:00 p.m.<\/span><\/p><p><span style=\"font-weight: 400;\">S\u00e1bado<\/span><\/p><p><span style=\"font-weight: 400;\">9:00 a.m. \u2013 6:00 p.m.<\/span><\/p><p><span style=\"font-weight: 400;\">Domingo<\/span><\/p><p><span style=\"font-weight: 400;\">9:00 a.m. \u2013 5:00 p.m.<\/span><\/p>\t\t\t\t\t\t\t\t<\/div>\n\t\t\t\t<\/div>\n\t\t\t\t\t<\/div>\n\t\t<\/div>\n\t\t\t\t\t<\/div>\n\t\t<\/section>\n\t\t\t\t<section class=\"elementor-section elementor-top-section elementor-element elementor-element-4d9ce09 elementor-section-stretched elementor-section-content-middle elementor-reverse-mobile elementor-section-boxed elementor-section-height-default elementor-section-height-default\" data-id=\"4d9ce09\" data-element_type=\"section\" data-e-type=\"section\" data-settings=\"{&quot;stretch_section&quot;:&quot;section-stretched&quot;,&quot;background_background&quot;:&quot;classic&quot;}\">\n\t\t\t\t\t\t<div class=\"elementor-container elementor-column-gap-default\">\n\t\t\t\t\t<div class=\"elementor-column elementor-col-100 elementor-top-column elementor-element elementor-element-6b772d7\" data-id=\"6b772d7\" data-element_type=\"column\" data-e-type=\"column\">\n\t\t\t<div class=\"elementor-widget-wrap elementor-element-populated\">\n\t\t\t\t\t\t<div class=\"elementor-element elementor-element-b5e57b2 elementor-widget elementor-widget-heading\" data-id=\"b5e57b2\" data-element_type=\"widget\" data-e-type=\"widget\" data-widget_type=\"heading.default\">\n\t\t\t\t<div class=\"elementor-widget-container\">\n\t\t\t\t\t<h2 class=\"elementor-heading-title elementor-size-default\">Experiencias de fitness<\/h2>\t\t\t\t<\/div>\n\t\t\t\t<\/div>\n\t\t\t\t<div class=\"elementor-element elementor-element-e71e3e7 elementor-widget elementor-widget-text-editor\" data-id=\"e71e3e7\" data-element_type=\"widget\" data-e-type=\"widget\" data-widget_type=\"text-editor.default\">\n\t\t\t\t<div class=\"elementor-widget-container\">\n\t\t\t\t\t\t\t\t\t<p> <\/p><p><span style=\"font-weight: 400;\">Mantente activo e inspirado con nuestras opciones de acondicionamiento f\u00edsico orientadas al bienestar. Comienza tu ma\u00f1ana con una sesi\u00f3n de yoga al amanecer en la playa, participa en una animada clase de Zumba o recarga tu energ\u00eda con aer\u00f3bicos acu\u00e1ticos en la alberca. Nuestro gimnasio de \u00faltima generaci\u00f3n est\u00e1 disponible todos los d\u00edas para entrenamientos independientes en un espacio completamente equipado.  <\/span><\/p><p> <\/p><p><span style=\"font-weight: 400;\">Ya sea que prefieras seguir tu rutina habitual o te animes a probar algo nuevo, nuestras actividades fitness te ayudar\u00e1n a moverte, respirar y sentirte mejor durante toda tu estancia.<\/span><\/p><p> <\/p><p><b>Servicios de Fitness:<\/b><\/p><p><span style=\"font-weight: 400;\">Clase de Estiramiento: 9 a.m. diario, Fase II<\/span><\/p><p><span style=\"font-weight: 400;\">Clase de Zumba: 10 a.m. diario, Fase II<\/span><\/p><p><span style=\"font-weight: 400;\">Clase de Aqua Aer\u00f3bicos: 12 p.m. diario, Fase I<\/span><\/p><p> <\/p><p><b>Horario del Gimnasio:<\/b><\/p><p><span style=\"font-weight: 400;\">Ubicado en Fase I, abierto todos los d\u00edas de 5:00 a.m. a 10:00 p.m.<\/span><\/p>\t\t\t\t\t\t\t\t<\/div>\n\t\t\t\t<\/div>\n\t\t\t\t\t<\/div>\n\t\t<\/div>\n\t\t\t\t\t<\/div>\n\t\t<\/section>\n\t\t\t\t<\/div>\n\t\t","protected":false},"excerpt":{"rendered":"<p>Bienestar y Rejuvenecimiento Rel\u00e1jate. Recarga. Recon\u00e9ctate. En Las Palomas Beach &amp; Golf Resort, el bienestar se vive en cada momento de tu estancia. Con el relajante Mar de Cort\u00e9s como tel\u00f3n de fondo, nuestro resort te invita a encontrar el equilibrio perfecto, ya sea a trav\u00e9s del movimiento, la atenci\u00f3n plena o la relajaci\u00f3n total. [&hellip;]<\/p>\n","protected":false},"author":2,"featured_media":0,"parent":15153,"menu_order":0,"comment_status":"closed","ping_status":"closed","template":"elementor_header_footer","meta":{"_acf_changed":false,"footnotes":""},"class_list":["post-15120","page","type-page","status-publish","hentry"],"acf":[],"yoast_head":"<!-- This site is optimized with the Yoast SEO plugin v27.4 - https:\/\/yoast.com\/product\/yoast-seo-wordpress\/ -->\n<title>Bienestar y Rejuvenecimiento - Las Palomas<\/title>\n<meta name=\"robots\" content=\"index, follow, max-snippet:-1, max-image-preview:large, max-video-preview:-1\" \/>\n<link rel=\"canonical\" href=\"https:\/\/laspalomasresort.net\/es\/actividades\/bienestar-y-rejuvenecimiento\/\" \/>\n<meta property=\"og:locale\" content=\"es_MX\" \/>\n<meta property=\"og:type\" content=\"article\" \/>\n<meta property=\"og:title\" content=\"Bienestar y Rejuvenecimiento - Las Palomas\" \/>\n<meta property=\"og:description\" content=\"Bienestar y Rejuvenecimiento Rel\u00e1jate. Recarga. Recon\u00e9ctate. En Las Palomas Beach &amp; Golf Resort, el bienestar se vive en cada momento de tu estancia. Con el relajante Mar de Cort\u00e9s como tel\u00f3n de fondo, nuestro resort te invita a encontrar el equilibrio perfecto, ya sea a trav\u00e9s del movimiento, la atenci\u00f3n plena o la relajaci\u00f3n total. [&hellip;]\" \/>\n<meta property=\"og:url\" content=\"https:\/\/laspalomasresort.net\/es\/actividades\/bienestar-y-rejuvenecimiento\/\" \/>\n<meta property=\"og:site_name\" content=\"Las Palomas\" \/>\n<meta property=\"article:modified_time\" content=\"2025-09-05T20:25:41+00:00\" \/>\n<meta property=\"og:image\" content=\"https:\/\/laspalomasresort.net\/wp-content\/uploads\/2025\/05\/SPA-17.jpeg\" \/>\n\t<meta property=\"og:image:width\" content=\"1600\" \/>\n\t<meta property=\"og:image:height\" content=\"900\" \/>\n\t<meta property=\"og:image:type\" content=\"image\/jpeg\" \/>\n<meta name=\"twitter:card\" content=\"summary_large_image\" \/>\n<meta name=\"twitter:label1\" content=\"Est. reading time\" \/>\n\t<meta name=\"twitter:data1\" content=\"2 minutos\" \/>\n<script type=\"application\/ld+json\" class=\"yoast-schema-graph\">{\"@context\":\"https:\\\/\\\/schema.org\",\"@graph\":[{\"@type\":\"WebPage\",\"@id\":\"https:\\\/\\\/laspalomasresort.net\\\/es\\\/actividades\\\/bienestar-y-rejuvenecimiento\\\/\",\"url\":\"https:\\\/\\\/laspalomasresort.net\\\/es\\\/actividades\\\/bienestar-y-rejuvenecimiento\\\/\",\"name\":\"Bienestar y Rejuvenecimiento - Las Palomas\",\"isPartOf\":{\"@id\":\"https:\\\/\\\/laspalomasresort.net\\\/es\\\/#website\"},\"primaryImageOfPage\":{\"@id\":\"https:\\\/\\\/laspalomasresort.net\\\/es\\\/actividades\\\/bienestar-y-rejuvenecimiento\\\/#primaryimage\"},\"image\":{\"@id\":\"https:\\\/\\\/laspalomasresort.net\\\/es\\\/actividades\\\/bienestar-y-rejuvenecimiento\\\/#primaryimage\"},\"thumbnailUrl\":\"https:\\\/\\\/laspalomasresort.net\\\/wp-content\\\/uploads\\\/2025\\\/05\\\/SPA-17-1024x576.jpeg\",\"datePublished\":\"2025-05-15T10:58:10+00:00\",\"dateModified\":\"2025-09-05T20:25:41+00:00\",\"breadcrumb\":{\"@id\":\"https:\\\/\\\/laspalomasresort.net\\\/es\\\/actividades\\\/bienestar-y-rejuvenecimiento\\\/#breadcrumb\"},\"inLanguage\":\"es\",\"potentialAction\":[{\"@type\":\"ReadAction\",\"target\":[\"https:\\\/\\\/laspalomasresort.net\\\/es\\\/actividades\\\/bienestar-y-rejuvenecimiento\\\/\"]}]},{\"@type\":\"ImageObject\",\"inLanguage\":\"es\",\"@id\":\"https:\\\/\\\/laspalomasresort.net\\\/es\\\/actividades\\\/bienestar-y-rejuvenecimiento\\\/#primaryimage\",\"url\":\"https:\\\/\\\/laspalomasresort.net\\\/wp-content\\\/uploads\\\/2025\\\/05\\\/SPA-17-1024x576.jpeg\",\"contentUrl\":\"https:\\\/\\\/laspalomasresort.net\\\/wp-content\\\/uploads\\\/2025\\\/05\\\/SPA-17-1024x576.jpeg\"},{\"@type\":\"BreadcrumbList\",\"@id\":\"https:\\\/\\\/laspalomasresort.net\\\/es\\\/actividades\\\/bienestar-y-rejuvenecimiento\\\/#breadcrumb\",\"itemListElement\":[{\"@type\":\"ListItem\",\"position\":1,\"name\":\"Home\",\"item\":\"https:\\\/\\\/laspalomasresort.net\\\/es\\\/\"},{\"@type\":\"ListItem\",\"position\":2,\"name\":\"Actividades\",\"item\":\"https:\\\/\\\/laspalomasresort.net\\\/es\\\/actividades\\\/\"},{\"@type\":\"ListItem\",\"position\":3,\"name\":\"Bienestar y Rejuvenecimiento\"}]},{\"@type\":\"WebSite\",\"@id\":\"https:\\\/\\\/laspalomasresort.net\\\/es\\\/#website\",\"url\":\"https:\\\/\\\/laspalomasresort.net\\\/es\\\/\",\"name\":\"Las Palomas\",\"description\":\"\",\"potentialAction\":[{\"@type\":\"SearchAction\",\"target\":{\"@type\":\"EntryPoint\",\"urlTemplate\":\"https:\\\/\\\/laspalomasresort.net\\\/es\\\/?s={search_term_string}\"},\"query-input\":{\"@type\":\"PropertyValueSpecification\",\"valueRequired\":true,\"valueName\":\"search_term_string\"}}],\"inLanguage\":\"es\"}]}<\/script>\n<!-- \/ Yoast SEO plugin. -->","yoast_head_json":{"title":"Bienestar y Rejuvenecimiento - Las Palomas","robots":{"index":"index","follow":"follow","max-snippet":"max-snippet:-1","max-image-preview":"max-image-preview:large","max-video-preview":"max-video-preview:-1"},"canonical":"https:\/\/laspalomasresort.net\/es\/actividades\/bienestar-y-rejuvenecimiento\/","og_locale":"es_MX","og_type":"article","og_title":"Bienestar y Rejuvenecimiento - Las Palomas","og_description":"Bienestar y Rejuvenecimiento Rel\u00e1jate. Recarga. Recon\u00e9ctate. En Las Palomas Beach &amp; Golf Resort, el bienestar se vive en cada momento de tu estancia. Con el relajante Mar de Cort\u00e9s como tel\u00f3n de fondo, nuestro resort te invita a encontrar el equilibrio perfecto, ya sea a trav\u00e9s del movimiento, la atenci\u00f3n plena o la relajaci\u00f3n total. [&hellip;]","og_url":"https:\/\/laspalomasresort.net\/es\/actividades\/bienestar-y-rejuvenecimiento\/","og_site_name":"Las Palomas","article_modified_time":"2025-09-05T20:25:41+00:00","og_image":[{"width":1600,"height":900,"url":"https:\/\/laspalomasresort.net\/wp-content\/uploads\/2025\/05\/SPA-17.jpeg","type":"image\/jpeg"}],"twitter_card":"summary_large_image","twitter_misc":{"Est. reading time":"2 minutos"},"schema":{"@context":"https:\/\/schema.org","@graph":[{"@type":"WebPage","@id":"https:\/\/laspalomasresort.net\/es\/actividades\/bienestar-y-rejuvenecimiento\/","url":"https:\/\/laspalomasresort.net\/es\/actividades\/bienestar-y-rejuvenecimiento\/","name":"Bienestar y Rejuvenecimiento - Las Palomas","isPartOf":{"@id":"https:\/\/laspalomasresort.net\/es\/#website"},"primaryImageOfPage":{"@id":"https:\/\/laspalomasresort.net\/es\/actividades\/bienestar-y-rejuvenecimiento\/#primaryimage"},"image":{"@id":"https:\/\/laspalomasresort.net\/es\/actividades\/bienestar-y-rejuvenecimiento\/#primaryimage"},"thumbnailUrl":"https:\/\/laspalomasresort.net\/wp-content\/uploads\/2025\/05\/SPA-17-1024x576.jpeg","datePublished":"2025-05-15T10:58:10+00:00","dateModified":"2025-09-05T20:25:41+00:00","breadcrumb":{"@id":"https:\/\/laspalomasresort.net\/es\/actividades\/bienestar-y-rejuvenecimiento\/#breadcrumb"},"inLanguage":"es","potentialAction":[{"@type":"ReadAction","target":["https:\/\/laspalomasresort.net\/es\/actividades\/bienestar-y-rejuvenecimiento\/"]}]},{"@type":"ImageObject","inLanguage":"es","@id":"https:\/\/laspalomasresort.net\/es\/actividades\/bienestar-y-rejuvenecimiento\/#primaryimage","url":"https:\/\/laspalomasresort.net\/wp-content\/uploads\/2025\/05\/SPA-17-1024x576.jpeg","contentUrl":"https:\/\/laspalomasresort.net\/wp-content\/uploads\/2025\/05\/SPA-17-1024x576.jpeg"},{"@type":"BreadcrumbList","@id":"https:\/\/laspalomasresort.net\/es\/actividades\/bienestar-y-rejuvenecimiento\/#breadcrumb","itemListElement":[{"@type":"ListItem","position":1,"name":"Home","item":"https:\/\/laspalomasresort.net\/es\/"},{"@type":"ListItem","position":2,"name":"Actividades","item":"https:\/\/laspalomasresort.net\/es\/actividades\/"},{"@type":"ListItem","position":3,"name":"Bienestar y Rejuvenecimiento"}]},{"@type":"WebSite","@id":"https:\/\/laspalomasresort.net\/es\/#website","url":"https:\/\/laspalomasresort.net\/es\/","name":"Las Palomas","description":"","potentialAction":[{"@type":"SearchAction","target":{"@type":"EntryPoint","urlTemplate":"https:\/\/laspalomasresort.net\/es\/?s={search_term_string}"},"query-input":{"@type":"PropertyValueSpecification","valueRequired":true,"valueName":"search_term_string"}}],"inLanguage":"es"}]}},"_links":{"self":[{"href":"https:\/\/laspalomasresort.net\/es\/wp-json\/wp\/v2\/pages\/15120","targetHints":{"allow":["GET"]}}],"collection":[{"href":"https:\/\/laspalomasresort.net\/es\/wp-json\/wp\/v2\/pages"}],"about":[{"href":"https:\/\/laspalomasresort.net\/es\/wp-json\/wp\/v2\/types\/page"}],"author":[{"embeddable":true,"href":"https:\/\/laspalomasresort.net\/es\/wp-json\/wp\/v2\/users\/2"}],"replies":[{"embeddable":true,"href":"https:\/\/laspalomasresort.net\/es\/wp-json\/wp\/v2\/comments?post=15120"}],"version-history":[{"count":0,"href":"https:\/\/laspalomasresort.net\/es\/wp-json\/wp\/v2\/pages\/15120\/revisions"}],"up":[{"embeddable":true,"href":"https:\/\/laspalomasresort.net\/es\/wp-json\/wp\/v2\/pages\/15153"}],"wp:attachment":[{"href":"https:\/\/laspalomasresort.net\/es\/wp-json\/wp\/v2\/media?parent=15120"}],"curies":[{"name":"wp","href":"https:\/\/api.w.org\/{rel}","templated":true}]}}