{"id":15112,"date":"2025-05-15T08:40:08","date_gmt":"2025-05-15T08:40:08","guid":{"rendered":"https:\/\/laspalomasresort.net\/lugares-de-boda\/"},"modified":"2025-06-27T15:04:51","modified_gmt":"2025-06-27T20:04:51","slug":"lugares-de-boda","status":"publish","type":"page","link":"https:\/\/laspalomasresort.net\/es\/grupos-y-bodas\/bodas\/lugares-de-boda\/","title":{"rendered":"Espacios para bodas"},"content":{"rendered":"\t\t<div data-elementor-type=\"wp-page\" data-elementor-id=\"15112\" class=\"elementor elementor-15112 elementor-14196\" data-elementor-post-type=\"page\">\n\t\t\t\t<div class=\"elementor-element elementor-element-aa61573 e-flex e-con-boxed e-con e-parent\" data-id=\"aa61573\" data-element_type=\"container\" data-e-type=\"container\" data-settings=\"{&quot;background_background&quot;:&quot;classic&quot;}\">\n\t\t\t\t\t<div class=\"e-con-inner\">\n\t\t\t\t<div class=\"elementor-element elementor-element-0467f6b elementor-widget elementor-widget-heading\" data-id=\"0467f6b\" data-element_type=\"widget\" data-e-type=\"widget\" data-widget_type=\"heading.default\">\n\t\t\t\t<div class=\"elementor-widget-container\">\n\t\t\t\t\t<h2 class=\"elementor-heading-title elementor-size-default\">Espacios para bodas<\/h2>\t\t\t\t<\/div>\n\t\t\t\t<\/div>\n\t\t\t\t\t<\/div>\n\t\t\t\t<\/div>\n\t\t<div class=\"elementor-element elementor-element-f191973 e-flex e-con-boxed e-con e-parent\" data-id=\"f191973\" data-element_type=\"container\" data-e-type=\"container\">\n\t\t\t\t\t<div class=\"e-con-inner\">\n\t\t\t\t<div class=\"elementor-element elementor-element-e707a4f elementor-widget elementor-widget-heading\" data-id=\"e707a4f\" data-element_type=\"widget\" data-e-type=\"widget\" data-widget_type=\"heading.default\">\n\t\t\t\t<div class=\"elementor-widget-container\">\n\t\t\t\t\t<h2 class=\"elementor-heading-title elementor-size-default\">Lugares \u00fanicos e inolvidables como tu historia de amor\n<\/h2>\t\t\t\t<\/div>\n\t\t\t\t<\/div>\n\t\t\t\t<div class=\"elementor-element elementor-element-5cf89e8 elementor-widget__width-initial elementor-widget elementor-widget-text-editor\" data-id=\"5cf89e8\" data-element_type=\"widget\" data-e-type=\"widget\" data-widget_type=\"text-editor.default\">\n\t\t\t\t<div class=\"elementor-widget-container\">\n\t\t\t\t\t\t\t\t\t<p><span style=\"font-weight: 400;\">Descubre los lugares m\u00e1s exclusivos para bodas en Puerto Pe\u00f1asco, solo en Las Palomas Beach &amp; Golf Resort, donde el lujo se fusiona con la impresionante belleza junto al mar. Ya sea que sue\u00f1es con una rom\u00e1ntica ceremonia frente al oc\u00e9ano, una elegante recepci\u00f3n en el jard\u00edn o una gran celebraci\u00f3n en interiores, nuestro resort ofrece espacios vers\u00e1tiles y espectaculares que se adaptan a tu visi\u00f3n. Comienza hoy a planear la boda de destino perfecta.  <\/span><\/p>\t\t\t\t\t\t\t\t<\/div>\n\t\t\t\t<\/div>\n\t\t\t\t\t<\/div>\n\t\t\t\t<\/div>\n\t\t\t\t<section class=\"elementor-section elementor-top-section elementor-element elementor-element-e2e750b elementor-section-stretched elementor-section-content-middle elementor-section-boxed elementor-section-height-default elementor-section-height-default\" data-id=\"e2e750b\" data-element_type=\"section\" data-e-type=\"section\" data-settings=\"{&quot;stretch_section&quot;:&quot;section-stretched&quot;,&quot;background_background&quot;:&quot;classic&quot;}\">\n\t\t\t\t\t\t<div class=\"elementor-container elementor-column-gap-default\">\n\t\t\t\t\t<div class=\"elementor-column elementor-col-50 elementor-top-column elementor-element elementor-element-a8194f9\" data-id=\"a8194f9\" data-element_type=\"column\" data-e-type=\"column\">\n\t\t\t<div class=\"elementor-widget-wrap elementor-element-populated\">\n\t\t\t\t\t\t<div class=\"elementor-element elementor-element-ea009d4 elementor-widget elementor-widget-image\" data-id=\"ea009d4\" data-element_type=\"widget\" data-e-type=\"widget\" data-widget_type=\"image.default\">\n\t\t\t\t<div class=\"elementor-widget-container\">\n\t\t\t\t\t\t\t\t\t\t\t\t\t\t\t<img fetchpriority=\"high\" decoding=\"async\" width=\"560\" height=\"500\" src=\"https:\/\/laspalomasresort.net\/wp-content\/uploads\/2025\/05\/phase-1-venues-1.jpg\" class=\"attachment-full size-full wp-image-14220\" alt=\"\" srcset=\"https:\/\/laspalomasresort.net\/wp-content\/uploads\/2025\/05\/phase-1-venues-1.jpg 560w, https:\/\/laspalomasresort.net\/wp-content\/uploads\/2025\/05\/phase-1-venues-1-300x268.jpg 300w\" sizes=\"(max-width: 560px) 100vw, 560px\" \/>\t\t\t\t\t\t\t\t\t\t\t\t\t\t\t<\/div>\n\t\t\t\t<\/div>\n\t\t\t\t\t<\/div>\n\t\t<\/div>\n\t\t\t\t<div class=\"elementor-column elementor-col-50 elementor-top-column elementor-element elementor-element-0328607\" data-id=\"0328607\" data-element_type=\"column\" data-e-type=\"column\">\n\t\t\t<div class=\"elementor-widget-wrap elementor-element-populated\">\n\t\t\t\t\t\t<div class=\"elementor-element elementor-element-e944b9f elementor-widget elementor-widget-heading\" data-id=\"e944b9f\" data-element_type=\"widget\" data-e-type=\"widget\" data-widget_type=\"heading.default\">\n\t\t\t\t<div class=\"elementor-widget-container\">\n\t\t\t\t\t<h2 class=\"elementor-heading-title elementor-size-default\">PUNTOS DE LA FASE I<\/h2>\t\t\t\t<\/div>\n\t\t\t\t<\/div>\n\t\t\t\t<div class=\"elementor-element elementor-element-470dc77 elementor-widget elementor-widget-text-editor\" data-id=\"470dc77\" data-element_type=\"widget\" data-e-type=\"widget\" data-widget_type=\"text-editor.default\">\n\t\t\t\t<div class=\"elementor-widget-container\">\n\t\t\t\t\t\t\t\t\t<h4><b>LA PLAYA <\/b><b><br><\/b><b>(20-100 pax)<\/b><\/h4><p><span style=\"font-weight: 400;\">Di &#8220;s\u00ed, acepto&#8221; con el Mar de Cort\u00e9s como tel\u00f3n de fondo, donde la suave arena dorada y el vaiv\u00e9n de las olas crean un ambiente rom\u00e1ntico e inolvidable.<\/span><\/p><p> <\/p><h4><b>JARD\u00cdN DE CRISTAL<\/b><b><br><\/b><b><i>Frente al mar<\/i><\/b><b><i><br><\/i><\/b><b>(20-300 pax)<\/b><\/h4><h4><span style=\"font-weight: 400;\">Recibe a tus invitados con un c\u00f3ctel de bienvenida o celebra al aire libre en el Jard\u00edn Cristal, nuestro espacio verde frente al mar con un hermoso c\u00e9sped natural. Ideal para reuniones sociales, actividades de integraci\u00f3n o recepciones \u00edntimas, este encantador entorno ofrece una atm\u00f3sfera costera pintoresca para cualquier ocasi\u00f3n. <\/span><span style=\"font-weight: 400;\"><br><\/span><span style=\"font-weight: 400;\"><br><\/span><b>TERRAZA RUBI<\/b><b><br><\/b><b>(20-100 pax)<\/b><\/h4>\t\t\t\t\t\t\t\t<\/div>\n\t\t\t\t<\/div>\n\t\t\t\t\t<\/div>\n\t\t<\/div>\n\t\t\t\t\t<\/div>\n\t\t<\/section>\n\t\t\t\t<section class=\"elementor-section elementor-top-section elementor-element elementor-element-4d9ce09 elementor-section-stretched elementor-section-content-middle elementor-reverse-mobile elementor-section-boxed elementor-section-height-default elementor-section-height-default\" data-id=\"4d9ce09\" data-element_type=\"section\" data-e-type=\"section\" data-settings=\"{&quot;stretch_section&quot;:&quot;section-stretched&quot;,&quot;background_background&quot;:&quot;classic&quot;}\">\n\t\t\t\t\t\t<div class=\"elementor-container elementor-column-gap-default\">\n\t\t\t\t\t<div class=\"elementor-column elementor-col-50 elementor-top-column elementor-element elementor-element-6b772d7\" data-id=\"6b772d7\" data-element_type=\"column\" data-e-type=\"column\">\n\t\t\t<div class=\"elementor-widget-wrap elementor-element-populated\">\n\t\t\t\t\t\t<div class=\"elementor-element elementor-element-b5e57b2 elementor-widget elementor-widget-heading\" data-id=\"b5e57b2\" data-element_type=\"widget\" data-e-type=\"widget\" data-widget_type=\"heading.default\">\n\t\t\t\t<div class=\"elementor-widget-container\">\n\t\t\t\t\t<h2 class=\"elementor-heading-title elementor-size-default\">PUNTOS DE LA FASE II<\/h2>\t\t\t\t<\/div>\n\t\t\t\t<\/div>\n\t\t\t\t<div class=\"elementor-element elementor-element-e71e3e7 elementor-widget elementor-widget-text-editor\" data-id=\"e71e3e7\" data-element_type=\"widget\" data-e-type=\"widget\" data-widget_type=\"text-editor.default\">\n\t\t\t\t<div class=\"elementor-widget-container\">\n\t\t\t\t\t\t\t\t\t<h4><b>LA PLAYA <\/b><b><br><\/b><b>(20-200 pax)<\/b><\/h4><p><span style=\"font-weight: 400;\">Di &#8220;s\u00ed, acepto&#8221; con el Mar de Cort\u00e9s como tel\u00f3n de fondo, donde la suave arena dorada y el vaiv\u00e9n de las olas crean un ambiente rom\u00e1ntico e inolvidable.<\/span><\/p><p> <\/p><h4><b>TERRAZA PANOR\u00c1MICA<\/b><\/h4><h4><b>Vista al mar<\/b><\/h4><h4><b>(20-110 pax)<\/b><\/h4><p><span style=\"font-weight: 400;\">Ubicada en lo alto del resort con una vista de 180\u00b0 del Jard\u00edn Cristal y la Terraza C\u00f3rdoba, la Terraza Panor\u00e1mica ofrece un entorno sereno y sofisticado para cualquier ocasi\u00f3n. Perfecta para c\u00f3cteles al atardecer, rompehielos o reuniones \u00edntimas, este espacio elevado brinda un fondo marino espectacular para momentos inolvidables. <\/span><\/p><p> <\/p><h4><b>TERRAZA DE C\u00d3RDOBA<\/b><\/h4><h4><b>Frente a la playa<\/b><\/h4><h4><b>(20-100 pax)<\/b><\/h4><p><span style=\"font-weight: 400;\">Situada justo en la playa, la Terraza C\u00f3rdoba ofrece un encantador espacio frente al mar con una p\u00e9rgola de madera y vistas impresionantes del Mar de Cort\u00e9s. Con acceso directo a la playa, este lugar es ideal para ceremonias de boda, c\u00f3cteles o eventos elegantes al aire libre, donde el sonido de las olas y los atardeceres crean un ambiente inolvidable. <\/span><\/p><p> <\/p><h4><b>CENTRO DE CONVENCIONES<\/b><\/h4><h4><b>(20-300 pax)<\/b><\/h4><p><span style=\"font-weight: 400;\">Dise\u00f1ado para eventos m\u00e1s grandes, nuestro amplio Centro de Convenciones ofrece un espacio refinado y vers\u00e1til para hasta 500 invitados. Ya sea que se trate de una lujosa recepci\u00f3n de boda, un evento corporativo o una celebraci\u00f3n especial, este elegante espacio cuenta con comodidades modernas, decoraci\u00f3n sofisticada y un servicio impecable, asegurando una experiencia verdaderamente inolvidable. <\/span><\/p>\t\t\t\t\t\t\t\t<\/div>\n\t\t\t\t<\/div>\n\t\t\t\t<div class=\"elementor-element elementor-element-59d655b elementor-widget elementor-widget-button\" data-id=\"59d655b\" data-element_type=\"widget\" data-e-type=\"widget\" data-widget_type=\"button.default\">\n\t\t\t\t<div class=\"elementor-widget-container\">\n\t\t\t\t\t\t\t\t\t<div class=\"elementor-button-wrapper\">\n\t\t\t\t\t<a class=\"elementor-button elementor-button-link elementor-size-sm\" href=\"https:\/\/laspalomasresort.net\/es\/grupos-y-bodas\/centro-de-convenciones\/\" target=\"_blank\">\n\t\t\t\t\t\t<span class=\"elementor-button-content-wrapper\">\n\t\t\t\t\t\t\t\t\t<span class=\"elementor-button-text\">Explora el Centro de Convenciones<\/span>\n\t\t\t\t\t<\/span>\n\t\t\t\t\t<\/a>\n\t\t\t\t<\/div>\n\t\t\t\t\t\t\t\t<\/div>\n\t\t\t\t<\/div>\n\t\t\t\t\t<\/div>\n\t\t<\/div>\n\t\t\t\t<div class=\"elementor-column elementor-col-50 elementor-top-column elementor-element elementor-element-9d1f655\" data-id=\"9d1f655\" data-element_type=\"column\" data-e-type=\"column\">\n\t\t\t<div class=\"elementor-widget-wrap elementor-element-populated\">\n\t\t\t\t\t\t<div class=\"elementor-element elementor-element-4b1af53 elementor-widget elementor-widget-image\" data-id=\"4b1af53\" data-element_type=\"widget\" data-e-type=\"widget\" data-widget_type=\"image.default\">\n\t\t\t\t<div class=\"elementor-widget-container\">\n\t\t\t\t\t\t\t\t\t\t\t\t\t\t\t<img decoding=\"async\" width=\"560\" height=\"500\" src=\"https:\/\/laspalomasresort.net\/wp-content\/uploads\/2025\/05\/phase-2-venues-1.jpg\" class=\"attachment-full size-full wp-image-14218\" alt=\"\" srcset=\"https:\/\/laspalomasresort.net\/wp-content\/uploads\/2025\/05\/phase-2-venues-1.jpg 560w, https:\/\/laspalomasresort.net\/wp-content\/uploads\/2025\/05\/phase-2-venues-1-300x268.jpg 300w\" sizes=\"(max-width: 560px) 100vw, 560px\" \/>\t\t\t\t\t\t\t\t\t\t\t\t\t\t\t<\/div>\n\t\t\t\t<\/div>\n\t\t\t\t\t<\/div>\n\t\t<\/div>\n\t\t\t\t\t<\/div>\n\t\t<\/section>\n\t\t\t\t<\/div>\n\t\t","protected":false},"excerpt":{"rendered":"<p>Espacios para bodas Lugares \u00fanicos e inolvidables como tu historia de amor Descubre los lugares m\u00e1s exclusivos para bodas en Puerto Pe\u00f1asco, solo en Las Palomas Beach &amp; Golf Resort, donde el lujo se fusiona con la impresionante belleza junto al mar. Ya sea que sue\u00f1es con una rom\u00e1ntica ceremonia frente al oc\u00e9ano, una elegante [&hellip;]<\/p>\n","protected":false},"author":2,"featured_media":0,"parent":15118,"menu_order":0,"comment_status":"closed","ping_status":"closed","template":"elementor_header_footer","meta":{"_acf_changed":false,"footnotes":""},"class_list":["post-15112","page","type-page","status-publish","hentry"],"acf":[],"yoast_head":"<!-- This site is optimized with the Yoast SEO plugin v27.4 - https:\/\/yoast.com\/product\/yoast-seo-wordpress\/ -->\n<title>Espacios para bodas - Las Palomas<\/title>\n<meta name=\"robots\" content=\"index, follow, max-snippet:-1, max-image-preview:large, max-video-preview:-1\" \/>\n<link rel=\"canonical\" href=\"https:\/\/laspalomasresort.net\/es\/grupos-y-bodas\/bodas\/lugares-de-boda\/\" \/>\n<meta property=\"og:locale\" content=\"es_MX\" \/>\n<meta property=\"og:type\" content=\"article\" \/>\n<meta property=\"og:title\" content=\"Espacios para bodas - Las Palomas\" \/>\n<meta property=\"og:description\" content=\"Espacios para bodas Lugares \u00fanicos e inolvidables como tu historia de amor Descubre los lugares m\u00e1s exclusivos para bodas en Puerto Pe\u00f1asco, solo en Las Palomas Beach &amp; Golf Resort, donde el lujo se fusiona con la impresionante belleza junto al mar. Ya sea que sue\u00f1es con una rom\u00e1ntica ceremonia frente al oc\u00e9ano, una elegante [&hellip;]\" \/>\n<meta property=\"og:url\" content=\"https:\/\/laspalomasresort.net\/es\/grupos-y-bodas\/bodas\/lugares-de-boda\/\" \/>\n<meta property=\"og:site_name\" content=\"Las Palomas\" \/>\n<meta property=\"article:modified_time\" content=\"2025-06-27T20:04:51+00:00\" \/>\n<meta property=\"og:image\" content=\"https:\/\/laspalomasresort.net\/wp-content\/uploads\/2025\/05\/phase-1-venues-1.jpg\" \/>\n\t<meta property=\"og:image:width\" content=\"560\" \/>\n\t<meta property=\"og:image:height\" content=\"500\" \/>\n\t<meta property=\"og:image:type\" content=\"image\/jpeg\" \/>\n<meta name=\"twitter:card\" content=\"summary_large_image\" \/>\n<meta name=\"twitter:label1\" content=\"Est. reading time\" \/>\n\t<meta name=\"twitter:data1\" content=\"2 minutos\" \/>\n<script type=\"application\/ld+json\" class=\"yoast-schema-graph\">{\"@context\":\"https:\\\/\\\/schema.org\",\"@graph\":[{\"@type\":\"WebPage\",\"@id\":\"https:\\\/\\\/laspalomasresort.net\\\/es\\\/grupos-y-bodas\\\/bodas\\\/lugares-de-boda\\\/\",\"url\":\"https:\\\/\\\/laspalomasresort.net\\\/es\\\/grupos-y-bodas\\\/bodas\\\/lugares-de-boda\\\/\",\"name\":\"Espacios para bodas - Las Palomas\",\"isPartOf\":{\"@id\":\"https:\\\/\\\/laspalomasresort.net\\\/es\\\/#website\"},\"primaryImageOfPage\":{\"@id\":\"https:\\\/\\\/laspalomasresort.net\\\/es\\\/grupos-y-bodas\\\/bodas\\\/lugares-de-boda\\\/#primaryimage\"},\"image\":{\"@id\":\"https:\\\/\\\/laspalomasresort.net\\\/es\\\/grupos-y-bodas\\\/bodas\\\/lugares-de-boda\\\/#primaryimage\"},\"thumbnailUrl\":\"https:\\\/\\\/laspalomasresort.net\\\/wp-content\\\/uploads\\\/2025\\\/05\\\/phase-1-venues-1.jpg\",\"datePublished\":\"2025-05-15T08:40:08+00:00\",\"dateModified\":\"2025-06-27T20:04:51+00:00\",\"breadcrumb\":{\"@id\":\"https:\\\/\\\/laspalomasresort.net\\\/es\\\/grupos-y-bodas\\\/bodas\\\/lugares-de-boda\\\/#breadcrumb\"},\"inLanguage\":\"es\",\"potentialAction\":[{\"@type\":\"ReadAction\",\"target\":[\"https:\\\/\\\/laspalomasresort.net\\\/es\\\/grupos-y-bodas\\\/bodas\\\/lugares-de-boda\\\/\"]}]},{\"@type\":\"ImageObject\",\"inLanguage\":\"es\",\"@id\":\"https:\\\/\\\/laspalomasresort.net\\\/es\\\/grupos-y-bodas\\\/bodas\\\/lugares-de-boda\\\/#primaryimage\",\"url\":\"https:\\\/\\\/laspalomasresort.net\\\/wp-content\\\/uploads\\\/2025\\\/05\\\/phase-1-venues-1.jpg\",\"contentUrl\":\"https:\\\/\\\/laspalomasresort.net\\\/wp-content\\\/uploads\\\/2025\\\/05\\\/phase-1-venues-1.jpg\"},{\"@type\":\"BreadcrumbList\",\"@id\":\"https:\\\/\\\/laspalomasresort.net\\\/es\\\/grupos-y-bodas\\\/bodas\\\/lugares-de-boda\\\/#breadcrumb\",\"itemListElement\":[{\"@type\":\"ListItem\",\"position\":1,\"name\":\"Home\",\"item\":\"https:\\\/\\\/laspalomasresort.net\\\/es\\\/\"},{\"@type\":\"ListItem\",\"position\":2,\"name\":\"Grupos y Bodas\",\"item\":\"https:\\\/\\\/laspalomasresort.net\\\/es\\\/grupos-y-bodas\\\/\"},{\"@type\":\"ListItem\",\"position\":3,\"name\":\"Bodas\",\"item\":\"https:\\\/\\\/laspalomasresort.net\\\/es\\\/grupos-y-bodas\\\/bodas\\\/\"},{\"@type\":\"ListItem\",\"position\":4,\"name\":\"Espacios para bodas\"}]},{\"@type\":\"WebSite\",\"@id\":\"https:\\\/\\\/laspalomasresort.net\\\/es\\\/#website\",\"url\":\"https:\\\/\\\/laspalomasresort.net\\\/es\\\/\",\"name\":\"Las Palomas\",\"description\":\"\",\"potentialAction\":[{\"@type\":\"SearchAction\",\"target\":{\"@type\":\"EntryPoint\",\"urlTemplate\":\"https:\\\/\\\/laspalomasresort.net\\\/es\\\/?s={search_term_string}\"},\"query-input\":{\"@type\":\"PropertyValueSpecification\",\"valueRequired\":true,\"valueName\":\"search_term_string\"}}],\"inLanguage\":\"es\"}]}<\/script>\n<!-- \/ Yoast SEO plugin. -->","yoast_head_json":{"title":"Espacios para bodas - Las Palomas","robots":{"index":"index","follow":"follow","max-snippet":"max-snippet:-1","max-image-preview":"max-image-preview:large","max-video-preview":"max-video-preview:-1"},"canonical":"https:\/\/laspalomasresort.net\/es\/grupos-y-bodas\/bodas\/lugares-de-boda\/","og_locale":"es_MX","og_type":"article","og_title":"Espacios para bodas - Las Palomas","og_description":"Espacios para bodas Lugares \u00fanicos e inolvidables como tu historia de amor Descubre los lugares m\u00e1s exclusivos para bodas en Puerto Pe\u00f1asco, solo en Las Palomas Beach &amp; Golf Resort, donde el lujo se fusiona con la impresionante belleza junto al mar. Ya sea que sue\u00f1es con una rom\u00e1ntica ceremonia frente al oc\u00e9ano, una elegante [&hellip;]","og_url":"https:\/\/laspalomasresort.net\/es\/grupos-y-bodas\/bodas\/lugares-de-boda\/","og_site_name":"Las Palomas","article_modified_time":"2025-06-27T20:04:51+00:00","og_image":[{"width":560,"height":500,"url":"https:\/\/laspalomasresort.net\/wp-content\/uploads\/2025\/05\/phase-1-venues-1.jpg","type":"image\/jpeg"}],"twitter_card":"summary_large_image","twitter_misc":{"Est. reading time":"2 minutos"},"schema":{"@context":"https:\/\/schema.org","@graph":[{"@type":"WebPage","@id":"https:\/\/laspalomasresort.net\/es\/grupos-y-bodas\/bodas\/lugares-de-boda\/","url":"https:\/\/laspalomasresort.net\/es\/grupos-y-bodas\/bodas\/lugares-de-boda\/","name":"Espacios para bodas - Las Palomas","isPartOf":{"@id":"https:\/\/laspalomasresort.net\/es\/#website"},"primaryImageOfPage":{"@id":"https:\/\/laspalomasresort.net\/es\/grupos-y-bodas\/bodas\/lugares-de-boda\/#primaryimage"},"image":{"@id":"https:\/\/laspalomasresort.net\/es\/grupos-y-bodas\/bodas\/lugares-de-boda\/#primaryimage"},"thumbnailUrl":"https:\/\/laspalomasresort.net\/wp-content\/uploads\/2025\/05\/phase-1-venues-1.jpg","datePublished":"2025-05-15T08:40:08+00:00","dateModified":"2025-06-27T20:04:51+00:00","breadcrumb":{"@id":"https:\/\/laspalomasresort.net\/es\/grupos-y-bodas\/bodas\/lugares-de-boda\/#breadcrumb"},"inLanguage":"es","potentialAction":[{"@type":"ReadAction","target":["https:\/\/laspalomasresort.net\/es\/grupos-y-bodas\/bodas\/lugares-de-boda\/"]}]},{"@type":"ImageObject","inLanguage":"es","@id":"https:\/\/laspalomasresort.net\/es\/grupos-y-bodas\/bodas\/lugares-de-boda\/#primaryimage","url":"https:\/\/laspalomasresort.net\/wp-content\/uploads\/2025\/05\/phase-1-venues-1.jpg","contentUrl":"https:\/\/laspalomasresort.net\/wp-content\/uploads\/2025\/05\/phase-1-venues-1.jpg"},{"@type":"BreadcrumbList","@id":"https:\/\/laspalomasresort.net\/es\/grupos-y-bodas\/bodas\/lugares-de-boda\/#breadcrumb","itemListElement":[{"@type":"ListItem","position":1,"name":"Home","item":"https:\/\/laspalomasresort.net\/es\/"},{"@type":"ListItem","position":2,"name":"Grupos y Bodas","item":"https:\/\/laspalomasresort.net\/es\/grupos-y-bodas\/"},{"@type":"ListItem","position":3,"name":"Bodas","item":"https:\/\/laspalomasresort.net\/es\/grupos-y-bodas\/bodas\/"},{"@type":"ListItem","position":4,"name":"Espacios para bodas"}]},{"@type":"WebSite","@id":"https:\/\/laspalomasresort.net\/es\/#website","url":"https:\/\/laspalomasresort.net\/es\/","name":"Las Palomas","description":"","potentialAction":[{"@type":"SearchAction","target":{"@type":"EntryPoint","urlTemplate":"https:\/\/laspalomasresort.net\/es\/?s={search_term_string}"},"query-input":{"@type":"PropertyValueSpecification","valueRequired":true,"valueName":"search_term_string"}}],"inLanguage":"es"}]}},"_links":{"self":[{"href":"https:\/\/laspalomasresort.net\/es\/wp-json\/wp\/v2\/pages\/15112","targetHints":{"allow":["GET"]}}],"collection":[{"href":"https:\/\/laspalomasresort.net\/es\/wp-json\/wp\/v2\/pages"}],"about":[{"href":"https:\/\/laspalomasresort.net\/es\/wp-json\/wp\/v2\/types\/page"}],"author":[{"embeddable":true,"href":"https:\/\/laspalomasresort.net\/es\/wp-json\/wp\/v2\/users\/2"}],"replies":[{"embeddable":true,"href":"https:\/\/laspalomasresort.net\/es\/wp-json\/wp\/v2\/comments?post=15112"}],"version-history":[{"count":0,"href":"https:\/\/laspalomasresort.net\/es\/wp-json\/wp\/v2\/pages\/15112\/revisions"}],"up":[{"embeddable":true,"href":"https:\/\/laspalomasresort.net\/es\/wp-json\/wp\/v2\/pages\/15118"}],"wp:attachment":[{"href":"https:\/\/laspalomasresort.net\/es\/wp-json\/wp\/v2\/media?parent=15112"}],"curies":[{"name":"wp","href":"https:\/\/api.w.org\/{rel}","templated":true}]}}