{"id":15111,"date":"2025-05-22T09:32:28","date_gmt":"2025-05-22T14:32:28","guid":{"rendered":"https:\/\/laspalomasresort.net\/ubicacion\/"},"modified":"2025-09-05T15:26:35","modified_gmt":"2025-09-05T20:26:35","slug":"ubicacion","status":"publish","type":"page","link":"https:\/\/laspalomasresort.net\/es\/ubicacion\/","title":{"rendered":"Ubicaci\u00f3n"},"content":{"rendered":"\t\t<div data-elementor-type=\"wp-page\" data-elementor-id=\"15111\" class=\"elementor elementor-15111 elementor-14779\" data-elementor-post-type=\"page\">\n\t\t\t\t<div class=\"elementor-element elementor-element-aa61573 e-flex e-con-boxed e-con e-parent\" data-id=\"aa61573\" data-element_type=\"container\" data-e-type=\"container\" data-settings=\"{&quot;background_background&quot;:&quot;classic&quot;}\">\n\t\t\t\t\t<div class=\"e-con-inner\">\n\t\t\t\t<div class=\"elementor-element elementor-element-0467f6b elementor-widget elementor-widget-heading\" data-id=\"0467f6b\" data-element_type=\"widget\" data-e-type=\"widget\" data-widget_type=\"heading.default\">\n\t\t\t\t<div class=\"elementor-widget-container\">\n\t\t\t\t\t<h2 class=\"elementor-heading-title elementor-size-default\">Ubicaci\u00f3n<\/h2>\t\t\t\t<\/div>\n\t\t\t\t<\/div>\n\t\t\t\t\t<\/div>\n\t\t\t\t<\/div>\n\t\t<div class=\"elementor-element elementor-element-f191973 e-flex e-con-boxed e-con e-parent\" data-id=\"f191973\" data-element_type=\"container\" data-e-type=\"container\">\n\t\t\t\t\t<div class=\"e-con-inner\">\n\t\t\t\t<div class=\"elementor-element elementor-element-e707a4f elementor-widget elementor-widget-heading\" data-id=\"e707a4f\" data-element_type=\"widget\" data-e-type=\"widget\" data-widget_type=\"heading.default\">\n\t\t\t\t<div class=\"elementor-widget-container\">\n\t\t\t\t\t<h2 class=\"elementor-heading-title elementor-size-default\">Tu puerta de entrada a lo mejor del Mar de Cort\u00e9s<\/h2>\t\t\t\t<\/div>\n\t\t\t\t<\/div>\n\t\t\t\t\t<\/div>\n\t\t\t\t<\/div>\n\t\t\t\t<section class=\"elementor-section elementor-top-section elementor-element elementor-element-e2e750b elementor-section-stretched elementor-section-content-middle elementor-section-boxed elementor-section-height-default elementor-section-height-default\" data-id=\"e2e750b\" data-element_type=\"section\" data-e-type=\"section\" data-settings=\"{&quot;stretch_section&quot;:&quot;section-stretched&quot;,&quot;background_background&quot;:&quot;classic&quot;}\">\n\t\t\t\t\t\t<div class=\"elementor-container elementor-column-gap-default\">\n\t\t\t\t\t<div class=\"elementor-column elementor-col-50 elementor-top-column elementor-element elementor-element-a8194f9\" data-id=\"a8194f9\" data-element_type=\"column\" data-e-type=\"column\">\n\t\t\t<div class=\"elementor-widget-wrap elementor-element-populated\">\n\t\t\t\t\t\t<div class=\"elementor-element elementor-element-ea009d4 elementor-widget elementor-widget-image\" data-id=\"ea009d4\" data-element_type=\"widget\" data-e-type=\"widget\" data-widget_type=\"image.default\">\n\t\t\t\t<div class=\"elementor-widget-container\">\n\t\t\t\t\t\t\t\t\t\t\t\t\t\t\t<img fetchpriority=\"high\" decoding=\"async\" width=\"1200\" height=\"800\" src=\"https:\/\/laspalomasresort.net\/wp-content\/uploads\/2025\/05\/puerto-penasco.jpg\" class=\"attachment-full size-full wp-image-14782\" alt=\"\" srcset=\"https:\/\/laspalomasresort.net\/wp-content\/uploads\/2025\/05\/puerto-penasco.jpg 1200w, https:\/\/laspalomasresort.net\/wp-content\/uploads\/2025\/05\/puerto-penasco-300x200.jpg 300w, https:\/\/laspalomasresort.net\/wp-content\/uploads\/2025\/05\/puerto-penasco-1024x683.jpg 1024w, https:\/\/laspalomasresort.net\/wp-content\/uploads\/2025\/05\/puerto-penasco-768x512.jpg 768w\" sizes=\"(max-width: 1200px) 100vw, 1200px\" \/>\t\t\t\t\t\t\t\t\t\t\t\t\t\t\t<\/div>\n\t\t\t\t<\/div>\n\t\t\t\t\t<\/div>\n\t\t<\/div>\n\t\t\t\t<div class=\"elementor-column elementor-col-50 elementor-top-column elementor-element elementor-element-0328607\" data-id=\"0328607\" data-element_type=\"column\" data-e-type=\"column\">\n\t\t\t<div class=\"elementor-widget-wrap elementor-element-populated\">\n\t\t\t\t\t\t<div class=\"elementor-element elementor-element-470dc77 elementor-widget elementor-widget-text-editor\" data-id=\"470dc77\" data-element_type=\"widget\" data-e-type=\"widget\" data-widget_type=\"text-editor.default\">\n\t\t\t\t<div class=\"elementor-widget-container\">\n\t\t\t\t\t\t\t\t\t<p><span style=\"font-weight: 400;\">Las Palomas Beach &amp; Golf Resort est\u00e1 perfectamente ubicado en la zona hotelera de Sandy Beach en Puerto Pe\u00f1asco (Rocky Point), Sonora, M\u00e9xico, y ofrece acceso directo a las doradas playas del Mar de Cort\u00e9s. Reconocido por su ubicaci\u00f3n privilegiada frente al mar, Las Palomas te sit\u00faa a solo minutos del Malec\u00f3n (Puerto Viejo), restaurantes locales, tiendas y una amplia variedad de aventuras al aire libre y atracciones culturales.<\/span><\/p>\t\t\t\t\t\t\t\t<\/div>\n\t\t\t\t<\/div>\n\t\t\t\t\t<\/div>\n\t\t<\/div>\n\t\t\t\t\t<\/div>\n\t\t<\/section>\n\t\t\t\t<section class=\"elementor-section elementor-top-section elementor-element elementor-element-2c2f942 elementor-section-stretched elementor-section-content-middle elementor-section-boxed elementor-section-height-default elementor-section-height-default\" data-id=\"2c2f942\" data-element_type=\"section\" data-e-type=\"section\" data-settings=\"{&quot;stretch_section&quot;:&quot;section-stretched&quot;,&quot;background_background&quot;:&quot;classic&quot;}\">\n\t\t\t\t\t\t<div class=\"elementor-container elementor-column-gap-default\">\n\t\t\t\t\t<div class=\"elementor-column elementor-col-50 elementor-top-column elementor-element elementor-element-fafe5ca\" data-id=\"fafe5ca\" data-element_type=\"column\" data-e-type=\"column\">\n\t\t\t<div class=\"elementor-widget-wrap elementor-element-populated\">\n\t\t\t\t\t\t<div class=\"elementor-element elementor-element-d168436 elementor-widget elementor-widget-text-editor\" data-id=\"d168436\" data-element_type=\"widget\" data-e-type=\"widget\" data-widget_type=\"text-editor.default\">\n\t\t\t\t<div class=\"elementor-widget-container\">\n\t\t\t\t\t\t\t\t\t<p><span style=\"font-weight: 400;\">Ya sea que nos visites para una escapada rom\u00e1ntica, unas vacaciones en familia o una boda de destino, disfrutar\u00e1s de la comodidad de estar cerca de todo, mientras te sientes resguardado en tu propio refugio privado frente al mar. Con su ubicaci\u00f3n inigualable, impresionantes vistas al oc\u00e9ano y f\u00e1cil acceso desde Estados Unidos, Las Palomas es el punto de partida ideal para explorar todo lo que Puerto Pe\u00f1asco tiene para ofrecer.<\/span><\/p>\t\t\t\t\t\t\t\t<\/div>\n\t\t\t\t<\/div>\n\t\t\t\t\t<\/div>\n\t\t<\/div>\n\t\t\t\t<div class=\"elementor-column elementor-col-50 elementor-top-column elementor-element elementor-element-35f6557\" data-id=\"35f6557\" data-element_type=\"column\" data-e-type=\"column\">\n\t\t\t<div class=\"elementor-widget-wrap elementor-element-populated\">\n\t\t\t\t\t\t<div class=\"elementor-element elementor-element-9e6d410 elementor-widget elementor-widget-image\" data-id=\"9e6d410\" data-element_type=\"widget\" data-e-type=\"widget\" data-widget_type=\"image.default\">\n\t\t\t\t<div class=\"elementor-widget-container\">\n\t\t\t\t\t\t\t\t\t\t\t\t\t\t\t<img decoding=\"async\" width=\"1200\" height=\"800\" src=\"https:\/\/laspalomasresort.net\/wp-content\/uploads\/2025\/05\/puerto-penasco-2-1.jpg\" class=\"attachment-full size-full wp-image-14914\" alt=\"\" srcset=\"https:\/\/laspalomasresort.net\/wp-content\/uploads\/2025\/05\/puerto-penasco-2-1.jpg 1200w, https:\/\/laspalomasresort.net\/wp-content\/uploads\/2025\/05\/puerto-penasco-2-1-300x200.jpg 300w, https:\/\/laspalomasresort.net\/wp-content\/uploads\/2025\/05\/puerto-penasco-2-1-1024x683.jpg 1024w, https:\/\/laspalomasresort.net\/wp-content\/uploads\/2025\/05\/puerto-penasco-2-1-768x512.jpg 768w\" sizes=\"(max-width: 1200px) 100vw, 1200px\" \/>\t\t\t\t\t\t\t\t\t\t\t\t\t\t\t<\/div>\n\t\t\t\t<\/div>\n\t\t\t\t\t<\/div>\n\t\t<\/div>\n\t\t\t\t\t<\/div>\n\t\t<\/section>\n\t\t\t\t<section class=\"elementor-section elementor-top-section elementor-element elementor-element-68d181d elementor-section-stretched elementor-section-content-middle elementor-section-boxed elementor-section-height-default elementor-section-height-default\" data-id=\"68d181d\" data-element_type=\"section\" data-e-type=\"section\" data-settings=\"{&quot;stretch_section&quot;:&quot;section-stretched&quot;,&quot;background_background&quot;:&quot;classic&quot;}\">\n\t\t\t\t\t\t<div class=\"elementor-container elementor-column-gap-default\">\n\t\t\t\t\t<div class=\"elementor-column elementor-col-100 elementor-top-column elementor-element elementor-element-e9556d3\" data-id=\"e9556d3\" data-element_type=\"column\" data-e-type=\"column\">\n\t\t\t<div class=\"elementor-widget-wrap elementor-element-populated\">\n\t\t\t\t\t\t<div class=\"elementor-element elementor-element-fc933ef elementor-widget elementor-widget-text-editor\" data-id=\"fc933ef\" data-element_type=\"widget\" data-e-type=\"widget\" data-widget_type=\"text-editor.default\">\n\t\t\t\t<div class=\"elementor-widget-container\">\n\t\t\t\t\t\t\t\t\t<p><span class=\"contenido_azul\"><strong>C\u00f3mo llegar a Las Palomas Resort Una vez en Puerto Pe\u00f1asco.<\/strong><\/span><\/p><p>Indicaciones para llegar en coche Las Palomas se encuentra en Sandy Beach en Puerto Pe\u00f1asco. Al entrar en Puerto Pe\u00f1asco, gire a la derecha en el tercer sem\u00e1foro en \u201cCalle 26\u201d o \u201cNo Reeleccion\u201d. Contin\u00faa recto por esta calle pasando dos sem\u00e1foros. Las Palomas La propiedad de Sea Side Community comienza en la rotonda. A poca distancia, la calle se curvar\u00e1 hacia la derecha y, en la siguiente rotonda, tome la salida de la izquierda que conduce a la puerta de seguridad de Las Palomas. Puedes aparcar temporalmente cerca de la entrada del vest\u00edbulo para inscribirte.<\/p><p><strong>Desde Arizona <\/strong>Toma la AZ-85. (80,2 millas hasta Lukeville, Az) Cruza la frontera. Cuando empiece a entrar en Puerto Pe\u00f1asco, gire a la derecha en el tercer sem\u00e1foro por la calle \u201cCalle 26\u201d o \u201cNo Reeleccion\u201d. Siga recto por esta calle y despu\u00e9s de cruzar las v\u00edas del tren, comienza la propiedad de Las Palomas Sea Side Community donde saldr\u00e1 a la izquierda rodeando la rotonda. A poca distancia, la calle se curvar\u00e1 hacia la derecha. Siga recto por esta calle a lo largo de las dunas de arena hasta una rotonda donde saliendo a la izquierda se llega a la puerta de seguridad de la entrada principal de Las Palomas Resort.<\/p><p><strong> <\/strong><\/p><p><strong>Desde California <\/strong>Toma la US-101 S, luego la I-10 E hacia SAN BERNARDINO (Cruzando a ARIZONA 337,6 millas), Incorp\u00f3rate a la AZ-85 S por la SALIDA 112 hacia GILA BEND (36,5 millas) Gira a la DERECHA en la AZ-85. (80,2 millas hasta Lukeville, Az) Cruza la frontera. Cuando empiece a entrar en Puerto Pe\u00f1asco, gire a la derecha en el tercer sem\u00e1foro por la calle \u201cCalle 26\u201d o \u201cNo Reeleccion\u201d. Siga recto por esta calle y despu\u00e9s de cruzar las v\u00edas del tren, comienza la propiedad de Las Palomas Sea Side Community donde saldr\u00e1 a la izquierda rodeando la rotonda. A poca distancia, la calle se curvar\u00e1 hacia la derecha. Siga recto por esta calle a lo largo de las dunas de arena hasta una rotonda donde saliendo a la izquierda se llega a la puerta de seguridad de la entrada principal de Las Palomas Resort.<\/p><ul><li><span style=\"text-decoration: underline;\"><a href=\"https:\/\/laspalomasresort.net\/wp-content\/uploads\/2025\/05\/puerto-penasco-sonora-california_i.pdf\" target=\"_blank\" rel=\"noopener\">Mapa e indicaciones para llegar<\/a><\/span><\/li><li><span style=\"text-decoration: underline;\"><a href=\"https:\/\/laspalomasresort.net\/wp-content\/uploads\/2025\/05\/puerto-penasco-sonora-ephoenix_i.pdf\">Desde Phoenix, AZ &#8211; East Valley<\/a><\/span><\/li><li><span style=\"text-decoration: underline;\"><a href=\"https:\/\/laspalomasresort.net\/wp-content\/uploads\/2025\/05\/puerto-penasco-sonora-tucson_i.pdf\">Desde Tucson, AZ<\/a><\/span><\/li><\/ul>\t\t\t\t\t\t\t\t<\/div>\n\t\t\t\t<\/div>\n\t\t\t\t\t<\/div>\n\t\t<\/div>\n\t\t\t\t\t<\/div>\n\t\t<\/section>\n\t\t\t\t<\/div>\n\t\t","protected":false},"excerpt":{"rendered":"<p>Ubicaci\u00f3n Tu puerta de entrada a lo mejor del Mar de Cort\u00e9s Las Palomas Beach &amp; Golf Resort est\u00e1 perfectamente ubicado en la zona hotelera de Sandy Beach en Puerto Pe\u00f1asco (Rocky Point), Sonora, M\u00e9xico, y ofrece acceso directo a las doradas playas del Mar de Cort\u00e9s. Reconocido por su ubicaci\u00f3n privilegiada frente al mar, [&hellip;]<\/p>\n","protected":false},"author":2,"featured_media":0,"parent":0,"menu_order":0,"comment_status":"closed","ping_status":"closed","template":"elementor_header_footer","meta":{"_acf_changed":false,"footnotes":""},"class_list":["post-15111","page","type-page","status-publish","hentry"],"acf":[],"yoast_head":"<!-- This site is optimized with the Yoast SEO plugin v27.4 - https:\/\/yoast.com\/product\/yoast-seo-wordpress\/ -->\n<title>Ubicaci\u00f3n - Las Palomas<\/title>\n<meta name=\"robots\" content=\"index, follow, max-snippet:-1, max-image-preview:large, max-video-preview:-1\" \/>\n<link rel=\"canonical\" href=\"https:\/\/laspalomasresort.net\/es\/ubicacion\/\" \/>\n<meta property=\"og:locale\" content=\"es_MX\" \/>\n<meta property=\"og:type\" content=\"article\" \/>\n<meta property=\"og:title\" content=\"Ubicaci\u00f3n - Las Palomas\" \/>\n<meta property=\"og:description\" content=\"Ubicaci\u00f3n Tu puerta de entrada a lo mejor del Mar de Cort\u00e9s Las Palomas Beach &amp; Golf Resort est\u00e1 perfectamente ubicado en la zona hotelera de Sandy Beach en Puerto Pe\u00f1asco (Rocky Point), Sonora, M\u00e9xico, y ofrece acceso directo a las doradas playas del Mar de Cort\u00e9s. Reconocido por su ubicaci\u00f3n privilegiada frente al mar, [&hellip;]\" \/>\n<meta property=\"og:url\" content=\"https:\/\/laspalomasresort.net\/es\/ubicacion\/\" \/>\n<meta property=\"og:site_name\" content=\"Las Palomas\" \/>\n<meta property=\"article:modified_time\" content=\"2025-09-05T20:26:35+00:00\" \/>\n<meta property=\"og:image\" content=\"https:\/\/laspalomasresort.net\/wp-content\/uploads\/2025\/05\/puerto-penasco.jpg\" \/>\n\t<meta property=\"og:image:width\" content=\"1200\" \/>\n\t<meta property=\"og:image:height\" content=\"800\" \/>\n\t<meta property=\"og:image:type\" content=\"image\/jpeg\" \/>\n<meta name=\"twitter:card\" content=\"summary_large_image\" \/>\n<meta name=\"twitter:label1\" content=\"Est. reading time\" \/>\n\t<meta name=\"twitter:data1\" content=\"3 minutos\" \/>\n<script type=\"application\/ld+json\" class=\"yoast-schema-graph\">{\"@context\":\"https:\\\/\\\/schema.org\",\"@graph\":[{\"@type\":\"WebPage\",\"@id\":\"https:\\\/\\\/laspalomasresort.net\\\/es\\\/ubicacion\\\/\",\"url\":\"https:\\\/\\\/laspalomasresort.net\\\/es\\\/ubicacion\\\/\",\"name\":\"Ubicaci\u00f3n - Las Palomas\",\"isPartOf\":{\"@id\":\"https:\\\/\\\/laspalomasresort.net\\\/es\\\/#website\"},\"primaryImageOfPage\":{\"@id\":\"https:\\\/\\\/laspalomasresort.net\\\/es\\\/ubicacion\\\/#primaryimage\"},\"image\":{\"@id\":\"https:\\\/\\\/laspalomasresort.net\\\/es\\\/ubicacion\\\/#primaryimage\"},\"thumbnailUrl\":\"https:\\\/\\\/laspalomasresort.net\\\/wp-content\\\/uploads\\\/2025\\\/05\\\/puerto-penasco.jpg\",\"datePublished\":\"2025-05-22T14:32:28+00:00\",\"dateModified\":\"2025-09-05T20:26:35+00:00\",\"breadcrumb\":{\"@id\":\"https:\\\/\\\/laspalomasresort.net\\\/es\\\/ubicacion\\\/#breadcrumb\"},\"inLanguage\":\"es\",\"potentialAction\":[{\"@type\":\"ReadAction\",\"target\":[\"https:\\\/\\\/laspalomasresort.net\\\/es\\\/ubicacion\\\/\"]}]},{\"@type\":\"ImageObject\",\"inLanguage\":\"es\",\"@id\":\"https:\\\/\\\/laspalomasresort.net\\\/es\\\/ubicacion\\\/#primaryimage\",\"url\":\"https:\\\/\\\/laspalomasresort.net\\\/wp-content\\\/uploads\\\/2025\\\/05\\\/puerto-penasco.jpg\",\"contentUrl\":\"https:\\\/\\\/laspalomasresort.net\\\/wp-content\\\/uploads\\\/2025\\\/05\\\/puerto-penasco.jpg\"},{\"@type\":\"BreadcrumbList\",\"@id\":\"https:\\\/\\\/laspalomasresort.net\\\/es\\\/ubicacion\\\/#breadcrumb\",\"itemListElement\":[{\"@type\":\"ListItem\",\"position\":1,\"name\":\"Home\",\"item\":\"https:\\\/\\\/laspalomasresort.net\\\/es\\\/\"},{\"@type\":\"ListItem\",\"position\":2,\"name\":\"Ubicaci\u00f3n\"}]},{\"@type\":\"WebSite\",\"@id\":\"https:\\\/\\\/laspalomasresort.net\\\/es\\\/#website\",\"url\":\"https:\\\/\\\/laspalomasresort.net\\\/es\\\/\",\"name\":\"Las Palomas\",\"description\":\"\",\"potentialAction\":[{\"@type\":\"SearchAction\",\"target\":{\"@type\":\"EntryPoint\",\"urlTemplate\":\"https:\\\/\\\/laspalomasresort.net\\\/es\\\/?s={search_term_string}\"},\"query-input\":{\"@type\":\"PropertyValueSpecification\",\"valueRequired\":true,\"valueName\":\"search_term_string\"}}],\"inLanguage\":\"es\"}]}<\/script>\n<!-- \/ Yoast SEO plugin. -->","yoast_head_json":{"title":"Ubicaci\u00f3n - Las Palomas","robots":{"index":"index","follow":"follow","max-snippet":"max-snippet:-1","max-image-preview":"max-image-preview:large","max-video-preview":"max-video-preview:-1"},"canonical":"https:\/\/laspalomasresort.net\/es\/ubicacion\/","og_locale":"es_MX","og_type":"article","og_title":"Ubicaci\u00f3n - Las Palomas","og_description":"Ubicaci\u00f3n Tu puerta de entrada a lo mejor del Mar de Cort\u00e9s Las Palomas Beach &amp; Golf Resort est\u00e1 perfectamente ubicado en la zona hotelera de Sandy Beach en Puerto Pe\u00f1asco (Rocky Point), Sonora, M\u00e9xico, y ofrece acceso directo a las doradas playas del Mar de Cort\u00e9s. Reconocido por su ubicaci\u00f3n privilegiada frente al mar, [&hellip;]","og_url":"https:\/\/laspalomasresort.net\/es\/ubicacion\/","og_site_name":"Las Palomas","article_modified_time":"2025-09-05T20:26:35+00:00","og_image":[{"width":1200,"height":800,"url":"https:\/\/laspalomasresort.net\/wp-content\/uploads\/2025\/05\/puerto-penasco.jpg","type":"image\/jpeg"}],"twitter_card":"summary_large_image","twitter_misc":{"Est. reading time":"3 minutos"},"schema":{"@context":"https:\/\/schema.org","@graph":[{"@type":"WebPage","@id":"https:\/\/laspalomasresort.net\/es\/ubicacion\/","url":"https:\/\/laspalomasresort.net\/es\/ubicacion\/","name":"Ubicaci\u00f3n - Las Palomas","isPartOf":{"@id":"https:\/\/laspalomasresort.net\/es\/#website"},"primaryImageOfPage":{"@id":"https:\/\/laspalomasresort.net\/es\/ubicacion\/#primaryimage"},"image":{"@id":"https:\/\/laspalomasresort.net\/es\/ubicacion\/#primaryimage"},"thumbnailUrl":"https:\/\/laspalomasresort.net\/wp-content\/uploads\/2025\/05\/puerto-penasco.jpg","datePublished":"2025-05-22T14:32:28+00:00","dateModified":"2025-09-05T20:26:35+00:00","breadcrumb":{"@id":"https:\/\/laspalomasresort.net\/es\/ubicacion\/#breadcrumb"},"inLanguage":"es","potentialAction":[{"@type":"ReadAction","target":["https:\/\/laspalomasresort.net\/es\/ubicacion\/"]}]},{"@type":"ImageObject","inLanguage":"es","@id":"https:\/\/laspalomasresort.net\/es\/ubicacion\/#primaryimage","url":"https:\/\/laspalomasresort.net\/wp-content\/uploads\/2025\/05\/puerto-penasco.jpg","contentUrl":"https:\/\/laspalomasresort.net\/wp-content\/uploads\/2025\/05\/puerto-penasco.jpg"},{"@type":"BreadcrumbList","@id":"https:\/\/laspalomasresort.net\/es\/ubicacion\/#breadcrumb","itemListElement":[{"@type":"ListItem","position":1,"name":"Home","item":"https:\/\/laspalomasresort.net\/es\/"},{"@type":"ListItem","position":2,"name":"Ubicaci\u00f3n"}]},{"@type":"WebSite","@id":"https:\/\/laspalomasresort.net\/es\/#website","url":"https:\/\/laspalomasresort.net\/es\/","name":"Las Palomas","description":"","potentialAction":[{"@type":"SearchAction","target":{"@type":"EntryPoint","urlTemplate":"https:\/\/laspalomasresort.net\/es\/?s={search_term_string}"},"query-input":{"@type":"PropertyValueSpecification","valueRequired":true,"valueName":"search_term_string"}}],"inLanguage":"es"}]}},"_links":{"self":[{"href":"https:\/\/laspalomasresort.net\/es\/wp-json\/wp\/v2\/pages\/15111","targetHints":{"allow":["GET"]}}],"collection":[{"href":"https:\/\/laspalomasresort.net\/es\/wp-json\/wp\/v2\/pages"}],"about":[{"href":"https:\/\/laspalomasresort.net\/es\/wp-json\/wp\/v2\/types\/page"}],"author":[{"embeddable":true,"href":"https:\/\/laspalomasresort.net\/es\/wp-json\/wp\/v2\/users\/2"}],"replies":[{"embeddable":true,"href":"https:\/\/laspalomasresort.net\/es\/wp-json\/wp\/v2\/comments?post=15111"}],"version-history":[{"count":0,"href":"https:\/\/laspalomasresort.net\/es\/wp-json\/wp\/v2\/pages\/15111\/revisions"}],"wp:attachment":[{"href":"https:\/\/laspalomasresort.net\/es\/wp-json\/wp\/v2\/media?parent=15111"}],"curies":[{"name":"wp","href":"https:\/\/api.w.org\/{rel}","templated":true}]}}