{"id":15109,"date":"2025-05-15T08:50:07","date_gmt":"2025-05-15T08:50:07","guid":{"rendered":"https:\/\/laspalomasresort.net\/servicios-de-boda\/"},"modified":"2025-06-27T15:01:57","modified_gmt":"2025-06-27T20:01:57","slug":"servicios-de-boda","status":"publish","type":"page","link":"https:\/\/laspalomasresort.net\/es\/grupos-y-bodas\/bodas\/servicios-de-boda\/","title":{"rendered":"Servicios de Bodas"},"content":{"rendered":"\t\t<div data-elementor-type=\"wp-page\" data-elementor-id=\"15109\" class=\"elementor elementor-15109 elementor-14224\" data-elementor-post-type=\"page\">\n\t\t\t\t<div class=\"elementor-element elementor-element-aa61573 e-flex e-con-boxed e-con e-parent\" data-id=\"aa61573\" data-element_type=\"container\" data-e-type=\"container\" data-settings=\"{&quot;background_background&quot;:&quot;classic&quot;}\">\n\t\t\t\t\t<div class=\"e-con-inner\">\n\t\t\t\t<div class=\"elementor-element elementor-element-0467f6b elementor-widget elementor-widget-heading\" data-id=\"0467f6b\" data-element_type=\"widget\" data-e-type=\"widget\" data-widget_type=\"heading.default\">\n\t\t\t\t<div class=\"elementor-widget-container\">\n\t\t\t\t\t<h2 class=\"elementor-heading-title elementor-size-default\">SERVICIOS DE BODAS<\/h2>\t\t\t\t<\/div>\n\t\t\t\t<\/div>\n\t\t\t\t\t<\/div>\n\t\t\t\t<\/div>\n\t\t<div class=\"elementor-element elementor-element-f191973 e-flex e-con-boxed e-con e-parent\" data-id=\"f191973\" data-element_type=\"container\" data-e-type=\"container\">\n\t\t\t\t\t<div class=\"e-con-inner\">\n\t\t\t\t<div class=\"elementor-element elementor-element-e707a4f elementor-widget elementor-widget-heading\" data-id=\"e707a4f\" data-element_type=\"widget\" data-e-type=\"widget\" data-widget_type=\"heading.default\">\n\t\t\t\t<div class=\"elementor-widget-container\">\n\t\t\t\t\t<h2 class=\"elementor-heading-title elementor-size-default\">Deja que tu historia de amor se lleve a cabo junto al mar<\/h2>\t\t\t\t<\/div>\n\t\t\t\t<\/div>\n\t\t\t\t<div class=\"elementor-element elementor-element-5cf89e8 elementor-widget__width-initial elementor-widget elementor-widget-text-editor\" data-id=\"5cf89e8\" data-element_type=\"widget\" data-e-type=\"widget\" data-widget_type=\"text-editor.default\">\n\t\t\t\t<div class=\"elementor-widget-container\">\n\t\t\t\t\t\t\t\t\t<p><span style=\"font-weight: 400;\">En Las Palomas Beach &amp; Golf Resort encontrar\u00e1s todo lo que siempre so\u00f1aste para el d\u00eda de tu boda, para que vivas los momentos m\u00e1s hermosos de tu vida. Perm\u00edtenos transformar tu visi\u00f3n en una celebraci\u00f3n tan hermosa como tu amor.<br>Perm\u00edtenos transformar tu visi\u00f3n en una celebraci\u00f3n tan hermosa como tu amor.<\/span><\/p>\t\t\t\t\t\t\t\t<\/div>\n\t\t\t\t<\/div>\n\t\t\t\t\t<\/div>\n\t\t\t\t<\/div>\n\t\t\t\t<section class=\"elementor-section elementor-top-section elementor-element elementor-element-e2e750b elementor-section-stretched elementor-section-content-middle elementor-section-boxed elementor-section-height-default elementor-section-height-default\" data-id=\"e2e750b\" data-element_type=\"section\" data-e-type=\"section\" data-settings=\"{&quot;stretch_section&quot;:&quot;section-stretched&quot;,&quot;background_background&quot;:&quot;classic&quot;}\">\n\t\t\t\t\t\t<div class=\"elementor-container elementor-column-gap-default\">\n\t\t\t\t\t<div class=\"elementor-column elementor-col-50 elementor-top-column elementor-element elementor-element-a8194f9\" data-id=\"a8194f9\" data-element_type=\"column\" data-e-type=\"column\">\n\t\t\t<div class=\"elementor-widget-wrap elementor-element-populated\">\n\t\t\t\t\t\t<div class=\"elementor-element elementor-element-ea009d4 elementor-widget elementor-widget-image\" data-id=\"ea009d4\" data-element_type=\"widget\" data-e-type=\"widget\" data-widget_type=\"image.default\">\n\t\t\t\t<div class=\"elementor-widget-container\">\n\t\t\t\t\t\t\t\t\t\t\t\t\t\t\t<img fetchpriority=\"high\" decoding=\"async\" width=\"560\" height=\"500\" src=\"https:\/\/laspalomasresort.net\/wp-content\/uploads\/2025\/05\/venue-1.jpg\" class=\"attachment-full size-full wp-image-14229\" alt=\"\" srcset=\"https:\/\/laspalomasresort.net\/wp-content\/uploads\/2025\/05\/venue-1.jpg 560w, https:\/\/laspalomasresort.net\/wp-content\/uploads\/2025\/05\/venue-1-300x268.jpg 300w\" sizes=\"(max-width: 560px) 100vw, 560px\" \/>\t\t\t\t\t\t\t\t\t\t\t\t\t\t\t<\/div>\n\t\t\t\t<\/div>\n\t\t\t\t\t<\/div>\n\t\t<\/div>\n\t\t\t\t<div class=\"elementor-column elementor-col-50 elementor-top-column elementor-element elementor-element-0328607\" data-id=\"0328607\" data-element_type=\"column\" data-e-type=\"column\">\n\t\t\t<div class=\"elementor-widget-wrap elementor-element-populated\">\n\t\t\t\t\t\t<div class=\"elementor-element elementor-element-e944b9f elementor-widget elementor-widget-heading\" data-id=\"e944b9f\" data-element_type=\"widget\" data-e-type=\"widget\" data-widget_type=\"heading.default\">\n\t\t\t\t<div class=\"elementor-widget-container\">\n\t\t\t\t\t<h2 class=\"elementor-heading-title elementor-size-default\">Elige el lugar de tus sue\u00f1os\n<\/h2>\t\t\t\t<\/div>\n\t\t\t\t<\/div>\n\t\t\t\t<div class=\"elementor-element elementor-element-470dc77 elementor-widget elementor-widget-text-editor\" data-id=\"470dc77\" data-element_type=\"widget\" data-e-type=\"widget\" data-widget_type=\"text-editor.default\">\n\t\t\t\t<div class=\"elementor-widget-container\">\n\t\t\t\t\t\t\t\t\t<p><span style=\"font-weight: 400;\">Selecciona el escenario perfecto para tu ceremonia, c\u00f3ctel y recepci\u00f3n. Ofrecemos playas espectaculares, jardines frente al mar, terrazas con vistas panor\u00e1micas y nuestro elegante Centro de Convenciones de 5,000 pies cuadrados, ideal para quienes buscan privacidad y sofisticaci\u00f3n. ft. Centro de Convenciones para quienes buscan intimidad y sofisticaci\u00f3n.<\/span><span style=\"font-weight: 400;\"><br><\/span><i><span style=\"font-weight: 400;\">Alquiler del \u00e1rea de recepci\u00f3n: 1.000 USD<\/span><\/i><i><span style=\"font-weight: 400;\"><br><\/span><\/i><\/p>\t\t\t\t\t\t\t\t<\/div>\n\t\t\t\t<\/div>\n\t\t\t\t<div class=\"elementor-element elementor-element-59d655b elementor-widget elementor-widget-button\" data-id=\"59d655b\" data-element_type=\"widget\" data-e-type=\"widget\" data-widget_type=\"button.default\">\n\t\t\t\t<div class=\"elementor-widget-container\">\n\t\t\t\t\t\t\t\t\t<div class=\"elementor-button-wrapper\">\n\t\t\t\t\t<a class=\"elementor-button elementor-button-link elementor-size-sm\" href=\"https:\/\/laspalomasresort.net\/es\/grupos-y-bodas\/bodas\/lugares-de-boda\/\" target=\"_blank\">\n\t\t\t\t\t\t<span class=\"elementor-button-content-wrapper\">\n\t\t\t\t\t\t\t\t\t<span class=\"elementor-button-text\">Explorar lugares<\/span>\n\t\t\t\t\t<\/span>\n\t\t\t\t\t<\/a>\n\t\t\t\t<\/div>\n\t\t\t\t\t\t\t\t<\/div>\n\t\t\t\t<\/div>\n\t\t\t\t\t<\/div>\n\t\t<\/div>\n\t\t\t\t\t<\/div>\n\t\t<\/section>\n\t\t\t\t<section class=\"elementor-section elementor-top-section elementor-element elementor-element-4d9ce09 elementor-section-stretched elementor-section-content-middle elementor-reverse-mobile elementor-section-boxed elementor-section-height-default elementor-section-height-default\" data-id=\"4d9ce09\" data-element_type=\"section\" data-e-type=\"section\" data-settings=\"{&quot;stretch_section&quot;:&quot;section-stretched&quot;,&quot;background_background&quot;:&quot;classic&quot;}\">\n\t\t\t\t\t\t<div class=\"elementor-container elementor-column-gap-default\">\n\t\t\t\t\t<div class=\"elementor-column elementor-col-50 elementor-top-column elementor-element elementor-element-6b772d7\" data-id=\"6b772d7\" data-element_type=\"column\" data-e-type=\"column\">\n\t\t\t<div class=\"elementor-widget-wrap elementor-element-populated\">\n\t\t\t\t\t\t<div class=\"elementor-element elementor-element-b5e57b2 elementor-widget elementor-widget-heading\" data-id=\"b5e57b2\" data-element_type=\"widget\" data-e-type=\"widget\" data-widget_type=\"heading.default\">\n\t\t\t\t<div class=\"elementor-widget-container\">\n\t\t\t\t\t<h2 class=\"elementor-heading-title elementor-size-default\">Selecciona tu paquete de boda\n<\/h2>\t\t\t\t<\/div>\n\t\t\t\t<\/div>\n\t\t\t\t<div class=\"elementor-element elementor-element-e71e3e7 elementor-widget elementor-widget-text-editor\" data-id=\"e71e3e7\" data-element_type=\"widget\" data-e-type=\"widget\" data-widget_type=\"text-editor.default\">\n\t\t\t\t<div class=\"elementor-widget-container\">\n\t\t\t\t\t\t\t\t\t<p><span style=\"font-weight: 400;\">Ya sea que est\u00e9s planeando una ceremonia \u00edntima para 20 invitados o una gran celebraci\u00f3n para hasta 300 personas, nuestros paquetes est\u00e1n cuidadosamente dise\u00f1ados para adaptarse a tus necesidades.<\/span><\/p>\t\t\t\t\t\t\t\t<\/div>\n\t\t\t\t<\/div>\n\t\t\t\t<div class=\"elementor-element elementor-element-03f1cd0 elementor-widget elementor-widget-button\" data-id=\"03f1cd0\" data-element_type=\"widget\" data-e-type=\"widget\" data-widget_type=\"button.default\">\n\t\t\t\t<div class=\"elementor-widget-container\">\n\t\t\t\t\t\t\t\t\t<div class=\"elementor-button-wrapper\">\n\t\t\t\t\t<a class=\"elementor-button elementor-button-link elementor-size-sm\" href=\"https:\/\/laspalomasresort.net\/es\/ofertas\/wedding-packages-2\/\" target=\"_blank\">\n\t\t\t\t\t\t<span class=\"elementor-button-content-wrapper\">\n\t\t\t\t\t\t\t\t\t<span class=\"elementor-button-text\">Ver Paquetes de Boda<\/span>\n\t\t\t\t\t<\/span>\n\t\t\t\t\t<\/a>\n\t\t\t\t<\/div>\n\t\t\t\t\t\t\t\t<\/div>\n\t\t\t\t<\/div>\n\t\t\t\t\t<\/div>\n\t\t<\/div>\n\t\t\t\t<div class=\"elementor-column elementor-col-50 elementor-top-column elementor-element elementor-element-9d1f655\" data-id=\"9d1f655\" data-element_type=\"column\" data-e-type=\"column\">\n\t\t\t<div class=\"elementor-widget-wrap elementor-element-populated\">\n\t\t\t\t\t\t<div class=\"elementor-element elementor-element-4b1af53 elementor-widget elementor-widget-image\" data-id=\"4b1af53\" data-element_type=\"widget\" data-e-type=\"widget\" data-widget_type=\"image.default\">\n\t\t\t\t<div class=\"elementor-widget-container\">\n\t\t\t\t\t\t\t\t\t\t\t\t\t\t\t<img decoding=\"async\" width=\"560\" height=\"500\" src=\"https:\/\/laspalomasresort.net\/wp-content\/uploads\/2025\/05\/package-1.jpg\" class=\"attachment-full size-full wp-image-14233\" alt=\"\" srcset=\"https:\/\/laspalomasresort.net\/wp-content\/uploads\/2025\/05\/package-1.jpg 560w, https:\/\/laspalomasresort.net\/wp-content\/uploads\/2025\/05\/package-1-300x268.jpg 300w\" sizes=\"(max-width: 560px) 100vw, 560px\" \/>\t\t\t\t\t\t\t\t\t\t\t\t\t\t\t<\/div>\n\t\t\t\t<\/div>\n\t\t\t\t\t<\/div>\n\t\t<\/div>\n\t\t\t\t\t<\/div>\n\t\t<\/section>\n\t\t\t\t<section class=\"elementor-section elementor-top-section elementor-element elementor-element-cd156e6 elementor-section-stretched elementor-section-content-middle elementor-section-boxed elementor-section-height-default elementor-section-height-default\" data-id=\"cd156e6\" data-element_type=\"section\" data-e-type=\"section\" data-settings=\"{&quot;stretch_section&quot;:&quot;section-stretched&quot;,&quot;background_background&quot;:&quot;classic&quot;}\">\n\t\t\t\t\t\t<div class=\"elementor-container elementor-column-gap-default\">\n\t\t\t\t\t<div class=\"elementor-column elementor-col-50 elementor-top-column elementor-element elementor-element-9123158\" data-id=\"9123158\" data-element_type=\"column\" data-e-type=\"column\">\n\t\t\t<div class=\"elementor-widget-wrap elementor-element-populated\">\n\t\t\t\t\t\t<div class=\"elementor-element elementor-element-316250d elementor-widget elementor-widget-image\" data-id=\"316250d\" data-element_type=\"widget\" data-e-type=\"widget\" data-widget_type=\"image.default\">\n\t\t\t\t<div class=\"elementor-widget-container\">\n\t\t\t\t\t\t\t\t\t\t\t\t\t\t\t<img decoding=\"async\" width=\"560\" height=\"500\" src=\"https:\/\/laspalomasresort.net\/wp-content\/uploads\/2025\/05\/reception-1.jpg\" class=\"attachment-full size-full wp-image-14231\" alt=\"\" srcset=\"https:\/\/laspalomasresort.net\/wp-content\/uploads\/2025\/05\/reception-1.jpg 560w, https:\/\/laspalomasresort.net\/wp-content\/uploads\/2025\/05\/reception-1-300x268.jpg 300w\" sizes=\"(max-width: 560px) 100vw, 560px\" \/>\t\t\t\t\t\t\t\t\t\t\t\t\t\t\t<\/div>\n\t\t\t\t<\/div>\n\t\t\t\t\t<\/div>\n\t\t<\/div>\n\t\t\t\t<div class=\"elementor-column elementor-col-50 elementor-top-column elementor-element elementor-element-d81fb4f\" data-id=\"d81fb4f\" data-element_type=\"column\" data-e-type=\"column\">\n\t\t\t<div class=\"elementor-widget-wrap elementor-element-populated\">\n\t\t\t\t\t\t<div class=\"elementor-element elementor-element-ee526a0 elementor-widget elementor-widget-heading\" data-id=\"ee526a0\" data-element_type=\"widget\" data-e-type=\"widget\" data-widget_type=\"heading.default\">\n\t\t\t\t<div class=\"elementor-widget-container\">\n\t\t\t\t\t<h2 class=\"elementor-heading-title elementor-size-default\">Planea una recepci\u00f3n sin complicaciones\n<\/h2>\t\t\t\t<\/div>\n\t\t\t\t<\/div>\n\t\t\t\t<div class=\"elementor-element elementor-element-84242b6 elementor-widget elementor-widget-text-editor\" data-id=\"84242b6\" data-element_type=\"widget\" data-e-type=\"widget\" data-widget_type=\"text-editor.default\">\n\t\t\t\t<div class=\"elementor-widget-container\">\n\t\t\t\t\t\t\t\t\t<p><span style=\"font-weight: 400;\">Celebra tu d\u00eda especial con una recepci\u00f3n que refleje tu estilo \u00fanico. Desde la m\u00fasica y la decoraci\u00f3n hasta el catering gourmet y un servicio impecable, Las Palomas Beach &amp; Golf Resort se encarga de todos los detalles para que pueda disfrutar de cada momento.<\/span><\/p>\t\t\t\t\t\t\t\t<\/div>\n\t\t\t\t<\/div>\n\t\t\t\t\t<\/div>\n\t\t<\/div>\n\t\t\t\t\t<\/div>\n\t\t<\/section>\n\t\t\t\t<section class=\"elementor-section elementor-top-section elementor-element elementor-element-4c2e22c elementor-section-stretched elementor-section-content-middle elementor-reverse-mobile elementor-section-boxed elementor-section-height-default elementor-section-height-default\" data-id=\"4c2e22c\" data-element_type=\"section\" data-e-type=\"section\" data-settings=\"{&quot;stretch_section&quot;:&quot;section-stretched&quot;,&quot;background_background&quot;:&quot;classic&quot;}\">\n\t\t\t\t\t\t<div class=\"elementor-container elementor-column-gap-default\">\n\t\t\t\t\t<div class=\"elementor-column elementor-col-50 elementor-top-column elementor-element elementor-element-cebd46a\" data-id=\"cebd46a\" data-element_type=\"column\" data-e-type=\"column\">\n\t\t\t<div class=\"elementor-widget-wrap elementor-element-populated\">\n\t\t\t\t\t\t<div class=\"elementor-element elementor-element-e8d166d elementor-widget elementor-widget-heading\" data-id=\"e8d166d\" data-element_type=\"widget\" data-e-type=\"widget\" data-widget_type=\"heading.default\">\n\t\t\t\t<div class=\"elementor-widget-container\">\n\t\t\t\t\t<h2 class=\"elementor-heading-title elementor-size-default\">Trabaja con una coordinadora de bodas certificada<\/h2>\t\t\t\t<\/div>\n\t\t\t\t<\/div>\n\t\t\t\t<div class=\"elementor-element elementor-element-8a173f5 elementor-widget elementor-widget-text-editor\" data-id=\"8a173f5\" data-element_type=\"widget\" data-e-type=\"widget\" data-widget_type=\"text-editor.default\">\n\t\t\t\t<div class=\"elementor-widget-container\">\n\t\t\t\t\t\t\t\t\t<p><span style=\"font-weight: 400;\">Nuestra coordinadora de bodas, con amplia experiencia, te guiar\u00e1 durante todo el proceso de planificaci\u00f3n: desde las pruebas de men\u00fa y cronogramas, hasta recomendaciones de proveedores, dise\u00f1o del montaje, cenas de ensayo e incluso brunches de despedida. Cada paso ser\u00e1 manejado con cuidado para garantizar que tu d\u00eda sea perfecto.<\/span><\/p>\t\t\t\t\t\t\t\t<\/div>\n\t\t\t\t<\/div>\n\t\t\t\t\t<\/div>\n\t\t<\/div>\n\t\t\t\t<div class=\"elementor-column elementor-col-50 elementor-top-column elementor-element elementor-element-be6233b\" data-id=\"be6233b\" data-element_type=\"column\" data-e-type=\"column\">\n\t\t\t<div class=\"elementor-widget-wrap elementor-element-populated\">\n\t\t\t\t\t\t<div class=\"elementor-element elementor-element-4e3ebaf elementor-widget elementor-widget-image\" data-id=\"4e3ebaf\" data-element_type=\"widget\" data-e-type=\"widget\" data-widget_type=\"image.default\">\n\t\t\t\t<div class=\"elementor-widget-container\">\n\t\t\t\t\t\t\t\t\t\t\t\t\t\t\t<img loading=\"lazy\" decoding=\"async\" width=\"560\" height=\"500\" src=\"https:\/\/laspalomasresort.net\/wp-content\/uploads\/2025\/05\/coordinator-1.jpg\" class=\"attachment-full size-full wp-image-14235\" alt=\"\" srcset=\"https:\/\/laspalomasresort.net\/wp-content\/uploads\/2025\/05\/coordinator-1.jpg 560w, https:\/\/laspalomasresort.net\/wp-content\/uploads\/2025\/05\/coordinator-1-300x268.jpg 300w\" sizes=\"(max-width: 560px) 100vw, 560px\" \/>\t\t\t\t\t\t\t\t\t\t\t\t\t\t\t<\/div>\n\t\t\t\t<\/div>\n\t\t\t\t\t<\/div>\n\t\t<\/div>\n\t\t\t\t\t<\/div>\n\t\t<\/section>\n\t\t\t\t<\/div>\n\t\t","protected":false},"excerpt":{"rendered":"<p>SERVICIOS DE BODAS Deja que tu historia de amor se lleve a cabo junto al mar En Las Palomas Beach &amp; Golf Resort encontrar\u00e1s todo lo que siempre so\u00f1aste para el d\u00eda de tu boda, para que vivas los momentos m\u00e1s hermosos de tu vida. Perm\u00edtenos transformar tu visi\u00f3n en una celebraci\u00f3n tan hermosa como [&hellip;]<\/p>\n","protected":false},"author":2,"featured_media":0,"parent":15118,"menu_order":0,"comment_status":"closed","ping_status":"closed","template":"elementor_header_footer","meta":{"_acf_changed":false,"footnotes":""},"class_list":["post-15109","page","type-page","status-publish","hentry"],"acf":[],"yoast_head":"<!-- This site is optimized with the Yoast SEO plugin v27.4 - https:\/\/yoast.com\/product\/yoast-seo-wordpress\/ -->\n<title>Servicios de Bodas - Las Palomas<\/title>\n<meta name=\"robots\" content=\"index, follow, max-snippet:-1, max-image-preview:large, max-video-preview:-1\" \/>\n<link rel=\"canonical\" href=\"https:\/\/laspalomasresort.net\/es\/grupos-y-bodas\/bodas\/servicios-de-boda\/\" \/>\n<meta property=\"og:locale\" content=\"es_MX\" \/>\n<meta property=\"og:type\" content=\"article\" \/>\n<meta property=\"og:title\" content=\"Servicios de Bodas - Las Palomas\" \/>\n<meta property=\"og:description\" content=\"SERVICIOS DE BODAS Deja que tu historia de amor se lleve a cabo junto al mar En Las Palomas Beach &amp; Golf Resort encontrar\u00e1s todo lo que siempre so\u00f1aste para el d\u00eda de tu boda, para que vivas los momentos m\u00e1s hermosos de tu vida. Perm\u00edtenos transformar tu visi\u00f3n en una celebraci\u00f3n tan hermosa como [&hellip;]\" \/>\n<meta property=\"og:url\" content=\"https:\/\/laspalomasresort.net\/es\/grupos-y-bodas\/bodas\/servicios-de-boda\/\" \/>\n<meta property=\"og:site_name\" content=\"Las Palomas\" \/>\n<meta property=\"article:modified_time\" content=\"2025-06-27T20:01:57+00:00\" \/>\n<meta property=\"og:image\" content=\"https:\/\/laspalomasresort.net\/wp-content\/uploads\/2025\/05\/venue-1.jpg\" \/>\n\t<meta property=\"og:image:width\" content=\"560\" \/>\n\t<meta property=\"og:image:height\" content=\"500\" \/>\n\t<meta property=\"og:image:type\" content=\"image\/jpeg\" \/>\n<meta name=\"twitter:card\" content=\"summary_large_image\" \/>\n<meta name=\"twitter:label1\" content=\"Est. reading time\" \/>\n\t<meta name=\"twitter:data1\" content=\"2 minutos\" \/>\n<script type=\"application\/ld+json\" class=\"yoast-schema-graph\">{\"@context\":\"https:\\\/\\\/schema.org\",\"@graph\":[{\"@type\":\"WebPage\",\"@id\":\"https:\\\/\\\/laspalomasresort.net\\\/es\\\/grupos-y-bodas\\\/bodas\\\/servicios-de-boda\\\/\",\"url\":\"https:\\\/\\\/laspalomasresort.net\\\/es\\\/grupos-y-bodas\\\/bodas\\\/servicios-de-boda\\\/\",\"name\":\"Servicios de Bodas - Las Palomas\",\"isPartOf\":{\"@id\":\"https:\\\/\\\/laspalomasresort.net\\\/es\\\/#website\"},\"primaryImageOfPage\":{\"@id\":\"https:\\\/\\\/laspalomasresort.net\\\/es\\\/grupos-y-bodas\\\/bodas\\\/servicios-de-boda\\\/#primaryimage\"},\"image\":{\"@id\":\"https:\\\/\\\/laspalomasresort.net\\\/es\\\/grupos-y-bodas\\\/bodas\\\/servicios-de-boda\\\/#primaryimage\"},\"thumbnailUrl\":\"https:\\\/\\\/laspalomasresort.net\\\/wp-content\\\/uploads\\\/2025\\\/05\\\/venue-1.jpg\",\"datePublished\":\"2025-05-15T08:50:07+00:00\",\"dateModified\":\"2025-06-27T20:01:57+00:00\",\"breadcrumb\":{\"@id\":\"https:\\\/\\\/laspalomasresort.net\\\/es\\\/grupos-y-bodas\\\/bodas\\\/servicios-de-boda\\\/#breadcrumb\"},\"inLanguage\":\"es\",\"potentialAction\":[{\"@type\":\"ReadAction\",\"target\":[\"https:\\\/\\\/laspalomasresort.net\\\/es\\\/grupos-y-bodas\\\/bodas\\\/servicios-de-boda\\\/\"]}]},{\"@type\":\"ImageObject\",\"inLanguage\":\"es\",\"@id\":\"https:\\\/\\\/laspalomasresort.net\\\/es\\\/grupos-y-bodas\\\/bodas\\\/servicios-de-boda\\\/#primaryimage\",\"url\":\"https:\\\/\\\/laspalomasresort.net\\\/wp-content\\\/uploads\\\/2025\\\/05\\\/venue-1.jpg\",\"contentUrl\":\"https:\\\/\\\/laspalomasresort.net\\\/wp-content\\\/uploads\\\/2025\\\/05\\\/venue-1.jpg\"},{\"@type\":\"BreadcrumbList\",\"@id\":\"https:\\\/\\\/laspalomasresort.net\\\/es\\\/grupos-y-bodas\\\/bodas\\\/servicios-de-boda\\\/#breadcrumb\",\"itemListElement\":[{\"@type\":\"ListItem\",\"position\":1,\"name\":\"Home\",\"item\":\"https:\\\/\\\/laspalomasresort.net\\\/es\\\/\"},{\"@type\":\"ListItem\",\"position\":2,\"name\":\"Grupos y Bodas\",\"item\":\"https:\\\/\\\/laspalomasresort.net\\\/es\\\/grupos-y-bodas\\\/\"},{\"@type\":\"ListItem\",\"position\":3,\"name\":\"Bodas\",\"item\":\"https:\\\/\\\/laspalomasresort.net\\\/es\\\/grupos-y-bodas\\\/bodas\\\/\"},{\"@type\":\"ListItem\",\"position\":4,\"name\":\"Servicios de Bodas\"}]},{\"@type\":\"WebSite\",\"@id\":\"https:\\\/\\\/laspalomasresort.net\\\/es\\\/#website\",\"url\":\"https:\\\/\\\/laspalomasresort.net\\\/es\\\/\",\"name\":\"Las Palomas\",\"description\":\"\",\"potentialAction\":[{\"@type\":\"SearchAction\",\"target\":{\"@type\":\"EntryPoint\",\"urlTemplate\":\"https:\\\/\\\/laspalomasresort.net\\\/es\\\/?s={search_term_string}\"},\"query-input\":{\"@type\":\"PropertyValueSpecification\",\"valueRequired\":true,\"valueName\":\"search_term_string\"}}],\"inLanguage\":\"es\"}]}<\/script>\n<!-- \/ Yoast SEO plugin. -->","yoast_head_json":{"title":"Servicios de Bodas - Las Palomas","robots":{"index":"index","follow":"follow","max-snippet":"max-snippet:-1","max-image-preview":"max-image-preview:large","max-video-preview":"max-video-preview:-1"},"canonical":"https:\/\/laspalomasresort.net\/es\/grupos-y-bodas\/bodas\/servicios-de-boda\/","og_locale":"es_MX","og_type":"article","og_title":"Servicios de Bodas - Las Palomas","og_description":"SERVICIOS DE BODAS Deja que tu historia de amor se lleve a cabo junto al mar En Las Palomas Beach &amp; Golf Resort encontrar\u00e1s todo lo que siempre so\u00f1aste para el d\u00eda de tu boda, para que vivas los momentos m\u00e1s hermosos de tu vida. Perm\u00edtenos transformar tu visi\u00f3n en una celebraci\u00f3n tan hermosa como [&hellip;]","og_url":"https:\/\/laspalomasresort.net\/es\/grupos-y-bodas\/bodas\/servicios-de-boda\/","og_site_name":"Las Palomas","article_modified_time":"2025-06-27T20:01:57+00:00","og_image":[{"width":560,"height":500,"url":"https:\/\/laspalomasresort.net\/wp-content\/uploads\/2025\/05\/venue-1.jpg","type":"image\/jpeg"}],"twitter_card":"summary_large_image","twitter_misc":{"Est. reading time":"2 minutos"},"schema":{"@context":"https:\/\/schema.org","@graph":[{"@type":"WebPage","@id":"https:\/\/laspalomasresort.net\/es\/grupos-y-bodas\/bodas\/servicios-de-boda\/","url":"https:\/\/laspalomasresort.net\/es\/grupos-y-bodas\/bodas\/servicios-de-boda\/","name":"Servicios de Bodas - Las Palomas","isPartOf":{"@id":"https:\/\/laspalomasresort.net\/es\/#website"},"primaryImageOfPage":{"@id":"https:\/\/laspalomasresort.net\/es\/grupos-y-bodas\/bodas\/servicios-de-boda\/#primaryimage"},"image":{"@id":"https:\/\/laspalomasresort.net\/es\/grupos-y-bodas\/bodas\/servicios-de-boda\/#primaryimage"},"thumbnailUrl":"https:\/\/laspalomasresort.net\/wp-content\/uploads\/2025\/05\/venue-1.jpg","datePublished":"2025-05-15T08:50:07+00:00","dateModified":"2025-06-27T20:01:57+00:00","breadcrumb":{"@id":"https:\/\/laspalomasresort.net\/es\/grupos-y-bodas\/bodas\/servicios-de-boda\/#breadcrumb"},"inLanguage":"es","potentialAction":[{"@type":"ReadAction","target":["https:\/\/laspalomasresort.net\/es\/grupos-y-bodas\/bodas\/servicios-de-boda\/"]}]},{"@type":"ImageObject","inLanguage":"es","@id":"https:\/\/laspalomasresort.net\/es\/grupos-y-bodas\/bodas\/servicios-de-boda\/#primaryimage","url":"https:\/\/laspalomasresort.net\/wp-content\/uploads\/2025\/05\/venue-1.jpg","contentUrl":"https:\/\/laspalomasresort.net\/wp-content\/uploads\/2025\/05\/venue-1.jpg"},{"@type":"BreadcrumbList","@id":"https:\/\/laspalomasresort.net\/es\/grupos-y-bodas\/bodas\/servicios-de-boda\/#breadcrumb","itemListElement":[{"@type":"ListItem","position":1,"name":"Home","item":"https:\/\/laspalomasresort.net\/es\/"},{"@type":"ListItem","position":2,"name":"Grupos y Bodas","item":"https:\/\/laspalomasresort.net\/es\/grupos-y-bodas\/"},{"@type":"ListItem","position":3,"name":"Bodas","item":"https:\/\/laspalomasresort.net\/es\/grupos-y-bodas\/bodas\/"},{"@type":"ListItem","position":4,"name":"Servicios de Bodas"}]},{"@type":"WebSite","@id":"https:\/\/laspalomasresort.net\/es\/#website","url":"https:\/\/laspalomasresort.net\/es\/","name":"Las Palomas","description":"","potentialAction":[{"@type":"SearchAction","target":{"@type":"EntryPoint","urlTemplate":"https:\/\/laspalomasresort.net\/es\/?s={search_term_string}"},"query-input":{"@type":"PropertyValueSpecification","valueRequired":true,"valueName":"search_term_string"}}],"inLanguage":"es"}]}},"_links":{"self":[{"href":"https:\/\/laspalomasresort.net\/es\/wp-json\/wp\/v2\/pages\/15109","targetHints":{"allow":["GET"]}}],"collection":[{"href":"https:\/\/laspalomasresort.net\/es\/wp-json\/wp\/v2\/pages"}],"about":[{"href":"https:\/\/laspalomasresort.net\/es\/wp-json\/wp\/v2\/types\/page"}],"author":[{"embeddable":true,"href":"https:\/\/laspalomasresort.net\/es\/wp-json\/wp\/v2\/users\/2"}],"replies":[{"embeddable":true,"href":"https:\/\/laspalomasresort.net\/es\/wp-json\/wp\/v2\/comments?post=15109"}],"version-history":[{"count":0,"href":"https:\/\/laspalomasresort.net\/es\/wp-json\/wp\/v2\/pages\/15109\/revisions"}],"up":[{"embeddable":true,"href":"https:\/\/laspalomasresort.net\/es\/wp-json\/wp\/v2\/pages\/15118"}],"wp:attachment":[{"href":"https:\/\/laspalomasresort.net\/es\/wp-json\/wp\/v2\/media?parent=15109"}],"curies":[{"name":"wp","href":"https:\/\/api.w.org\/{rel}","templated":true}]}}