{"id":15107,"date":"2025-05-16T19:23:30","date_gmt":"2025-05-17T00:23:30","guid":{"rendered":"https:\/\/laspalomasresort.net\/como-llegar-y-contacto\/"},"modified":"2025-06-16T14:37:24","modified_gmt":"2025-06-16T19:37:24","slug":"como-llegar-y-contacto","status":"publish","type":"page","link":"https:\/\/laspalomasresort.net\/es\/grupos-y-bodas\/bodas\/como-llegar-y-contacto\/","title":{"rendered":"Bodas Contacto"},"content":{"rendered":"\t\t<div data-elementor-type=\"wp-page\" data-elementor-id=\"15107\" class=\"elementor elementor-15107 elementor-14470\" data-elementor-post-type=\"page\">\n\t\t\t\t<div class=\"elementor-element elementor-element-6f6047c e-flex e-con-boxed e-con e-parent\" data-id=\"6f6047c\" data-element_type=\"container\" data-e-type=\"container\" data-settings=\"{&quot;background_background&quot;:&quot;classic&quot;}\">\n\t\t\t\t\t<div class=\"e-con-inner\">\n\t\t\t\t<div class=\"elementor-element elementor-element-bbc8ccc elementor-widget elementor-widget-heading\" data-id=\"bbc8ccc\" data-element_type=\"widget\" data-e-type=\"widget\" data-widget_type=\"heading.default\">\n\t\t\t\t<div class=\"elementor-widget-container\">\n\t\t\t\t\t<h2 class=\"elementor-heading-title elementor-size-default\">Bodas Contacto<\/h2>\t\t\t\t<\/div>\n\t\t\t\t<\/div>\n\t\t\t\t\t<\/div>\n\t\t\t\t<\/div>\n\t\t<div class=\"elementor-element elementor-element-cc5ad74 e-flex e-con-boxed e-con e-parent\" data-id=\"cc5ad74\" data-element_type=\"container\" data-e-type=\"container\">\n\t\t\t\t\t<div class=\"e-con-inner\">\n\t\t\t\t<div class=\"elementor-element elementor-element-0bbe50f elementor-widget elementor-widget-heading\" data-id=\"0bbe50f\" data-element_type=\"widget\" data-e-type=\"widget\" data-widget_type=\"heading.default\">\n\t\t\t\t<div class=\"elementor-widget-container\">\n\t\t\t\t\t<h2 class=\"elementor-heading-title elementor-size-default\">C\u00f3mo llegar y contacto\n<\/h2>\t\t\t\t<\/div>\n\t\t\t\t<\/div>\n\t\t\t\t\t<\/div>\n\t\t\t\t<\/div>\n\t\t<div class=\"elementor-element elementor-element-97dd43c e-flex e-con-boxed e-con e-parent\" data-id=\"97dd43c\" data-element_type=\"container\" data-e-type=\"container\">\n\t\t\t\t\t<div class=\"e-con-inner\">\n\t\t<div class=\"elementor-element elementor-element-5c1ad69 e-con-full e-flex e-con e-child\" data-id=\"5c1ad69\" data-element_type=\"container\" data-e-type=\"container\" data-settings=\"{&quot;background_background&quot;:&quot;classic&quot;}\">\n\t\t\t\t<div class=\"elementor-element elementor-element-740585b elementor-widget elementor-widget-heading\" data-id=\"740585b\" data-element_type=\"widget\" data-e-type=\"widget\" data-widget_type=\"heading.default\">\n\t\t\t\t<div class=\"elementor-widget-container\">\n\t\t\t\t\t<h2 class=\"elementor-heading-title elementor-size-default\">Eunice Adame<\/h2>\t\t\t\t<\/div>\n\t\t\t\t<\/div>\n\t\t\t\t<div class=\"elementor-element elementor-element-b521399 elementor-widget elementor-widget-heading\" data-id=\"b521399\" data-element_type=\"widget\" data-e-type=\"widget\" data-widget_type=\"heading.default\">\n\t\t\t\t<div class=\"elementor-widget-container\">\n\t\t\t\t\t<h2 class=\"elementor-heading-title elementor-size-default\">Coordinadora de Eventos\n<\/h2>\t\t\t\t<\/div>\n\t\t\t\t<\/div>\n\t\t\t\t<div class=\"elementor-element elementor-element-24ff954 elementor-widget elementor-widget-text-editor\" data-id=\"24ff954\" data-element_type=\"widget\" data-e-type=\"widget\" data-widget_type=\"text-editor.default\">\n\t\t\t\t<div class=\"elementor-widget-container\">\n\t\t\t\t\t\t\t\t\t<p>T: +52 638 108 1065<br>E: <a href=\"mailto:eadame@laspalomasresort.net\">eadame@laspalomasresort.net<\/a><br>E: <a href=\"mailto:events@laspalomasresort.net\">events@laspalomasresort.net<\/a><br>E: <a href=\"mailto:eventos@laspalomasresort.net\">eventos@laspalomasresort.net<\/a><\/p>\t\t\t\t\t\t\t\t<\/div>\n\t\t\t\t<\/div>\n\t\t\t\t<div class=\"elementor-element elementor-element-a09ab0f elementor-widget elementor-widget-html\" data-id=\"a09ab0f\" data-element_type=\"widget\" data-e-type=\"widget\" data-widget_type=\"html.default\">\n\t\t\t\t<div class=\"elementor-widget-container\">\n\t\t\t\t\t<iframe loading=\"lazy\" style=\"border: 0;\" src=\"https:\/\/www.google.com\/maps\/embed?pb=!1m14!1m8!1m3!1d2410.0592061531834!2d-113.56777780288716!3d31.322025819554216!3m2!1i1024!2i768!4f13.1!3m3!1m2!1s0x0%3A0x8d30c61e4d564e3d!2sLas+Palomas+Beach+%26+Golf+Resort!5e0!3m2!1sen!2smx!4v1552172287772\" width=\"600\" height=\"600\" frameborder=\"0\" allowfullscreen=\"allowfullscreen\"><\/iframe>\t\t\t\t<\/div>\n\t\t\t\t<\/div>\n\t\t\t\t<\/div>\n\t\t<div class=\"elementor-element elementor-element-5971249 e-con-full e-flex e-con e-child\" data-id=\"5971249\" data-element_type=\"container\" data-e-type=\"container\" data-settings=\"{&quot;background_background&quot;:&quot;classic&quot;}\">\n\t\t\t\t<div class=\"elementor-element elementor-element-20a559f elementor-widget elementor-widget-heading\" data-id=\"20a559f\" data-element_type=\"widget\" data-e-type=\"widget\" data-widget_type=\"heading.default\">\n\t\t\t\t<div class=\"elementor-widget-container\">\n\t\t\t\t\t<h2 class=\"elementor-heading-title elementor-size-default\">Utilice el formulario para ponerse en contacto con Las Palomas Beach &amp; Golf Resort\n\n<\/h2>\t\t\t\t<\/div>\n\t\t\t\t<\/div>\n\t\t\t\t<div class=\"elementor-element elementor-element-7c455e0 elementor-widget elementor-widget-cf7\" data-id=\"7c455e0\" data-element_type=\"widget\" data-e-type=\"widget\" data-widget_type=\"cf7.default\">\n\t\t\t\t<div class=\"elementor-widget-container\">\n\t\t\t\t\t\n\t\t<div class=\"nd_elements_cf7_component\">\n\t\t\t\n<div class=\"wpcf7 no-js\" id=\"wpcf7-f15274-o1\" lang=\"es-MX\" dir=\"ltr\" data-wpcf7-id=\"15274\">\n<div class=\"screen-reader-response\"><p role=\"status\" aria-live=\"polite\" aria-atomic=\"true\"><\/p> <ul><\/ul><\/div>\n<form action=\"\/es\/wp-json\/wp\/v2\/pages\/15107#wpcf7-f15274-o1\" method=\"post\" class=\"wpcf7-form init\" aria-label=\"Contact form\" novalidate=\"novalidate\" data-status=\"init\">\n<fieldset class=\"hidden-fields-container\"><input type=\"hidden\" name=\"_wpcf7\" value=\"15274\" \/><input type=\"hidden\" name=\"_wpcf7_version\" value=\"6.1.5\" \/><input type=\"hidden\" name=\"_wpcf7_locale\" value=\"es_MX\" \/><input type=\"hidden\" name=\"_wpcf7_unit_tag\" value=\"wpcf7-f15274-o1\" \/><input type=\"hidden\" name=\"_wpcf7_container_post\" value=\"0\" \/><input type=\"hidden\" name=\"_wpcf7_posted_data_hash\" value=\"\" \/>\n<\/fieldset>\n<p><label> Nombre<br \/>\n<span class=\"wpcf7-form-control-wrap\" data-name=\"your-name\"><input size=\"40\" maxlength=\"400\" class=\"wpcf7-form-control wpcf7-text wpcf7-validates-as-required custom-control\" autocomplete=\"name\" aria-required=\"true\" aria-invalid=\"false\" value=\"\" type=\"text\" name=\"your-name\" \/><\/span><\/label>\n<\/p>\n<p><label> Env\u00eda un correo electr\u00f3nico a<br \/>\n<span class=\"wpcf7-form-control-wrap\" data-name=\"your-email\"><input size=\"40\" maxlength=\"400\" class=\"wpcf7-form-control wpcf7-email wpcf7-validates-as-required wpcf7-text wpcf7-validates-as-email custom-control\" autocomplete=\"email\" aria-required=\"true\" aria-invalid=\"false\" value=\"\" type=\"email\" name=\"your-email\" \/><\/span> <\/label>\n<\/p>\n<p><label> Tel\u00e9fono<br \/>\n<span class=\"wpcf7-form-control-wrap\" data-name=\"your-phone\"><input size=\"40\" maxlength=\"400\" class=\"wpcf7-form-control wpcf7-tel wpcf7-validates-as-required wpcf7-text wpcf7-validates-as-tel custom-control\" aria-required=\"true\" aria-invalid=\"false\" value=\"\" type=\"tel\" name=\"your-phone\" \/><\/span> <\/label>\n<\/p>\n<p><label> Mensaje<br \/>\n<span class=\"wpcf7-form-control-wrap\" data-name=\"your-message\"><textarea cols=\"40\" rows=\"10\" maxlength=\"2000\" class=\"wpcf7-form-control wpcf7-textarea wpcf7-validates-as-required custom-control\" aria-required=\"true\" aria-invalid=\"false\" name=\"your-message\"><\/textarea><\/span> <\/label>\n<\/p>\n<p><input class=\"wpcf7-form-control wpcf7-submit has-spinner\" type=\"submit\" value=\"Env\u00eda\" \/>\n<\/p><p style=\"display: none !important;\" class=\"akismet-fields-container\" data-prefix=\"_wpcf7_ak_\"><label>&#916;<textarea name=\"_wpcf7_ak_hp_textarea\" cols=\"45\" rows=\"8\" maxlength=\"100\"><\/textarea><\/label><input type=\"hidden\" id=\"ak_js_1\" name=\"_wpcf7_ak_js\" value=\"190\"\/><script>document.getElementById( \"ak_js_1\" ).setAttribute( \"value\", ( new Date() ).getTime() );<\/script><\/p><div class=\"wpcf7-response-output\" aria-hidden=\"true\"><\/div>\n<\/form>\n<\/div>\n\n\t\t<\/div>\t\t\t\t<\/div>\n\t\t\t\t<\/div>\n\t\t\t\t<\/div>\n\t\t\t\t\t<\/div>\n\t\t\t\t<\/div>\n\t\t<div class=\"elementor-element elementor-element-8132e96 e-flex e-con-boxed e-con e-parent\" data-id=\"8132e96\" data-element_type=\"container\" data-e-type=\"container\">\n\t\t\t\t\t<div class=\"e-con-inner\">\n\t\t<div class=\"elementor-element elementor-element-0d00ec9 e-con-full e-flex e-con e-child\" data-id=\"0d00ec9\" data-element_type=\"container\" data-e-type=\"container\">\n\t\t\t\t<div class=\"elementor-element elementor-element-1215d0d elementor-position-inline-start elementor-widget__width-inherit elementor-view-default elementor-mobile-position-block-start elementor-widget elementor-widget-icon-box\" data-id=\"1215d0d\" data-element_type=\"widget\" data-e-type=\"widget\" data-widget_type=\"icon-box.default\">\n\t\t\t\t<div class=\"elementor-widget-container\">\n\t\t\t\t\t\t\t<div class=\"elementor-icon-box-wrapper\">\n\n\t\t\t\t\t\t<div class=\"elementor-icon-box-icon\">\n\t\t\t\t<a href=\"https:\/\/www.google.com\/maps\/dir\/Phoenix,+AZ,+USA\/Las+Palomas+Beach+%26+Golf+Resort,+Puerto+Pe%C3%B1asco,+Sonora\/@32.3880589,-113.742913,8z\/data=!3m1!4b1!4m13!4m12!1m5!1m1!1s0x872b12ed50a179cb:0x8c69c7f8354a1bac!2m2!1d-112.0740373!2d33.4483771!1m5!1m1!1s0x812ba52e6ffefb6f:0x8d30c61e4d564e3d!2m2!1d-113.5680768!2d31.3230723\" target=\"_blank\" class=\"elementor-icon\" tabindex=\"-1\">\n\t\t\t\t<svg aria-hidden=\"true\" class=\"e-font-icon-svg e-fas-directions\" viewBox=\"0 0 512 512\" xmlns=\"http:\/\/www.w3.org\/2000\/svg\"><path d=\"M502.61 233.32L278.68 9.39c-12.52-12.52-32.83-12.52-45.36 0L9.39 233.32c-12.52 12.53-12.52 32.83 0 45.36l223.93 223.93c12.52 12.53 32.83 12.53 45.36 0l223.93-223.93c12.52-12.53 12.52-32.83 0-45.36zm-100.98 12.56l-84.21 77.73c-5.12 4.73-13.43 1.1-13.43-5.88V264h-96v64c0 4.42-3.58 8-8 8h-32c-4.42 0-8-3.58-8-8v-80c0-17.67 14.33-32 32-32h112v-53.73c0-6.97 8.3-10.61 13.43-5.88l84.21 77.73c3.43 3.17 3.43 8.59 0 11.76z\"><\/path><\/svg>\t\t\t\t<\/a>\n\t\t\t<\/div>\n\t\t\t\n\t\t\t\t\t\t<div class=\"elementor-icon-box-content\">\n\n\t\t\t\t\n\t\t\t\t\t\t\t\t\t<p class=\"elementor-icon-box-description\">\n\t\t\t\t\t\t<p>C\u00f3mo llegar desde <strong>Phoenix AZ<\/strong>: <a href=\"https:\/\/www.google.com\/maps\/dir\/Phoenix,+AZ,+USA\/Las+Palomas+Beach+%26+Golf+Resort,+Puerto+Pe%C3%B1asco,+Sonora\/@32.3880589,-113.742913,8z\/data=!3m1!4b1!4m13!4m12!1m5!1m1!1s0x872b12ed50a179cb:0x8c69c7f8354a1bac!2m2!1d-112.0740373!2d33.4483771!1m5!1m1!1s0x812ba52e6ffefb6f:0x8d30c61e4d564e3d!2m2!1d-113.5680768!2d31.3230723\" target=\"_blank\" rel=\"noopener noreferrer\">Google Maps<\/a> (Enlace externo)<\/p>\t\t\t\t\t<\/p>\n\t\t\t\t\n\t\t\t<\/div>\n\t\t\t\n\t\t<\/div>\n\t\t\t\t\t\t<\/div>\n\t\t\t\t<\/div>\n\t\t\t\t<div class=\"elementor-element elementor-element-810eb90 elementor-position-inline-start elementor-widget__width-inherit elementor-view-default elementor-mobile-position-block-start elementor-widget elementor-widget-icon-box\" data-id=\"810eb90\" data-element_type=\"widget\" data-e-type=\"widget\" data-widget_type=\"icon-box.default\">\n\t\t\t\t<div class=\"elementor-widget-container\">\n\t\t\t\t\t\t\t<div class=\"elementor-icon-box-wrapper\">\n\n\t\t\t\t\t\t<div class=\"elementor-icon-box-icon\">\n\t\t\t\t<a href=\"https:\/\/www.google.com\/maps\/dir\/Tucson,+AZ,+USA\/Las+Palomas+Beach+%26+Golf+Resort,+Puerto+Pe%C3%B1asco,+Sonora\/@32.1307086,-112.8340657,9z\/data=!3m1!4b1!4m13!4m12!1m5!1m1!1s0x86d665410b2ced2b:0x73c32d384d16c715!2m2!1d-110.9747108!2d32.2226066!1m5!1m1!1s0x812ba52e6ffefb6f:0x8d30c61e4d564e3d!2m2!1d-113.5680768!2d31.3230723\" target=\"_blank\" class=\"elementor-icon\" tabindex=\"-1\">\n\t\t\t\t<svg aria-hidden=\"true\" class=\"e-font-icon-svg e-fas-directions\" viewBox=\"0 0 512 512\" xmlns=\"http:\/\/www.w3.org\/2000\/svg\"><path d=\"M502.61 233.32L278.68 9.39c-12.52-12.52-32.83-12.52-45.36 0L9.39 233.32c-12.52 12.53-12.52 32.83 0 45.36l223.93 223.93c12.52 12.53 32.83 12.53 45.36 0l223.93-223.93c12.52-12.53 12.52-32.83 0-45.36zm-100.98 12.56l-84.21 77.73c-5.12 4.73-13.43 1.1-13.43-5.88V264h-96v64c0 4.42-3.58 8-8 8h-32c-4.42 0-8-3.58-8-8v-80c0-17.67 14.33-32 32-32h112v-53.73c0-6.97 8.3-10.61 13.43-5.88l84.21 77.73c3.43 3.17 3.43 8.59 0 11.76z\"><\/path><\/svg>\t\t\t\t<\/a>\n\t\t\t<\/div>\n\t\t\t\n\t\t\t\t\t\t<div class=\"elementor-icon-box-content\">\n\n\t\t\t\t\n\t\t\t\t\t\t\t\t\t<p class=\"elementor-icon-box-description\">\n\t\t\t\t\t\t<p>C\u00f3mo llegar desde <strong>Tucson AZ<\/strong>: <a href=\"https:\/\/www.google.com\/maps\/dir\/Tucson,+AZ,+USA\/Las+Palomas+Beach+%26+Golf+Resort,+Puerto+Pe%C3%B1asco,+Sonora\/@32.1307086,-112.8340657,9z\/data=!3m1!4b1!4m13!4m12!1m5!1m1!1s0x86d665410b2ced2b:0x73c32d384d16c715!2m2!1d-110.9747108!2d32.2226066!1m5!1m1!1s0x812ba52e6ffefb6f:0x8d30c61e4d564e3d!2m2!1d-113.5680768!2d31.3230723\" target=\"_blank\" rel=\"noopener noreferrer\">Google Maps<\/a> (Enlace externo)<\/p>\t\t\t\t\t<\/p>\n\t\t\t\t\n\t\t\t<\/div>\n\t\t\t\n\t\t<\/div>\n\t\t\t\t\t\t<\/div>\n\t\t\t\t<\/div>\n\t\t\t\t<div class=\"elementor-element elementor-element-7f7c22f elementor-position-inline-start elementor-widget__width-inherit elementor-view-default elementor-mobile-position-block-start elementor-widget elementor-widget-icon-box\" data-id=\"7f7c22f\" data-element_type=\"widget\" data-e-type=\"widget\" data-widget_type=\"icon-box.default\">\n\t\t\t\t<div class=\"elementor-widget-container\">\n\t\t\t\t\t\t\t<div class=\"elementor-icon-box-wrapper\">\n\n\t\t\t\t\t\t<div class=\"elementor-icon-box-icon\">\n\t\t\t\t<a href=\"https:\/\/www.google.com\/maps\/dir\/San+Diego,+CA,+USA\/Las+Palomas+Beach+%26+Golf+Resort,+Puerto+Pe%C3%B1asco,+Sonora\/@32.0886587,-115.9212438,9z\/data=!3m1!4b1!4m13!4m12!1m5!1m1!1s0x80d9530fad921e4b:0xd3a21fdfd15df79!2m2!1d-117.1610838!2d32.715738!1m5!1m1!1s0x812ba52e6ffefb6f:0x8d30c61e4d564e3d!2m2!1d-113.5680768!2d31.3230723\" target=\"_blank\" class=\"elementor-icon\" tabindex=\"-1\">\n\t\t\t\t<svg aria-hidden=\"true\" class=\"e-font-icon-svg e-fas-directions\" viewBox=\"0 0 512 512\" xmlns=\"http:\/\/www.w3.org\/2000\/svg\"><path d=\"M502.61 233.32L278.68 9.39c-12.52-12.52-32.83-12.52-45.36 0L9.39 233.32c-12.52 12.53-12.52 32.83 0 45.36l223.93 223.93c12.52 12.53 32.83 12.53 45.36 0l223.93-223.93c12.52-12.53 12.52-32.83 0-45.36zm-100.98 12.56l-84.21 77.73c-5.12 4.73-13.43 1.1-13.43-5.88V264h-96v64c0 4.42-3.58 8-8 8h-32c-4.42 0-8-3.58-8-8v-80c0-17.67 14.33-32 32-32h112v-53.73c0-6.97 8.3-10.61 13.43-5.88l84.21 77.73c3.43 3.17 3.43 8.59 0 11.76z\"><\/path><\/svg>\t\t\t\t<\/a>\n\t\t\t<\/div>\n\t\t\t\n\t\t\t\t\t\t<div class=\"elementor-icon-box-content\">\n\n\t\t\t\t\n\t\t\t\t\t\t\t\t\t<p class=\"elementor-icon-box-description\">\n\t\t\t\t\t\t<p>C\u00f3mo llegar desde <strong>San Diego<\/strong>: <a href=\"https:\/\/www.google.com\/maps\/dir\/San+Diego,+CA,+USA\/Las+Palomas+Beach+%26+Golf+Resort,+Puerto+Pe%C3%B1asco,+Sonora\/@32.0886587,-115.9212438,9z\/data=!3m1!4b1!4m13!4m12!1m5!1m1!1s0x80d9530fad921e4b:0xd3a21fdfd15df79!2m2!1d-117.1610838!2d32.715738!1m5!1m1!1s0x812ba52e6ffefb6f:0x8d30c61e4d564e3d!2m2!1d-113.5680768!2d31.3230723\" target=\"_blank\" rel=\"noopener noreferrer\">Google Maps<\/a> (Enlace externo)<\/p>\t\t\t\t\t<\/p>\n\t\t\t\t\n\t\t\t<\/div>\n\t\t\t\n\t\t<\/div>\n\t\t\t\t\t\t<\/div>\n\t\t\t\t<\/div>\n\t\t\t\t<\/div>\n\t\t\t\t\t<\/div>\n\t\t\t\t<\/div>\n\t\t\t\t<\/div>\n\t\t","protected":false},"excerpt":{"rendered":"<p>C\u00f3mo llegar y contacto Eunice Adame Coordinadora de Eventos T: +52 638 108 1065E: eadame@laspalomasresort.netE: events@laspalomasresort.netE: eventos@laspalomasresort.net Utilice el formulario para ponerse en contacto con Las Palomas Beach &amp; Golf Resort Name Email Phone Message &#916; C\u00f3mo llegar desde Phoenix AZ: Google Maps (Enlace externo) C\u00f3mo llegar desde Tucson AZ: Google Maps (Enlace externo) C\u00f3mo [&hellip;]<\/p>\n","protected":false},"author":2,"featured_media":0,"parent":15118,"menu_order":0,"comment_status":"closed","ping_status":"closed","template":"elementor_header_footer","meta":{"_acf_changed":false,"footnotes":""},"class_list":["post-15107","page","type-page","status-publish","hentry"],"acf":[],"yoast_head":"<!-- This site is optimized with the Yoast SEO plugin v27.3 - https:\/\/yoast.com\/product\/yoast-seo-wordpress\/ -->\n<title>Bodas Contacto - Las Palomas<\/title>\n<meta name=\"robots\" content=\"index, follow, max-snippet:-1, max-image-preview:large, max-video-preview:-1\" \/>\n<link rel=\"canonical\" href=\"https:\/\/laspalomasresort.net\/es\/grupos-y-bodas\/bodas\/como-llegar-y-contacto\/\" \/>\n<meta property=\"og:locale\" content=\"es_MX\" \/>\n<meta property=\"og:type\" content=\"article\" \/>\n<meta property=\"og:title\" content=\"Bodas Contacto - Las Palomas\" \/>\n<meta property=\"og:description\" content=\"C\u00f3mo llegar y contacto Eunice Adame Coordinadora de Eventos T: +52 638 108 1065E: eadame@laspalomasresort.netE: events@laspalomasresort.netE: eventos@laspalomasresort.net Utilice el formulario para ponerse en contacto con Las Palomas Beach &amp; Golf Resort Name Email Phone Message &#916; C\u00f3mo llegar desde Phoenix AZ: Google Maps (Enlace externo) C\u00f3mo llegar desde Tucson AZ: Google Maps (Enlace externo) C\u00f3mo [&hellip;]\" \/>\n<meta property=\"og:url\" content=\"https:\/\/laspalomasresort.net\/es\/grupos-y-bodas\/bodas\/como-llegar-y-contacto\/\" \/>\n<meta property=\"og:site_name\" content=\"Las Palomas\" \/>\n<meta property=\"article:modified_time\" content=\"2025-06-16T19:37:24+00:00\" \/>\n<meta name=\"twitter:card\" content=\"summary_large_image\" \/>\n<script type=\"application\/ld+json\" class=\"yoast-schema-graph\">{\"@context\":\"https:\\\/\\\/schema.org\",\"@graph\":[{\"@type\":\"WebPage\",\"@id\":\"https:\\\/\\\/laspalomasresort.net\\\/es\\\/grupos-y-bodas\\\/bodas\\\/como-llegar-y-contacto\\\/\",\"url\":\"https:\\\/\\\/laspalomasresort.net\\\/es\\\/grupos-y-bodas\\\/bodas\\\/como-llegar-y-contacto\\\/\",\"name\":\"Bodas Contacto - Las Palomas\",\"isPartOf\":{\"@id\":\"https:\\\/\\\/laspalomasresort.net\\\/es\\\/#website\"},\"datePublished\":\"2025-05-17T00:23:30+00:00\",\"dateModified\":\"2025-06-16T19:37:24+00:00\",\"breadcrumb\":{\"@id\":\"https:\\\/\\\/laspalomasresort.net\\\/es\\\/grupos-y-bodas\\\/bodas\\\/como-llegar-y-contacto\\\/#breadcrumb\"},\"inLanguage\":\"es\",\"potentialAction\":[{\"@type\":\"ReadAction\",\"target\":[\"https:\\\/\\\/laspalomasresort.net\\\/es\\\/grupos-y-bodas\\\/bodas\\\/como-llegar-y-contacto\\\/\"]}]},{\"@type\":\"BreadcrumbList\",\"@id\":\"https:\\\/\\\/laspalomasresort.net\\\/es\\\/grupos-y-bodas\\\/bodas\\\/como-llegar-y-contacto\\\/#breadcrumb\",\"itemListElement\":[{\"@type\":\"ListItem\",\"position\":1,\"name\":\"Home\",\"item\":\"https:\\\/\\\/laspalomasresort.net\\\/es\\\/\"},{\"@type\":\"ListItem\",\"position\":2,\"name\":\"Grupos y Bodas\",\"item\":\"https:\\\/\\\/laspalomasresort.net\\\/es\\\/grupos-y-bodas\\\/\"},{\"@type\":\"ListItem\",\"position\":3,\"name\":\"Bodas\",\"item\":\"https:\\\/\\\/laspalomasresort.net\\\/es\\\/grupos-y-bodas\\\/bodas\\\/\"},{\"@type\":\"ListItem\",\"position\":4,\"name\":\"Bodas Contacto\"}]},{\"@type\":\"WebSite\",\"@id\":\"https:\\\/\\\/laspalomasresort.net\\\/es\\\/#website\",\"url\":\"https:\\\/\\\/laspalomasresort.net\\\/es\\\/\",\"name\":\"Las Palomas\",\"description\":\"\",\"potentialAction\":[{\"@type\":\"SearchAction\",\"target\":{\"@type\":\"EntryPoint\",\"urlTemplate\":\"https:\\\/\\\/laspalomasresort.net\\\/es\\\/?s={search_term_string}\"},\"query-input\":{\"@type\":\"PropertyValueSpecification\",\"valueRequired\":true,\"valueName\":\"search_term_string\"}}],\"inLanguage\":\"es\"}]}<\/script>\n<!-- \/ Yoast SEO plugin. -->","yoast_head_json":{"title":"Bodas Contacto - Las Palomas","robots":{"index":"index","follow":"follow","max-snippet":"max-snippet:-1","max-image-preview":"max-image-preview:large","max-video-preview":"max-video-preview:-1"},"canonical":"https:\/\/laspalomasresort.net\/es\/grupos-y-bodas\/bodas\/como-llegar-y-contacto\/","og_locale":"es_MX","og_type":"article","og_title":"Bodas Contacto - Las Palomas","og_description":"C\u00f3mo llegar y contacto Eunice Adame Coordinadora de Eventos T: +52 638 108 1065E: eadame@laspalomasresort.netE: events@laspalomasresort.netE: eventos@laspalomasresort.net Utilice el formulario para ponerse en contacto con Las Palomas Beach &amp; Golf Resort Name Email Phone Message &#916; C\u00f3mo llegar desde Phoenix AZ: Google Maps (Enlace externo) C\u00f3mo llegar desde Tucson AZ: Google Maps (Enlace externo) C\u00f3mo [&hellip;]","og_url":"https:\/\/laspalomasresort.net\/es\/grupos-y-bodas\/bodas\/como-llegar-y-contacto\/","og_site_name":"Las Palomas","article_modified_time":"2025-06-16T19:37:24+00:00","twitter_card":"summary_large_image","schema":{"@context":"https:\/\/schema.org","@graph":[{"@type":"WebPage","@id":"https:\/\/laspalomasresort.net\/es\/grupos-y-bodas\/bodas\/como-llegar-y-contacto\/","url":"https:\/\/laspalomasresort.net\/es\/grupos-y-bodas\/bodas\/como-llegar-y-contacto\/","name":"Bodas Contacto - Las Palomas","isPartOf":{"@id":"https:\/\/laspalomasresort.net\/es\/#website"},"datePublished":"2025-05-17T00:23:30+00:00","dateModified":"2025-06-16T19:37:24+00:00","breadcrumb":{"@id":"https:\/\/laspalomasresort.net\/es\/grupos-y-bodas\/bodas\/como-llegar-y-contacto\/#breadcrumb"},"inLanguage":"es","potentialAction":[{"@type":"ReadAction","target":["https:\/\/laspalomasresort.net\/es\/grupos-y-bodas\/bodas\/como-llegar-y-contacto\/"]}]},{"@type":"BreadcrumbList","@id":"https:\/\/laspalomasresort.net\/es\/grupos-y-bodas\/bodas\/como-llegar-y-contacto\/#breadcrumb","itemListElement":[{"@type":"ListItem","position":1,"name":"Home","item":"https:\/\/laspalomasresort.net\/es\/"},{"@type":"ListItem","position":2,"name":"Grupos y Bodas","item":"https:\/\/laspalomasresort.net\/es\/grupos-y-bodas\/"},{"@type":"ListItem","position":3,"name":"Bodas","item":"https:\/\/laspalomasresort.net\/es\/grupos-y-bodas\/bodas\/"},{"@type":"ListItem","position":4,"name":"Bodas Contacto"}]},{"@type":"WebSite","@id":"https:\/\/laspalomasresort.net\/es\/#website","url":"https:\/\/laspalomasresort.net\/es\/","name":"Las Palomas","description":"","potentialAction":[{"@type":"SearchAction","target":{"@type":"EntryPoint","urlTemplate":"https:\/\/laspalomasresort.net\/es\/?s={search_term_string}"},"query-input":{"@type":"PropertyValueSpecification","valueRequired":true,"valueName":"search_term_string"}}],"inLanguage":"es"}]}},"_links":{"self":[{"href":"https:\/\/laspalomasresort.net\/es\/wp-json\/wp\/v2\/pages\/15107","targetHints":{"allow":["GET"]}}],"collection":[{"href":"https:\/\/laspalomasresort.net\/es\/wp-json\/wp\/v2\/pages"}],"about":[{"href":"https:\/\/laspalomasresort.net\/es\/wp-json\/wp\/v2\/types\/page"}],"author":[{"embeddable":true,"href":"https:\/\/laspalomasresort.net\/es\/wp-json\/wp\/v2\/users\/2"}],"replies":[{"embeddable":true,"href":"https:\/\/laspalomasresort.net\/es\/wp-json\/wp\/v2\/comments?post=15107"}],"version-history":[{"count":0,"href":"https:\/\/laspalomasresort.net\/es\/wp-json\/wp\/v2\/pages\/15107\/revisions"}],"up":[{"embeddable":true,"href":"https:\/\/laspalomasresort.net\/es\/wp-json\/wp\/v2\/pages\/15118"}],"wp:attachment":[{"href":"https:\/\/laspalomasresort.net\/es\/wp-json\/wp\/v2\/media?parent=15107"}],"curies":[{"name":"wp","href":"https:\/\/api.w.org\/{rel}","templated":true}]}}