{"id":15106,"date":"2025-05-15T09:07:25","date_gmt":"2025-05-15T14:07:25","guid":{"rendered":"https:\/\/laspalomasresort.net\/como-llegar\/"},"modified":"2025-06-25T20:26:32","modified_gmt":"2025-06-26T01:26:32","slug":"getting-here","status":"publish","type":"page","link":"https:\/\/laspalomasresort.net\/es\/getting-here\/","title":{"rendered":"C\u00f3mo llegar"},"content":{"rendered":"\t\t<div data-elementor-type=\"wp-page\" data-elementor-id=\"15106\" class=\"elementor elementor-15106 elementor-14239\" data-elementor-post-type=\"page\">\n\t\t\t\t<div class=\"elementor-element elementor-element-aa61573 e-flex e-con-boxed e-con e-parent\" data-id=\"aa61573\" data-element_type=\"container\" data-e-type=\"container\" data-settings=\"{&quot;background_background&quot;:&quot;classic&quot;}\">\n\t\t\t\t\t<div class=\"e-con-inner\">\n\t\t\t\t<div class=\"elementor-element elementor-element-0467f6b elementor-widget elementor-widget-heading\" data-id=\"0467f6b\" data-element_type=\"widget\" data-e-type=\"widget\" data-widget_type=\"heading.default\">\n\t\t\t\t<div class=\"elementor-widget-container\">\n\t\t\t\t\t<h2 class=\"elementor-heading-title elementor-size-default\">C\u00f3mo llegar<\/h2>\t\t\t\t<\/div>\n\t\t\t\t<\/div>\n\t\t\t\t\t<\/div>\n\t\t\t\t<\/div>\n\t\t<div class=\"elementor-element elementor-element-f191973 e-flex e-con-boxed e-con e-parent\" data-id=\"f191973\" data-element_type=\"container\" data-e-type=\"container\">\n\t\t\t\t\t<div class=\"e-con-inner\">\n\t\t\t\t<div class=\"elementor-element elementor-element-e707a4f elementor-widget elementor-widget-heading\" data-id=\"e707a4f\" data-element_type=\"widget\" data-e-type=\"widget\" data-widget_type=\"heading.default\">\n\t\t\t\t<div class=\"elementor-widget-container\">\n\t\t\t\t\t<h2 class=\"elementor-heading-title elementor-size-default\">Tus vacaciones perfectas empiezan aqu\u00ed\n<\/h2>\t\t\t\t<\/div>\n\t\t\t\t<\/div>\n\t\t\t\t<div class=\"elementor-element elementor-element-5cf89e8 elementor-widget__width-initial elementor-widget elementor-widget-text-editor\" data-id=\"5cf89e8\" data-element_type=\"widget\" data-e-type=\"widget\" data-widget_type=\"text-editor.default\">\n\t\t\t\t<div class=\"elementor-widget-container\">\n\t\t\t\t\t\t\t\t\t<p><span style=\"font-weight: 400;\">Ubicado en el coraz\u00f3n de la zona hotelera de Sandy Beach en Puerto Pe\u00f1asco (Rocky Point), Sonora, M\u00e9xico, Las Palomas Beach &amp; Golf Resort ofrece una escapada de primer nivel frente al mar, a orillas del impresionante Mar de Cort\u00e9s. No importa c\u00f3mo llegues, en Las Palomas, llegar al para\u00edso es f\u00e1cil y sin complicaciones.<\/span><\/p>\t\t\t\t\t\t\t\t<\/div>\n\t\t\t\t<\/div>\n\t\t\t\t\t<\/div>\n\t\t\t\t<\/div>\n\t\t\t\t<section class=\"elementor-section elementor-top-section elementor-element elementor-element-e2e750b elementor-section-stretched elementor-section-content-middle elementor-section-boxed elementor-section-height-default elementor-section-height-default\" data-id=\"e2e750b\" data-element_type=\"section\" data-e-type=\"section\" data-settings=\"{&quot;stretch_section&quot;:&quot;section-stretched&quot;,&quot;background_background&quot;:&quot;classic&quot;}\">\n\t\t\t\t\t\t<div class=\"elementor-container elementor-column-gap-default\">\n\t\t\t\t\t<div class=\"elementor-column elementor-col-50 elementor-top-column elementor-element elementor-element-a8194f9\" data-id=\"a8194f9\" data-element_type=\"column\" data-e-type=\"column\">\n\t\t\t<div class=\"elementor-widget-wrap elementor-element-populated\">\n\t\t\t\t\t\t<div class=\"elementor-element elementor-element-ea009d4 elementor-widget elementor-widget-image\" data-id=\"ea009d4\" data-element_type=\"widget\" data-e-type=\"widget\" data-widget_type=\"image.default\">\n\t\t\t\t<div class=\"elementor-widget-container\">\n\t\t\t\t\t\t\t\t\t\t\t\t\t\t\t<img fetchpriority=\"high\" decoding=\"async\" width=\"560\" height=\"550\" src=\"https:\/\/laspalomasresort.net\/wp-content\/uploads\/2025\/05\/car-travel-1.jpg\" class=\"attachment-full size-full wp-image-14244\" alt=\"\" srcset=\"https:\/\/laspalomasresort.net\/wp-content\/uploads\/2025\/05\/car-travel-1.jpg 560w, https:\/\/laspalomasresort.net\/wp-content\/uploads\/2025\/05\/car-travel-1-300x295.jpg 300w\" sizes=\"(max-width: 560px) 100vw, 560px\" \/>\t\t\t\t\t\t\t\t\t\t\t\t\t\t\t<\/div>\n\t\t\t\t<\/div>\n\t\t\t\t\t<\/div>\n\t\t<\/div>\n\t\t\t\t<div class=\"elementor-column elementor-col-50 elementor-top-column elementor-element elementor-element-0328607\" data-id=\"0328607\" data-element_type=\"column\" data-e-type=\"column\">\n\t\t\t<div class=\"elementor-widget-wrap elementor-element-populated\">\n\t\t\t\t\t\t<div class=\"elementor-element elementor-element-e944b9f elementor-widget elementor-widget-heading\" data-id=\"e944b9f\" data-element_type=\"widget\" data-e-type=\"widget\" data-widget_type=\"heading.default\">\n\t\t\t\t<div class=\"elementor-widget-container\">\n\t\t\t\t\t<h2 class=\"elementor-heading-title elementor-size-default\">Viaja en auto<\/h2>\t\t\t\t<\/div>\n\t\t\t\t<\/div>\n\t\t\t\t<div class=\"elementor-element elementor-element-470dc77 elementor-widget elementor-widget-text-editor\" data-id=\"470dc77\" data-element_type=\"widget\" data-e-type=\"widget\" data-widget_type=\"text-editor.default\">\n\t\t\t\t<div class=\"elementor-widget-container\">\n\t\t\t\t\t\t\t\t\t<p><span style=\"font-weight: 400;\">Nos encontramos a solo 66 millas de la frontera con Lukeville, Arizona, a lo largo del \u00fanico corredor seguro certificado por el Departamento de Transporte de Arizona. Tambi\u00e9n estamos a una distancia accesible desde Calexico, California (187 millas) y San Diego, California (288 millas).<\/span><\/p>\t\t\t\t\t\t\t\t<\/div>\n\t\t\t\t<\/div>\n\t\t\t\t\t<\/div>\n\t\t<\/div>\n\t\t\t\t\t<\/div>\n\t\t<\/section>\n\t\t\t\t<section class=\"elementor-section elementor-top-section elementor-element elementor-element-4d9ce09 elementor-section-stretched elementor-section-content-middle elementor-reverse-mobile elementor-section-boxed elementor-section-height-default elementor-section-height-default\" data-id=\"4d9ce09\" data-element_type=\"section\" data-e-type=\"section\" data-settings=\"{&quot;stretch_section&quot;:&quot;section-stretched&quot;,&quot;background_background&quot;:&quot;classic&quot;}\">\n\t\t\t\t\t\t<div class=\"elementor-container elementor-column-gap-default\">\n\t\t\t\t\t<div class=\"elementor-column elementor-col-50 elementor-top-column elementor-element elementor-element-6b772d7\" data-id=\"6b772d7\" data-element_type=\"column\" data-e-type=\"column\">\n\t\t\t<div class=\"elementor-widget-wrap elementor-element-populated\">\n\t\t\t\t\t\t<div class=\"elementor-element elementor-element-b5e57b2 elementor-widget elementor-widget-heading\" data-id=\"b5e57b2\" data-element_type=\"widget\" data-e-type=\"widget\" data-widget_type=\"heading.default\">\n\t\t\t\t<div class=\"elementor-widget-container\">\n\t\t\t\t\t<h2 class=\"elementor-heading-title elementor-size-default\">Viaja en avi\u00f3n<\/h2>\t\t\t\t<\/div>\n\t\t\t\t<\/div>\n\t\t\t\t<div class=\"elementor-element elementor-element-e71e3e7 elementor-widget elementor-widget-text-editor\" data-id=\"e71e3e7\" data-element_type=\"widget\" data-e-type=\"widget\" data-widget_type=\"text-editor.default\">\n\t\t\t\t<div class=\"elementor-widget-container\">\n\t\t\t\t\t\t\t\t\t<p><span style=\"font-weight: 400;\">Hay vuelos disponibles a Puerto Pe\u00f1asco a trav\u00e9s de aerol\u00edneas regionales seleccionadas, con opciones de vuelos ch\u00e1rter y privados para mayor comodidad.<\/span><\/p>\t\t\t\t\t\t\t\t<\/div>\n\t\t\t\t<\/div>\n\t\t\t\t\t<\/div>\n\t\t<\/div>\n\t\t\t\t<div class=\"elementor-column elementor-col-50 elementor-top-column elementor-element elementor-element-9d1f655\" data-id=\"9d1f655\" data-element_type=\"column\" data-e-type=\"column\">\n\t\t\t<div class=\"elementor-widget-wrap elementor-element-populated\">\n\t\t\t\t\t\t<div class=\"elementor-element elementor-element-4b1af53 elementor-widget elementor-widget-image\" data-id=\"4b1af53\" data-element_type=\"widget\" data-e-type=\"widget\" data-widget_type=\"image.default\">\n\t\t\t\t<div class=\"elementor-widget-container\">\n\t\t\t\t\t\t\t\t\t\t\t\t\t\t\t<img decoding=\"async\" width=\"560\" height=\"550\" src=\"https:\/\/laspalomasresort.net\/wp-content\/uploads\/2025\/06\/puerto-penasco-travel-by-air-1.jpg\" class=\"attachment-full size-full wp-image-15603\" alt=\"\" srcset=\"https:\/\/laspalomasresort.net\/wp-content\/uploads\/2025\/06\/puerto-penasco-travel-by-air-1.jpg 560w, https:\/\/laspalomasresort.net\/wp-content\/uploads\/2025\/06\/puerto-penasco-travel-by-air-1-300x295.jpg 300w\" sizes=\"(max-width: 560px) 100vw, 560px\" \/>\t\t\t\t\t\t\t\t\t\t\t\t\t\t\t<\/div>\n\t\t\t\t<\/div>\n\t\t\t\t\t<\/div>\n\t\t<\/div>\n\t\t\t\t\t<\/div>\n\t\t<\/section>\n\t\t\t\t<\/div>\n\t\t","protected":false},"excerpt":{"rendered":"<p>C\u00f3mo llegar Tus vacaciones perfectas empiezan aqu\u00ed Ubicado en el coraz\u00f3n de la zona hotelera de Sandy Beach en Puerto Pe\u00f1asco (Rocky Point), Sonora, M\u00e9xico, Las Palomas Beach &amp; Golf Resort ofrece una escapada de primer nivel frente al mar, a orillas del impresionante Mar de Cort\u00e9s. No importa c\u00f3mo llegues, en Las Palomas, llegar [&hellip;]<\/p>\n","protected":false},"author":2,"featured_media":0,"parent":0,"menu_order":0,"comment_status":"closed","ping_status":"closed","template":"elementor_header_footer","meta":{"_acf_changed":false,"footnotes":""},"class_list":["post-15106","page","type-page","status-publish","hentry"],"acf":[],"yoast_head":"<!-- This site is optimized with the Yoast SEO plugin v27.4 - https:\/\/yoast.com\/product\/yoast-seo-wordpress\/ -->\n<title>C\u00f3mo llegar - Las Palomas<\/title>\n<meta name=\"robots\" content=\"index, follow, max-snippet:-1, max-image-preview:large, max-video-preview:-1\" \/>\n<link rel=\"canonical\" href=\"https:\/\/laspalomasresort.net\/es\/getting-here\/\" \/>\n<meta property=\"og:locale\" content=\"es_MX\" \/>\n<meta property=\"og:type\" content=\"article\" \/>\n<meta property=\"og:title\" content=\"C\u00f3mo llegar - Las Palomas\" \/>\n<meta property=\"og:description\" content=\"C\u00f3mo llegar Tus vacaciones perfectas empiezan aqu\u00ed Ubicado en el coraz\u00f3n de la zona hotelera de Sandy Beach en Puerto Pe\u00f1asco (Rocky Point), Sonora, M\u00e9xico, Las Palomas Beach &amp; Golf Resort ofrece una escapada de primer nivel frente al mar, a orillas del impresionante Mar de Cort\u00e9s. No importa c\u00f3mo llegues, en Las Palomas, llegar [&hellip;]\" \/>\n<meta property=\"og:url\" content=\"https:\/\/laspalomasresort.net\/es\/getting-here\/\" \/>\n<meta property=\"og:site_name\" content=\"Las Palomas\" \/>\n<meta property=\"article:modified_time\" content=\"2025-06-26T01:26:32+00:00\" \/>\n<meta property=\"og:image\" content=\"https:\/\/laspalomasresort.net\/wp-content\/uploads\/2025\/05\/car-travel-1.jpg\" \/>\n\t<meta property=\"og:image:width\" content=\"560\" \/>\n\t<meta property=\"og:image:height\" content=\"550\" \/>\n\t<meta property=\"og:image:type\" content=\"image\/jpeg\" \/>\n<meta name=\"twitter:card\" content=\"summary_large_image\" \/>\n<meta name=\"twitter:label1\" content=\"Est. reading time\" \/>\n\t<meta name=\"twitter:data1\" content=\"1 minuto\" \/>\n<script type=\"application\/ld+json\" class=\"yoast-schema-graph\">{\"@context\":\"https:\\\/\\\/schema.org\",\"@graph\":[{\"@type\":\"WebPage\",\"@id\":\"https:\\\/\\\/laspalomasresort.net\\\/es\\\/getting-here\\\/\",\"url\":\"https:\\\/\\\/laspalomasresort.net\\\/es\\\/getting-here\\\/\",\"name\":\"C\u00f3mo llegar - Las Palomas\",\"isPartOf\":{\"@id\":\"https:\\\/\\\/laspalomasresort.net\\\/es\\\/#website\"},\"primaryImageOfPage\":{\"@id\":\"https:\\\/\\\/laspalomasresort.net\\\/es\\\/getting-here\\\/#primaryimage\"},\"image\":{\"@id\":\"https:\\\/\\\/laspalomasresort.net\\\/es\\\/getting-here\\\/#primaryimage\"},\"thumbnailUrl\":\"https:\\\/\\\/laspalomasresort.net\\\/wp-content\\\/uploads\\\/2025\\\/05\\\/car-travel-1.jpg\",\"datePublished\":\"2025-05-15T14:07:25+00:00\",\"dateModified\":\"2025-06-26T01:26:32+00:00\",\"breadcrumb\":{\"@id\":\"https:\\\/\\\/laspalomasresort.net\\\/es\\\/getting-here\\\/#breadcrumb\"},\"inLanguage\":\"es\",\"potentialAction\":[{\"@type\":\"ReadAction\",\"target\":[\"https:\\\/\\\/laspalomasresort.net\\\/es\\\/getting-here\\\/\"]}]},{\"@type\":\"ImageObject\",\"inLanguage\":\"es\",\"@id\":\"https:\\\/\\\/laspalomasresort.net\\\/es\\\/getting-here\\\/#primaryimage\",\"url\":\"https:\\\/\\\/laspalomasresort.net\\\/wp-content\\\/uploads\\\/2025\\\/05\\\/car-travel-1.jpg\",\"contentUrl\":\"https:\\\/\\\/laspalomasresort.net\\\/wp-content\\\/uploads\\\/2025\\\/05\\\/car-travel-1.jpg\"},{\"@type\":\"BreadcrumbList\",\"@id\":\"https:\\\/\\\/laspalomasresort.net\\\/es\\\/getting-here\\\/#breadcrumb\",\"itemListElement\":[{\"@type\":\"ListItem\",\"position\":1,\"name\":\"Home\",\"item\":\"https:\\\/\\\/laspalomasresort.net\\\/es\\\/\"},{\"@type\":\"ListItem\",\"position\":2,\"name\":\"C\u00f3mo llegar\"}]},{\"@type\":\"WebSite\",\"@id\":\"https:\\\/\\\/laspalomasresort.net\\\/es\\\/#website\",\"url\":\"https:\\\/\\\/laspalomasresort.net\\\/es\\\/\",\"name\":\"Las Palomas\",\"description\":\"\",\"potentialAction\":[{\"@type\":\"SearchAction\",\"target\":{\"@type\":\"EntryPoint\",\"urlTemplate\":\"https:\\\/\\\/laspalomasresort.net\\\/es\\\/?s={search_term_string}\"},\"query-input\":{\"@type\":\"PropertyValueSpecification\",\"valueRequired\":true,\"valueName\":\"search_term_string\"}}],\"inLanguage\":\"es\"}]}<\/script>\n<!-- \/ Yoast SEO plugin. -->","yoast_head_json":{"title":"C\u00f3mo llegar - Las Palomas","robots":{"index":"index","follow":"follow","max-snippet":"max-snippet:-1","max-image-preview":"max-image-preview:large","max-video-preview":"max-video-preview:-1"},"canonical":"https:\/\/laspalomasresort.net\/es\/getting-here\/","og_locale":"es_MX","og_type":"article","og_title":"C\u00f3mo llegar - Las Palomas","og_description":"C\u00f3mo llegar Tus vacaciones perfectas empiezan aqu\u00ed Ubicado en el coraz\u00f3n de la zona hotelera de Sandy Beach en Puerto Pe\u00f1asco (Rocky Point), Sonora, M\u00e9xico, Las Palomas Beach &amp; Golf Resort ofrece una escapada de primer nivel frente al mar, a orillas del impresionante Mar de Cort\u00e9s. No importa c\u00f3mo llegues, en Las Palomas, llegar [&hellip;]","og_url":"https:\/\/laspalomasresort.net\/es\/getting-here\/","og_site_name":"Las Palomas","article_modified_time":"2025-06-26T01:26:32+00:00","og_image":[{"width":560,"height":550,"url":"https:\/\/laspalomasresort.net\/wp-content\/uploads\/2025\/05\/car-travel-1.jpg","type":"image\/jpeg"}],"twitter_card":"summary_large_image","twitter_misc":{"Est. reading time":"1 minuto"},"schema":{"@context":"https:\/\/schema.org","@graph":[{"@type":"WebPage","@id":"https:\/\/laspalomasresort.net\/es\/getting-here\/","url":"https:\/\/laspalomasresort.net\/es\/getting-here\/","name":"C\u00f3mo llegar - Las Palomas","isPartOf":{"@id":"https:\/\/laspalomasresort.net\/es\/#website"},"primaryImageOfPage":{"@id":"https:\/\/laspalomasresort.net\/es\/getting-here\/#primaryimage"},"image":{"@id":"https:\/\/laspalomasresort.net\/es\/getting-here\/#primaryimage"},"thumbnailUrl":"https:\/\/laspalomasresort.net\/wp-content\/uploads\/2025\/05\/car-travel-1.jpg","datePublished":"2025-05-15T14:07:25+00:00","dateModified":"2025-06-26T01:26:32+00:00","breadcrumb":{"@id":"https:\/\/laspalomasresort.net\/es\/getting-here\/#breadcrumb"},"inLanguage":"es","potentialAction":[{"@type":"ReadAction","target":["https:\/\/laspalomasresort.net\/es\/getting-here\/"]}]},{"@type":"ImageObject","inLanguage":"es","@id":"https:\/\/laspalomasresort.net\/es\/getting-here\/#primaryimage","url":"https:\/\/laspalomasresort.net\/wp-content\/uploads\/2025\/05\/car-travel-1.jpg","contentUrl":"https:\/\/laspalomasresort.net\/wp-content\/uploads\/2025\/05\/car-travel-1.jpg"},{"@type":"BreadcrumbList","@id":"https:\/\/laspalomasresort.net\/es\/getting-here\/#breadcrumb","itemListElement":[{"@type":"ListItem","position":1,"name":"Home","item":"https:\/\/laspalomasresort.net\/es\/"},{"@type":"ListItem","position":2,"name":"C\u00f3mo llegar"}]},{"@type":"WebSite","@id":"https:\/\/laspalomasresort.net\/es\/#website","url":"https:\/\/laspalomasresort.net\/es\/","name":"Las Palomas","description":"","potentialAction":[{"@type":"SearchAction","target":{"@type":"EntryPoint","urlTemplate":"https:\/\/laspalomasresort.net\/es\/?s={search_term_string}"},"query-input":{"@type":"PropertyValueSpecification","valueRequired":true,"valueName":"search_term_string"}}],"inLanguage":"es"}]}},"_links":{"self":[{"href":"https:\/\/laspalomasresort.net\/es\/wp-json\/wp\/v2\/pages\/15106","targetHints":{"allow":["GET"]}}],"collection":[{"href":"https:\/\/laspalomasresort.net\/es\/wp-json\/wp\/v2\/pages"}],"about":[{"href":"https:\/\/laspalomasresort.net\/es\/wp-json\/wp\/v2\/types\/page"}],"author":[{"embeddable":true,"href":"https:\/\/laspalomasresort.net\/es\/wp-json\/wp\/v2\/users\/2"}],"replies":[{"embeddable":true,"href":"https:\/\/laspalomasresort.net\/es\/wp-json\/wp\/v2\/comments?post=15106"}],"version-history":[{"count":0,"href":"https:\/\/laspalomasresort.net\/es\/wp-json\/wp\/v2\/pages\/15106\/revisions"}],"wp:attachment":[{"href":"https:\/\/laspalomasresort.net\/es\/wp-json\/wp\/v2\/media?parent=15106"}],"curies":[{"name":"wp","href":"https:\/\/api.w.org\/{rel}","templated":true}]}}